
{"id":9339,"date":"2016-11-03T10:12:24","date_gmt":"2016-11-03T15:12:24","guid":{"rendered":"http:\/\/www.farmtocafeteriacanada.ca\/fr\/?page_id=9339"},"modified":"2017-05-24T10:26:00","modified_gmt":"2017-05-24T15:26:00","slug":"galerie-de-photos-du-mois-de-la-ferme-a-lecole-2016","status":"publish","type":"page","link":"https:\/\/www.farmtocafeteriacanada.ca\/fr\/demarrer\/mois-de-la-ferme-a-lecole-au-canada\/galerie-de-photos-du-mois-de-la-ferme-a-lecole-2016\/","title":{"rendered":"Galerie de photos du Mois De la ferme \u00e0 l\u2019\u00e9cole 2016"},"content":{"rendered":"<h6 style=\"color: #222222;\"><img loading=\"lazy\" decoding=\"async\" class=\"aligncenter wp-image-9341 size-full\" src=\"http:\/\/www.farmtocafeteriacanada.ca\/wp-content\/uploads\/2016\/11\/f2sm2016_gallery_fr_slider.jpg\" width=\"1200\" height=\"480\" srcset=\"https:\/\/www.farmtocafeteriacanada.ca\/wp-content\/uploads\/2016\/11\/f2sm2016_gallery_fr_slider.jpg 1200w, https:\/\/www.farmtocafeteriacanada.ca\/wp-content\/uploads\/2016\/11\/f2sm2016_gallery_fr_slider-300x120.jpg 300w, https:\/\/www.farmtocafeteriacanada.ca\/wp-content\/uploads\/2016\/11\/f2sm2016_gallery_fr_slider-768x307.jpg 768w, https:\/\/www.farmtocafeteriacanada.ca\/wp-content\/uploads\/2016\/11\/f2sm2016_gallery_fr_slider-1024x410.jpg 1024w\" sizes=\"auto, (max-width: 1200px) 100vw, 1200px\" \/><\/h6>\n<h6 class=\"p1\"><span class=\"s1\"><span style=\"color: #008080;\">Dans le cadre de la troisi\u00e8me \u00e9dition annuelle du Mois De la ferme \u00e0 l\u2019\u00e9cole Canada,<\/span> de nombreuses activit\u00e9s d\u2019alimentation en milieu scolaire se sont d\u00e9roul\u00e9es partout au pays. Depuis Terre-Neuve-et-Labrador jusqu\u2019\u00e0 la c\u00f4te ouest de la Colombie-Britannique, des \u00e9l\u00e8ves ont r\u00e9colt\u00e9 les r\u00e9compenses de la culture de leur propre nourriture en savourant les fruits de leurs labeurs en classe et \u00e0 la caf\u00e9t\u00e9ria. Nous avons \u00e9t\u00e9 ravis de d\u00e9couvrir comment les enseignants et enseignantes ont int\u00e9gr\u00e9 des sujets comme \u00ab\u00a0comment cultiver son propre jardin\u00a0\u00bb, \u00ab\u00a0les retomb\u00e9es \u00e9conomiques de l\u2019agriculture\u00a0\u00bb et \u00ab\u00a0pourquoi les l\u00e9gumes du jardin sont-ils plus nutritifs que ceux du magasin\u00a0\u00bb dans leurs programmes d\u2019\u00e9tudes. Nous sommes tr\u00e8s fiers de nos \u00e9coles canadiennes et nous tenons \u00e0 vous remercier, tout un chacun, pour le merveilleux travail que vous accomplissez afin que les aliments sains locaux soient plus pr\u00e9sents dans l\u2019esprit et dans l\u2019assiette de vos \u00e9l\u00e8ves.<\/span><\/h6>\n<h3 class=\"p1\" style=\"text-align: center;\"><em><span class=\"s1\" style=\"color: #008080;\">Nous sommes heureux d\u2019annoncer les gagnants de nos subventions du Mois De la ferme \u00e0 l\u2019\u00e9cole Canada 2016!<\/span><\/em><\/h3>\n<div style=\"text-align: center;\">\n<h3 class=\"p1\"><strong>St. Bonaventure&#8217;s College,\u00a0St. John&#8217;s,\u00a0<span class=\"s1\">Terre-Neuve-et-Labrador<\/span><\/strong><\/h3>\n<h4 class=\"p1\"><span class=\"s1\" style=\"color: #008080;\">Une subvention servant \u00e0 faire participer les \u00e9l\u00e8ves \u00e0 des activit\u00e9s de culture, de pr\u00e9paration ou de conservation d\u2019aliments locaux \u00e0 l\u2019\u00e9cole.<br \/>\n<\/span>(valeur de 1 500 $)<\/h4>\n<figure id=\"attachment_9297\" aria-describedby=\"caption-attachment-9297\" style=\"width: 500px\" class=\"wp-caption aligncenter\"><img loading=\"lazy\" decoding=\"async\" class=\"wp-image-9297\" src=\"http:\/\/www.farmtocafeteriacanada.ca\/wp-content\/uploads\/2016\/11\/DSC_0207-e1480108451687-1024x534.jpg\" alt=\"St. Bonaventure's College, NL.\" width=\"500\" height=\"261\" srcset=\"https:\/\/www.farmtocafeteriacanada.ca\/wp-content\/uploads\/2016\/11\/DSC_0207-e1480108451687-1024x534.jpg 1024w, https:\/\/www.farmtocafeteriacanada.ca\/wp-content\/uploads\/2016\/11\/DSC_0207-e1480108451687-300x156.jpg 300w, https:\/\/www.farmtocafeteriacanada.ca\/wp-content\/uploads\/2016\/11\/DSC_0207-e1480108451687-768x400.jpg 768w\" sizes=\"auto, (max-width: 500px) 100vw, 500px\" \/><figcaption id=\"caption-attachment-9297\" class=\"wp-caption-text\"><em>St. Bonaventure&#8217;s College, Terre-Neuve-et-Labrador.<\/em><\/figcaption><\/figure>\n<\/div>\n<div style=\"text-align: center;\">\n<h6 class=\"p1\"><em><span class=\"s1\">L\u2019Action de gr\u00e2ce est une p\u00e9riode de l\u2019ann\u00e9e particuli\u00e8rement propice aux rassemblements de familles et d\u2019amis. Elle permet de resserrer les liens et de saisir l\u2019essence de la saison. Et rien ne t\u00e9moigne mieux de la saison automnale que la r\u00e9colte! \u00a0<\/span><\/em><strong><a href=\"https:\/\/www.farmtocafeteriacanada.ca\/fr\/2016\/11\/lecole-st-bonaventures-college-a-terre-neuve-et-labrador-figure-parmi-les-gagnants-du-mois-de-la-ferme-a-lecole-canada-2016\/\"><span class=\"s1\">Poursuivez votre lecture\u2026<\/span><\/a><\/strong><\/h6>\n<hr \/>\n<\/div>\n<div style=\"text-align: center;\">\n<h3 class=\"p1\"><strong>Oakwood Public School,\u00a0Oakville, Ontario<\/strong><\/h3>\n<h4 class=\"p1\"><span style=\"color: #008080;\"><span class=\"s1\">Une subvention servant \u00e0 accro\u00eetre la quantit\u00e9 d\u2019aliments locaux servis et consomm\u00e9s dans la caf\u00e9t\u00e9ria de l\u2019\u00e9cole.<br \/>\n<\/span><\/span>(valeur de 1 500 $)<\/h4>\n<figure id=\"attachment_9318\" aria-describedby=\"caption-attachment-9318\" style=\"width: 500px\" class=\"wp-caption aligncenter\"><img loading=\"lazy\" decoding=\"async\" class=\"wp-image-9318\" src=\"http:\/\/www.farmtocafeteriacanada.ca\/wp-content\/uploads\/2016\/11\/20161004_172446-1.jpg\" alt=\"Oakwood Public School, ON. Photo: Kaitlyn Visser\" width=\"500\" height=\"243\" \/><figcaption id=\"caption-attachment-9318\" class=\"wp-caption-text\"><em>Oakwood Public School, Ontario. Photo: Kaitlyn Visser<\/em><\/figcaption><\/figure>\n<\/div>\n<div style=\"text-align: center;\">\n<h6 class=\"p1\"><em><span class=\"s1\">Notre parcours d\u2019alimentation locale \u00e0 l\u2019\u00e9cole Oakwood Public School a commenc\u00e9 de mani\u00e8re assez inattendue \u00e0 l\u2019automne 2015. Nous nous \u00e9tions inscrits au programme de certification \u00c9coles saines de l\u2019OPEHA afin d\u2019am\u00e9liorer la sant\u00e9 et le bien-\u00eatre des \u00e9l\u00e8ves de notre \u00e9cole en g\u00e9n\u00e9ral.\u00a0<\/span><\/em><strong><a href=\"https:\/\/www.farmtocafeteriacanada.ca\/fr\/2016\/11\/lecole-oakwood-school-en-ontario-figure-parmi-les-gagnants-du-mois-de-la-ferme-a-lecole-canada-2016\/\">Poursuivez votre lecture\u2026<\/a><\/strong><\/h6>\n<hr \/>\n<\/div>\n<div style=\"text-align: center;\">\n<h3 class=\"p1\"><strong>Forest Grove Elementary, Burnaby,\u00a0<span class=\"s1\">Colombie-Britannique<\/span><\/strong><\/h3>\n<h4 class=\"p1\"><span class=\"s1\" style=\"color: #008080;\">Une subvention servant \u00e0 cr\u00e9er des liens entre les \u00e9l\u00e8ves et les producteurs d\u2019aliments locaux comme les agriculteurs, les jardiniers, les chefs, les boulangers, les fromagers, etc.<br \/>\n<\/span>(valeur de 1 500 $)<\/h4>\n<figure id=\"attachment_8921\" aria-describedby=\"caption-attachment-8921\" style=\"width: 500px\" class=\"wp-caption aligncenter\"><img loading=\"lazy\" decoding=\"async\" class=\"wp-image-8921\" src=\"http:\/\/www.farmtocafeteriacanada.ca\/wp-content\/uploads\/2016\/10\/DSC_6147-1024x684.jpg\" alt=\"Clare, Emily, Sarah, Casey, Mia. Forest Grove Elementary Students, BC.\" width=\"500\" height=\"334\" srcset=\"https:\/\/www.farmtocafeteriacanada.ca\/wp-content\/uploads\/2016\/10\/DSC_6147-1024x684.jpg 1024w, https:\/\/www.farmtocafeteriacanada.ca\/wp-content\/uploads\/2016\/10\/DSC_6147-300x200.jpg 300w, https:\/\/www.farmtocafeteriacanada.ca\/wp-content\/uploads\/2016\/10\/DSC_6147-768x513.jpg 768w\" sizes=\"auto, (max-width: 500px) 100vw, 500px\" \/><figcaption id=\"caption-attachment-8921\" class=\"wp-caption-text\"><em>Clare, Emily, Sarah, Casey, Mia. Forest Grove Elementary Students, Colombie-Britannique<\/em><\/figcaption><\/figure>\n<\/div>\n<div style=\"text-align: center;\">\n<h6 class=\"p1\"><em><span class=\"s1\">Du 3 au 7 octobre 2016, les \u00e9l\u00e8ves de l\u2019\u00e9cole Forest Grove Elementary ont particip\u00e9 \u00e0 plusieurs exp\u00e9riences \u00ab\u00a0de la semence \u00e0 la table\u00a0\u00bb. Entre autres, ceux de la maternelle et de la 1<\/span><span class=\"s2\"><sup>re<\/sup><\/span><span class=\"s1\">\u00a0ann\u00e9e ont visit\u00e9 leur jardin comestible et d\u00e9couvert tous les l\u00e9gumes qui y seraient r\u00e9colt\u00e9s en pr\u00e9vision de la rencontre communautaire du 7\u00a0octobre.\u00a0<\/span><\/em><strong><a href=\"https:\/\/www.farmtocafeteriacanada.ca\/fr\/2016\/11\/lecole-forest-grove-elementary-en-colombie-britannique-figure-parmi-les-gagnants-du-mois-de-la-ferme-a-lecole-canada-2016\/\">Poursuivez votre lecture\u2026<\/a><\/strong><\/h6>\n<\/div>\n<h4 class=\"p1\" style=\"text-align: center;\"><\/h4>\n<h4 class=\"p1\" style=\"text-align: center;\"><\/h4>\n<h4 class=\"p1\" style=\"text-align: center;\"><span style=\"color: #008080;\"><em><span class=\"s1\">Un gros merci aux \u00e9coles de partout au Canada qui ont particip\u00e9 au<br \/>\nMois De la ferme \u00e0 l\u2019\u00e9cole Canada 2016!<\/span><\/em><\/span><\/h4>\n<hr \/>\n<h3 style=\"text-align: center;\"><strong>Des histoires du Mois De la ferme \u00e0 l&#8217;\u00e9cole nous parviennent de partout au Canada!<\/strong><\/h3>\n<h6 class=\"null\" style=\"text-align: center;\"><a href=\"https:\/\/us9.admin.mailchimp.com\/campaigns\/show?id=1725257\">Cyberbulletin no 1 du Mois De la ferme \u00e0 l\u2019\u00e9cole Canada, le 7 octobre 2016<\/a><\/h6>\n<h6 style=\"text-align: center;\"><a href=\"https:\/\/us9.admin.mailchimp.com\/campaigns\/show?id=1743913\">Cyberbulletin n<sup>o<\/sup> 2 du Mois De la ferme \u00e0 l\u2019\u00e9cole Canada, le 24 octobre 2016<\/a><\/h6>\n<hr \/>\n<h3 style=\"text-align: center;\"><strong>Galerie de photos du Mois De la ferme \u00e0 l\u2019\u00e9cole 2016<\/strong><\/h3>\n","protected":false},"excerpt":{"rendered":"<p>Dans le cadre de la troisi\u00e8me \u00e9dition annuelle du Mois De la ferme \u00e0 l\u2019\u00e9cole Canada, de nombreuses activit\u00e9s d\u2019alimentation en milieu scolaire se sont d\u00e9roul\u00e9es partout au pays. Depuis Terre-Neuve-et-Labrador jusqu\u2019\u00e0 la c\u00f4te ouest de la Colombie-Britannique, des \u00e9l\u00e8ves ont r\u00e9colt\u00e9 les r\u00e9compenses de la culture de leur propre nourriture en savourant les fruits [&hellip;]<\/p>\n","protected":false},"author":3,"featured_media":0,"parent":13786,"menu_order":0,"comment_status":"closed","ping_status":"closed","template":"","meta":{"_acf_changed":false,"_exactmetrics_skip_tracking":false,"_exactmetrics_sitenote_active":false,"_exactmetrics_sitenote_note":"","_exactmetrics_sitenote_category":0,"footnotes":""},"class_list":["post-9339","page","type-page","status-publish","hentry"],"acf":[],"yoast_head":"<!-- This site is optimized with the Yoast SEO plugin v26.7 - https:\/\/yoast.com\/wordpress\/plugins\/seo\/ -->\n<title>Galerie de photos du Mois De la ferme \u00e0 l\u2019\u00e9cole 2016 - Farm to Cafeteria Canada<\/title>\n<meta name=\"robots\" content=\"index, follow, max-snippet:-1, max-image-preview:large, max-video-preview:-1\" \/>\n<link rel=\"canonical\" href=\"https:\/\/www.farmtocafeteriacanada.ca\/fr\/demarrer\/mois-de-la-ferme-a-lecole-au-canada\/galerie-de-photos-du-mois-de-la-ferme-a-lecole-2016\/\" \/>\n<meta property=\"og:locale\" content=\"fr_FR\" \/>\n<meta property=\"og:type\" content=\"article\" \/>\n<meta property=\"og:title\" content=\"Galerie de photos du Mois De la ferme \u00e0 l\u2019\u00e9cole 2016 - Farm to Cafeteria Canada\" \/>\n<meta property=\"og:description\" content=\"Dans le cadre de la troisi\u00e8me \u00e9dition annuelle du Mois De la ferme \u00e0 l\u2019\u00e9cole Canada, de nombreuses activit\u00e9s d\u2019alimentation en milieu scolaire se sont d\u00e9roul\u00e9es partout au pays. Depuis Terre-Neuve-et-Labrador jusqu\u2019\u00e0 la c\u00f4te ouest de la Colombie-Britannique, des \u00e9l\u00e8ves ont r\u00e9colt\u00e9 les r\u00e9compenses de la culture de leur propre nourriture en savourant les fruits [&hellip;]\" \/>\n<meta property=\"og:url\" content=\"https:\/\/www.farmtocafeteriacanada.ca\/fr\/demarrer\/mois-de-la-ferme-a-lecole-au-canada\/galerie-de-photos-du-mois-de-la-ferme-a-lecole-2016\/\" \/>\n<meta property=\"og:site_name\" content=\"Farm to Cafeteria Canada\" \/>\n<meta property=\"article:publisher\" content=\"https:\/\/www.facebook.com\/groups\/FarmtocafeteriaCanada\/\" \/>\n<meta property=\"article:modified_time\" content=\"2017-05-24T15:26:00+00:00\" \/>\n<meta property=\"og:image\" content=\"http:\/\/www.farmtocafeteriacanada.ca\/wp-content\/uploads\/2016\/11\/f2sm2016_gallery_fr_slider.jpg\" \/>\n<meta name=\"twitter:card\" content=\"summary_large_image\" \/>\n<meta name=\"twitter:site\" content=\"@Farm2Cafeteria\" \/>\n<meta name=\"twitter:label1\" content=\"Dur\u00e9e de lecture estim\u00e9e\" \/>\n\t<meta name=\"twitter:data1\" content=\"3 minutes\" \/>\n<script type=\"application\/ld+json\" class=\"yoast-schema-graph\">{\"@context\":\"https:\/\/schema.org\",\"@graph\":[{\"@type\":\"WebPage\",\"@id\":\"https:\/\/www.farmtocafeteriacanada.ca\/fr\/demarrer\/mois-de-la-ferme-a-lecole-au-canada\/galerie-de-photos-du-mois-de-la-ferme-a-lecole-2016\/\",\"url\":\"https:\/\/www.farmtocafeteriacanada.ca\/fr\/demarrer\/mois-de-la-ferme-a-lecole-au-canada\/galerie-de-photos-du-mois-de-la-ferme-a-lecole-2016\/\",\"name\":\"Galerie de photos du Mois De la ferme \u00e0 l\u2019\u00e9cole 2016 - Farm to Cafeteria Canada\",\"isPartOf\":{\"@id\":\"https:\/\/www.farmtocafeteriacanada.ca\/#website\"},\"primaryImageOfPage\":{\"@id\":\"https:\/\/www.farmtocafeteriacanada.ca\/fr\/demarrer\/mois-de-la-ferme-a-lecole-au-canada\/galerie-de-photos-du-mois-de-la-ferme-a-lecole-2016\/#primaryimage\"},\"image\":{\"@id\":\"https:\/\/www.farmtocafeteriacanada.ca\/fr\/demarrer\/mois-de-la-ferme-a-lecole-au-canada\/galerie-de-photos-du-mois-de-la-ferme-a-lecole-2016\/#primaryimage\"},\"thumbnailUrl\":\"http:\/\/www.farmtocafeteriacanada.ca\/wp-content\/uploads\/2016\/11\/f2sm2016_gallery_fr_slider.jpg\",\"datePublished\":\"2016-11-03T15:12:24+00:00\",\"dateModified\":\"2017-05-24T15:26:00+00:00\",\"breadcrumb\":{\"@id\":\"https:\/\/www.farmtocafeteriacanada.ca\/fr\/demarrer\/mois-de-la-ferme-a-lecole-au-canada\/galerie-de-photos-du-mois-de-la-ferme-a-lecole-2016\/#breadcrumb\"},\"inLanguage\":\"fr-FR\",\"potentialAction\":[{\"@type\":\"ReadAction\",\"target\":[\"https:\/\/www.farmtocafeteriacanada.ca\/fr\/demarrer\/mois-de-la-ferme-a-lecole-au-canada\/galerie-de-photos-du-mois-de-la-ferme-a-lecole-2016\/\"]}]},{\"@type\":\"ImageObject\",\"inLanguage\":\"fr-FR\",\"@id\":\"https:\/\/www.farmtocafeteriacanada.ca\/fr\/demarrer\/mois-de-la-ferme-a-lecole-au-canada\/galerie-de-photos-du-mois-de-la-ferme-a-lecole-2016\/#primaryimage\",\"url\":\"http:\/\/www.farmtocafeteriacanada.ca\/wp-content\/uploads\/2016\/11\/f2sm2016_gallery_fr_slider.jpg\",\"contentUrl\":\"http:\/\/www.farmtocafeteriacanada.ca\/wp-content\/uploads\/2016\/11\/f2sm2016_gallery_fr_slider.jpg\"},{\"@type\":\"BreadcrumbList\",\"@id\":\"https:\/\/www.farmtocafeteriacanada.ca\/fr\/demarrer\/mois-de-la-ferme-a-lecole-au-canada\/galerie-de-photos-du-mois-de-la-ferme-a-lecole-2016\/#breadcrumb\",\"itemListElement\":[{\"@type\":\"ListItem\",\"position\":1,\"name\":\"Home\",\"item\":\"https:\/\/www.farmtocafeteriacanada.ca\/fr\/accueil\/\"},{\"@type\":\"ListItem\",\"position\":2,\"name\":\"D\u00e9marrer\",\"item\":\"https:\/\/www.farmtocafeteriacanada.ca\/fr\/demarrer\/\"},{\"@type\":\"ListItem\",\"position\":3,\"name\":\"Mois de la ferme \u00e0 l&#8217;\u00e9cole au Canada\",\"item\":\"https:\/\/www.farmtocafeteriacanada.ca\/fr\/demarrer\/mois-de-la-ferme-a-lecole-au-canada\/\"},{\"@type\":\"ListItem\",\"position\":4,\"name\":\"Galerie de photos du Mois De la ferme \u00e0 l\u2019\u00e9cole 2016\"}]},{\"@type\":\"WebSite\",\"@id\":\"https:\/\/www.farmtocafeteriacanada.ca\/#website\",\"url\":\"https:\/\/www.farmtocafeteriacanada.ca\/\",\"name\":\"Farm to Cafeteria Canada\",\"description\":\"\",\"publisher\":{\"@id\":\"https:\/\/www.farmtocafeteriacanada.ca\/#organization\"},\"potentialAction\":[{\"@type\":\"SearchAction\",\"target\":{\"@type\":\"EntryPoint\",\"urlTemplate\":\"https:\/\/www.farmtocafeteriacanada.ca\/?s={search_term_string}\"},\"query-input\":{\"@type\":\"PropertyValueSpecification\",\"valueRequired\":true,\"valueName\":\"search_term_string\"}}],\"inLanguage\":\"fr-FR\"},{\"@type\":\"Organization\",\"@id\":\"https:\/\/www.farmtocafeteriacanada.ca\/#organization\",\"name\":\"Farm to Cafeteria Canada\",\"url\":\"https:\/\/www.farmtocafeteriacanada.ca\/\",\"logo\":{\"@type\":\"ImageObject\",\"inLanguage\":\"fr-FR\",\"@id\":\"https:\/\/www.farmtocafeteriacanada.ca\/#\/schema\/logo\/image\/\",\"url\":\"http:\/\/www.farmtocafeteriacanada.ca\/wp-content\/uploads\/2015\/03\/f2cc_logo_en2.png\",\"contentUrl\":\"http:\/\/www.farmtocafeteriacanada.ca\/wp-content\/uploads\/2015\/03\/f2cc_logo_en2.png\",\"width\":3000,\"height\":476,\"caption\":\"Farm to Cafeteria Canada\"},\"image\":{\"@id\":\"https:\/\/www.farmtocafeteriacanada.ca\/#\/schema\/logo\/image\/\"},\"sameAs\":[\"https:\/\/www.facebook.com\/groups\/FarmtocafeteriaCanada\/\",\"https:\/\/x.com\/Farm2Cafeteria\",\"https:\/\/www.youtube.com\/channel\/UCQjcYiICtAygShD3IwNsewQ\"]}]}<\/script>\n<!-- \/ Yoast SEO plugin. -->","yoast_head_json":{"title":"Galerie de photos du Mois De la ferme \u00e0 l\u2019\u00e9cole 2016 - Farm to Cafeteria Canada","robots":{"index":"index","follow":"follow","max-snippet":"max-snippet:-1","max-image-preview":"max-image-preview:large","max-video-preview":"max-video-preview:-1"},"canonical":"https:\/\/www.farmtocafeteriacanada.ca\/fr\/demarrer\/mois-de-la-ferme-a-lecole-au-canada\/galerie-de-photos-du-mois-de-la-ferme-a-lecole-2016\/","og_locale":"fr_FR","og_type":"article","og_title":"Galerie de photos du Mois De la ferme \u00e0 l\u2019\u00e9cole 2016 - Farm to Cafeteria Canada","og_description":"Dans le cadre de la troisi\u00e8me \u00e9dition annuelle du Mois De la ferme \u00e0 l\u2019\u00e9cole Canada, de nombreuses activit\u00e9s d\u2019alimentation en milieu scolaire se sont d\u00e9roul\u00e9es partout au pays. Depuis Terre-Neuve-et-Labrador jusqu\u2019\u00e0 la c\u00f4te ouest de la Colombie-Britannique, des \u00e9l\u00e8ves ont r\u00e9colt\u00e9 les r\u00e9compenses de la culture de leur propre nourriture en savourant les fruits [&hellip;]","og_url":"https:\/\/www.farmtocafeteriacanada.ca\/fr\/demarrer\/mois-de-la-ferme-a-lecole-au-canada\/galerie-de-photos-du-mois-de-la-ferme-a-lecole-2016\/","og_site_name":"Farm to Cafeteria Canada","article_publisher":"https:\/\/www.facebook.com\/groups\/FarmtocafeteriaCanada\/","article_modified_time":"2017-05-24T15:26:00+00:00","og_image":[{"url":"http:\/\/www.farmtocafeteriacanada.ca\/wp-content\/uploads\/2016\/11\/f2sm2016_gallery_fr_slider.jpg","type":"","width":"","height":""}],"twitter_card":"summary_large_image","twitter_site":"@Farm2Cafeteria","twitter_misc":{"Dur\u00e9e de lecture estim\u00e9e":"3 minutes"},"schema":{"@context":"https:\/\/schema.org","@graph":[{"@type":"WebPage","@id":"https:\/\/www.farmtocafeteriacanada.ca\/fr\/demarrer\/mois-de-la-ferme-a-lecole-au-canada\/galerie-de-photos-du-mois-de-la-ferme-a-lecole-2016\/","url":"https:\/\/www.farmtocafeteriacanada.ca\/fr\/demarrer\/mois-de-la-ferme-a-lecole-au-canada\/galerie-de-photos-du-mois-de-la-ferme-a-lecole-2016\/","name":"Galerie de photos du Mois De la ferme \u00e0 l\u2019\u00e9cole 2016 - Farm to Cafeteria Canada","isPartOf":{"@id":"https:\/\/www.farmtocafeteriacanada.ca\/#website"},"primaryImageOfPage":{"@id":"https:\/\/www.farmtocafeteriacanada.ca\/fr\/demarrer\/mois-de-la-ferme-a-lecole-au-canada\/galerie-de-photos-du-mois-de-la-ferme-a-lecole-2016\/#primaryimage"},"image":{"@id":"https:\/\/www.farmtocafeteriacanada.ca\/fr\/demarrer\/mois-de-la-ferme-a-lecole-au-canada\/galerie-de-photos-du-mois-de-la-ferme-a-lecole-2016\/#primaryimage"},"thumbnailUrl":"http:\/\/www.farmtocafeteriacanada.ca\/wp-content\/uploads\/2016\/11\/f2sm2016_gallery_fr_slider.jpg","datePublished":"2016-11-03T15:12:24+00:00","dateModified":"2017-05-24T15:26:00+00:00","breadcrumb":{"@id":"https:\/\/www.farmtocafeteriacanada.ca\/fr\/demarrer\/mois-de-la-ferme-a-lecole-au-canada\/galerie-de-photos-du-mois-de-la-ferme-a-lecole-2016\/#breadcrumb"},"inLanguage":"fr-FR","potentialAction":[{"@type":"ReadAction","target":["https:\/\/www.farmtocafeteriacanada.ca\/fr\/demarrer\/mois-de-la-ferme-a-lecole-au-canada\/galerie-de-photos-du-mois-de-la-ferme-a-lecole-2016\/"]}]},{"@type":"ImageObject","inLanguage":"fr-FR","@id":"https:\/\/www.farmtocafeteriacanada.ca\/fr\/demarrer\/mois-de-la-ferme-a-lecole-au-canada\/galerie-de-photos-du-mois-de-la-ferme-a-lecole-2016\/#primaryimage","url":"http:\/\/www.farmtocafeteriacanada.ca\/wp-content\/uploads\/2016\/11\/f2sm2016_gallery_fr_slider.jpg","contentUrl":"http:\/\/www.farmtocafeteriacanada.ca\/wp-content\/uploads\/2016\/11\/f2sm2016_gallery_fr_slider.jpg"},{"@type":"BreadcrumbList","@id":"https:\/\/www.farmtocafeteriacanada.ca\/fr\/demarrer\/mois-de-la-ferme-a-lecole-au-canada\/galerie-de-photos-du-mois-de-la-ferme-a-lecole-2016\/#breadcrumb","itemListElement":[{"@type":"ListItem","position":1,"name":"Home","item":"https:\/\/www.farmtocafeteriacanada.ca\/fr\/accueil\/"},{"@type":"ListItem","position":2,"name":"D\u00e9marrer","item":"https:\/\/www.farmtocafeteriacanada.ca\/fr\/demarrer\/"},{"@type":"ListItem","position":3,"name":"Mois de la ferme \u00e0 l&#8217;\u00e9cole au Canada","item":"https:\/\/www.farmtocafeteriacanada.ca\/fr\/demarrer\/mois-de-la-ferme-a-lecole-au-canada\/"},{"@type":"ListItem","position":4,"name":"Galerie de photos du Mois De la ferme \u00e0 l\u2019\u00e9cole 2016"}]},{"@type":"WebSite","@id":"https:\/\/www.farmtocafeteriacanada.ca\/#website","url":"https:\/\/www.farmtocafeteriacanada.ca\/","name":"Farm to Cafeteria Canada","description":"","publisher":{"@id":"https:\/\/www.farmtocafeteriacanada.ca\/#organization"},"potentialAction":[{"@type":"SearchAction","target":{"@type":"EntryPoint","urlTemplate":"https:\/\/www.farmtocafeteriacanada.ca\/?s={search_term_string}"},"query-input":{"@type":"PropertyValueSpecification","valueRequired":true,"valueName":"search_term_string"}}],"inLanguage":"fr-FR"},{"@type":"Organization","@id":"https:\/\/www.farmtocafeteriacanada.ca\/#organization","name":"Farm to Cafeteria Canada","url":"https:\/\/www.farmtocafeteriacanada.ca\/","logo":{"@type":"ImageObject","inLanguage":"fr-FR","@id":"https:\/\/www.farmtocafeteriacanada.ca\/#\/schema\/logo\/image\/","url":"http:\/\/www.farmtocafeteriacanada.ca\/wp-content\/uploads\/2015\/03\/f2cc_logo_en2.png","contentUrl":"http:\/\/www.farmtocafeteriacanada.ca\/wp-content\/uploads\/2015\/03\/f2cc_logo_en2.png","width":3000,"height":476,"caption":"Farm to Cafeteria Canada"},"image":{"@id":"https:\/\/www.farmtocafeteriacanada.ca\/#\/schema\/logo\/image\/"},"sameAs":["https:\/\/www.facebook.com\/groups\/FarmtocafeteriaCanada\/","https:\/\/x.com\/Farm2Cafeteria","https:\/\/www.youtube.com\/channel\/UCQjcYiICtAygShD3IwNsewQ"]}]}},"_links":{"self":[{"href":"https:\/\/www.farmtocafeteriacanada.ca\/fr\/wp-json\/wp\/v2\/pages\/9339","targetHints":{"allow":["GET"]}}],"collection":[{"href":"https:\/\/www.farmtocafeteriacanada.ca\/fr\/wp-json\/wp\/v2\/pages"}],"about":[{"href":"https:\/\/www.farmtocafeteriacanada.ca\/fr\/wp-json\/wp\/v2\/types\/page"}],"author":[{"embeddable":true,"href":"https:\/\/www.farmtocafeteriacanada.ca\/fr\/wp-json\/wp\/v2\/users\/3"}],"replies":[{"embeddable":true,"href":"https:\/\/www.farmtocafeteriacanada.ca\/fr\/wp-json\/wp\/v2\/comments?post=9339"}],"version-history":[{"count":11,"href":"https:\/\/www.farmtocafeteriacanada.ca\/fr\/wp-json\/wp\/v2\/pages\/9339\/revisions"}],"predecessor-version":[{"id":9873,"href":"https:\/\/www.farmtocafeteriacanada.ca\/fr\/wp-json\/wp\/v2\/pages\/9339\/revisions\/9873"}],"up":[{"embeddable":true,"href":"https:\/\/www.farmtocafeteriacanada.ca\/fr\/wp-json\/wp\/v2\/pages\/13786"}],"wp:attachment":[{"href":"https:\/\/www.farmtocafeteriacanada.ca\/fr\/wp-json\/wp\/v2\/media?parent=9339"}],"curies":[{"name":"wp","href":"https:\/\/api.w.org\/{rel}","templated":true}]}}