
{"id":25620,"date":"2021-10-01T09:00:31","date_gmt":"2021-10-01T14:00:31","guid":{"rendered":"http:\/\/www.farmtocafeteriacanada.ca\/?page_id=25620"},"modified":"2021-09-30T15:41:23","modified_gmt":"2021-09-30T20:41:23","slug":"liste-de-ressources-pour-lapprentissage-axe-sur-la-terre","status":"publish","type":"page","link":"https:\/\/www.farmtocafeteriacanada.ca\/fr\/liste-de-ressources-pour-lapprentissage-axe-sur-la-terre\/","title":{"rendered":"Liste de ressources pour l\u2019apprentissage ax\u00e9 sur la terre"},"content":{"rendered":"<h4><b>Mois De la ferme \u00e0 l\u2019\u00e9cole au Canada 2021<\/b><\/h4>\n<h5><strong>L\u2019enseignement sur notre syst\u00e8me alimentaire local doit \u00eatre li\u00e9 \u00e0 la terre, ainsi qu\u2019aux histoires et aux r\u00e9cits de cette derni\u00e8re. L\u2019apprentissage ax\u00e9 sur la terre comprend l\u2019apprentissage \u00e0 partir de la terre et de l\u2019eau, ainsi que la compr\u00e9hension et le renforcement de nos relations avec elles. De la ferme \u00e0 l\u2019\u00e9cole est inextricablement li\u00e9 aux pratiques d\u2019apprentissage ax\u00e9 sur la terre : l\u2019apprentissage ax\u00e9 sur la terre, en tant qu\u2019approche exp\u00e9rimentale, nous aide \u00e0 entretenir des liens avec les aliments et \u00e0 comprendre comment nous nous maintenons en vie. L\u2019apprentissage ax\u00e9 sur la terre est enracin\u00e9 dans les enseignements et les visions du monde autochtone, ce qui doit \u00eatre reconnu chaque fois que cette approche est utilis\u00e9e. Apprenez-en davantage.\u00a0<\/strong><\/h5>\n<p><span style=\"font-weight: 400;\">La liste de ressources suivante comprend de courtes vid\u00e9os inspirantes, des bo\u00eetes \u00e0 outils compl\u00e8tes et des activit\u00e9s pratiques. Elle a \u00e9t\u00e9 compil\u00e9e dans le cadre du Mois De la ferme \u00e0 l\u2019\u00e9cole 2021 afin d\u2019inciter les communaut\u00e9s scolaires \u00e0 explorer l\u2019apprentissage ax\u00e9 sur la terre et \u00e0 l\u2019int\u00e9grer dans leur pratique.<\/span><\/p>\n<p><em><span style=\"font-weight: 400;\">Veuillez noter que la plupart de ces ressources sont en anglais. Bien que nous ayons essay\u00e9 de trouver des ressources en fran\u00e7ais et en langues autochtones, nous n\u2019avons pas pu en trouver beaucoup. Si vous connaissez des ressources d\u2019apprentissage ax\u00e9 sur la terre en fran\u00e7ais ou dans une langue autochtone, veuillez nous en communiquer le nom ou le lien \u00e0 info@farmtocafeteria.ca, pour que nous puissions les partager \u00e0 notre r\u00e9seau.<\/span><\/em><\/p>\n","protected":false},"excerpt":{"rendered":"<p>Mois De la ferme \u00e0 l\u2019\u00e9cole au Canada 2021 L\u2019enseignement sur notre syst\u00e8me alimentaire local doit \u00eatre li\u00e9 \u00e0 la terre, ainsi qu\u2019aux histoires et aux r\u00e9cits de cette derni\u00e8re. L\u2019apprentissage ax\u00e9 sur la terre comprend l\u2019apprentissage \u00e0 partir de la terre et de l\u2019eau, ainsi que la compr\u00e9hension et le renforcement de nos relations [&hellip;]<\/p>\n","protected":false},"author":3,"featured_media":0,"parent":0,"menu_order":0,"comment_status":"closed","ping_status":"closed","template":"","meta":{"_acf_changed":false,"_exactmetrics_skip_tracking":false,"_exactmetrics_sitenote_active":false,"_exactmetrics_sitenote_note":"","_exactmetrics_sitenote_category":0,"footnotes":""},"class_list":["post-25620","page","type-page","status-publish","hentry"],"acf":[],"yoast_head":"<!-- This site is optimized with the Yoast SEO plugin v26.7 - https:\/\/yoast.com\/wordpress\/plugins\/seo\/ -->\n<title>Liste de ressources pour l\u2019apprentissage ax\u00e9 sur la terre - Farm to Cafeteria Canada<\/title>\n<meta name=\"robots\" content=\"index, follow, max-snippet:-1, max-image-preview:large, max-video-preview:-1\" \/>\n<link rel=\"canonical\" href=\"https:\/\/www.farmtocafeteriacanada.ca\/land-based-learning-resources-list\/\" \/>\n<meta property=\"og:locale\" content=\"fr_FR\" \/>\n<meta property=\"og:type\" content=\"article\" \/>\n<meta property=\"og:title\" content=\"Liste de ressources pour l\u2019apprentissage ax\u00e9 sur la terre - Farm to Cafeteria Canada\" \/>\n<meta property=\"og:description\" content=\"Mois De la ferme \u00e0 l\u2019\u00e9cole au Canada 2021 L\u2019enseignement sur notre syst\u00e8me alimentaire local doit \u00eatre li\u00e9 \u00e0 la terre, ainsi qu\u2019aux histoires et aux r\u00e9cits de cette derni\u00e8re. L\u2019apprentissage ax\u00e9 sur la terre comprend l\u2019apprentissage \u00e0 partir de la terre et de l\u2019eau, ainsi que la compr\u00e9hension et le renforcement de nos relations [&hellip;]\" \/>\n<meta property=\"og:url\" content=\"https:\/\/www.farmtocafeteriacanada.ca\/land-based-learning-resources-list\/\" \/>\n<meta property=\"og:site_name\" content=\"Farm to Cafeteria Canada\" \/>\n<meta property=\"article:publisher\" content=\"https:\/\/www.facebook.com\/groups\/FarmtocafeteriaCanada\/\" \/>\n<meta property=\"og:image\" content=\"https:\/\/www.farmtocafeteriacanada.ca\/wp-content\/uploads\/2012\/11\/f2cc_logo.png\" \/>\n\t<meta property=\"og:image:width\" content=\"3000\" \/>\n\t<meta property=\"og:image:height\" content=\"476\" \/>\n\t<meta property=\"og:image:type\" content=\"image\/png\" \/>\n<meta name=\"twitter:card\" content=\"summary_large_image\" \/>\n<meta name=\"twitter:site\" content=\"@Farm2Cafeteria\" \/>\n<meta name=\"twitter:label1\" content=\"Dur\u00e9e de lecture estim\u00e9e\" \/>\n\t<meta name=\"twitter:data1\" content=\"2 minutes\" \/>\n<script type=\"application\/ld+json\" class=\"yoast-schema-graph\">{\"@context\":\"https:\/\/schema.org\",\"@graph\":[{\"@type\":\"WebPage\",\"@id\":\"https:\/\/www.farmtocafeteriacanada.ca\/land-based-learning-resources-list\/\",\"url\":\"https:\/\/www.farmtocafeteriacanada.ca\/land-based-learning-resources-list\/\",\"name\":\"Liste de ressources pour l\u2019apprentissage ax\u00e9 sur la terre - Farm to Cafeteria Canada\",\"isPartOf\":{\"@id\":\"https:\/\/www.farmtocafeteriacanada.ca\/#website\"},\"datePublished\":\"2021-10-01T14:00:31+00:00\",\"breadcrumb\":{\"@id\":\"https:\/\/www.farmtocafeteriacanada.ca\/land-based-learning-resources-list\/#breadcrumb\"},\"inLanguage\":\"fr-FR\",\"potentialAction\":[{\"@type\":\"ReadAction\",\"target\":[\"https:\/\/www.farmtocafeteriacanada.ca\/land-based-learning-resources-list\/\"]}]},{\"@type\":\"BreadcrumbList\",\"@id\":\"https:\/\/www.farmtocafeteriacanada.ca\/land-based-learning-resources-list\/#breadcrumb\",\"itemListElement\":[{\"@type\":\"ListItem\",\"position\":1,\"name\":\"Home\",\"item\":\"https:\/\/www.farmtocafeteriacanada.ca\/fr\/accueil\/\"},{\"@type\":\"ListItem\",\"position\":2,\"name\":\"Liste de ressources pour l\u2019apprentissage ax\u00e9 sur la terre\"}]},{\"@type\":\"WebSite\",\"@id\":\"https:\/\/www.farmtocafeteriacanada.ca\/#website\",\"url\":\"https:\/\/www.farmtocafeteriacanada.ca\/\",\"name\":\"Farm to Cafeteria Canada\",\"description\":\"\",\"publisher\":{\"@id\":\"https:\/\/www.farmtocafeteriacanada.ca\/#organization\"},\"potentialAction\":[{\"@type\":\"SearchAction\",\"target\":{\"@type\":\"EntryPoint\",\"urlTemplate\":\"https:\/\/www.farmtocafeteriacanada.ca\/?s={search_term_string}\"},\"query-input\":{\"@type\":\"PropertyValueSpecification\",\"valueRequired\":true,\"valueName\":\"search_term_string\"}}],\"inLanguage\":\"fr-FR\"},{\"@type\":\"Organization\",\"@id\":\"https:\/\/www.farmtocafeteriacanada.ca\/#organization\",\"name\":\"Farm to Cafeteria Canada\",\"url\":\"https:\/\/www.farmtocafeteriacanada.ca\/\",\"logo\":{\"@type\":\"ImageObject\",\"inLanguage\":\"fr-FR\",\"@id\":\"https:\/\/www.farmtocafeteriacanada.ca\/#\/schema\/logo\/image\/\",\"url\":\"http:\/\/www.farmtocafeteriacanada.ca\/wp-content\/uploads\/2015\/03\/f2cc_logo_en2.png\",\"contentUrl\":\"http:\/\/www.farmtocafeteriacanada.ca\/wp-content\/uploads\/2015\/03\/f2cc_logo_en2.png\",\"width\":3000,\"height\":476,\"caption\":\"Farm to Cafeteria Canada\"},\"image\":{\"@id\":\"https:\/\/www.farmtocafeteriacanada.ca\/#\/schema\/logo\/image\/\"},\"sameAs\":[\"https:\/\/www.facebook.com\/groups\/FarmtocafeteriaCanada\/\",\"https:\/\/x.com\/Farm2Cafeteria\",\"https:\/\/www.youtube.com\/channel\/UCQjcYiICtAygShD3IwNsewQ\"]}]}<\/script>\n<!-- \/ Yoast SEO plugin. -->","yoast_head_json":{"title":"Liste de ressources pour l\u2019apprentissage ax\u00e9 sur la terre - Farm to Cafeteria Canada","robots":{"index":"index","follow":"follow","max-snippet":"max-snippet:-1","max-image-preview":"max-image-preview:large","max-video-preview":"max-video-preview:-1"},"canonical":"https:\/\/www.farmtocafeteriacanada.ca\/land-based-learning-resources-list\/","og_locale":"fr_FR","og_type":"article","og_title":"Liste de ressources pour l\u2019apprentissage ax\u00e9 sur la terre - Farm to Cafeteria Canada","og_description":"Mois De la ferme \u00e0 l\u2019\u00e9cole au Canada 2021 L\u2019enseignement sur notre syst\u00e8me alimentaire local doit \u00eatre li\u00e9 \u00e0 la terre, ainsi qu\u2019aux histoires et aux r\u00e9cits de cette derni\u00e8re. L\u2019apprentissage ax\u00e9 sur la terre comprend l\u2019apprentissage \u00e0 partir de la terre et de l\u2019eau, ainsi que la compr\u00e9hension et le renforcement de nos relations [&hellip;]","og_url":"https:\/\/www.farmtocafeteriacanada.ca\/land-based-learning-resources-list\/","og_site_name":"Farm to Cafeteria Canada","article_publisher":"https:\/\/www.facebook.com\/groups\/FarmtocafeteriaCanada\/","og_image":[{"width":3000,"height":476,"url":"https:\/\/www.farmtocafeteriacanada.ca\/wp-content\/uploads\/2012\/11\/f2cc_logo.png","type":"image\/png"}],"twitter_card":"summary_large_image","twitter_site":"@Farm2Cafeteria","twitter_misc":{"Dur\u00e9e de lecture estim\u00e9e":"2 minutes"},"schema":{"@context":"https:\/\/schema.org","@graph":[{"@type":"WebPage","@id":"https:\/\/www.farmtocafeteriacanada.ca\/land-based-learning-resources-list\/","url":"https:\/\/www.farmtocafeteriacanada.ca\/land-based-learning-resources-list\/","name":"Liste de ressources pour l\u2019apprentissage ax\u00e9 sur la terre - Farm to Cafeteria Canada","isPartOf":{"@id":"https:\/\/www.farmtocafeteriacanada.ca\/#website"},"datePublished":"2021-10-01T14:00:31+00:00","breadcrumb":{"@id":"https:\/\/www.farmtocafeteriacanada.ca\/land-based-learning-resources-list\/#breadcrumb"},"inLanguage":"fr-FR","potentialAction":[{"@type":"ReadAction","target":["https:\/\/www.farmtocafeteriacanada.ca\/land-based-learning-resources-list\/"]}]},{"@type":"BreadcrumbList","@id":"https:\/\/www.farmtocafeteriacanada.ca\/land-based-learning-resources-list\/#breadcrumb","itemListElement":[{"@type":"ListItem","position":1,"name":"Home","item":"https:\/\/www.farmtocafeteriacanada.ca\/fr\/accueil\/"},{"@type":"ListItem","position":2,"name":"Liste de ressources pour l\u2019apprentissage ax\u00e9 sur la terre"}]},{"@type":"WebSite","@id":"https:\/\/www.farmtocafeteriacanada.ca\/#website","url":"https:\/\/www.farmtocafeteriacanada.ca\/","name":"Farm to Cafeteria Canada","description":"","publisher":{"@id":"https:\/\/www.farmtocafeteriacanada.ca\/#organization"},"potentialAction":[{"@type":"SearchAction","target":{"@type":"EntryPoint","urlTemplate":"https:\/\/www.farmtocafeteriacanada.ca\/?s={search_term_string}"},"query-input":{"@type":"PropertyValueSpecification","valueRequired":true,"valueName":"search_term_string"}}],"inLanguage":"fr-FR"},{"@type":"Organization","@id":"https:\/\/www.farmtocafeteriacanada.ca\/#organization","name":"Farm to Cafeteria Canada","url":"https:\/\/www.farmtocafeteriacanada.ca\/","logo":{"@type":"ImageObject","inLanguage":"fr-FR","@id":"https:\/\/www.farmtocafeteriacanada.ca\/#\/schema\/logo\/image\/","url":"http:\/\/www.farmtocafeteriacanada.ca\/wp-content\/uploads\/2015\/03\/f2cc_logo_en2.png","contentUrl":"http:\/\/www.farmtocafeteriacanada.ca\/wp-content\/uploads\/2015\/03\/f2cc_logo_en2.png","width":3000,"height":476,"caption":"Farm to Cafeteria Canada"},"image":{"@id":"https:\/\/www.farmtocafeteriacanada.ca\/#\/schema\/logo\/image\/"},"sameAs":["https:\/\/www.facebook.com\/groups\/FarmtocafeteriaCanada\/","https:\/\/x.com\/Farm2Cafeteria","https:\/\/www.youtube.com\/channel\/UCQjcYiICtAygShD3IwNsewQ"]}]}},"_links":{"self":[{"href":"https:\/\/www.farmtocafeteriacanada.ca\/fr\/wp-json\/wp\/v2\/pages\/25620","targetHints":{"allow":["GET"]}}],"collection":[{"href":"https:\/\/www.farmtocafeteriacanada.ca\/fr\/wp-json\/wp\/v2\/pages"}],"about":[{"href":"https:\/\/www.farmtocafeteriacanada.ca\/fr\/wp-json\/wp\/v2\/types\/page"}],"author":[{"embeddable":true,"href":"https:\/\/www.farmtocafeteriacanada.ca\/fr\/wp-json\/wp\/v2\/users\/3"}],"replies":[{"embeddable":true,"href":"https:\/\/www.farmtocafeteriacanada.ca\/fr\/wp-json\/wp\/v2\/comments?post=25620"}],"version-history":[{"count":3,"href":"https:\/\/www.farmtocafeteriacanada.ca\/fr\/wp-json\/wp\/v2\/pages\/25620\/revisions"}],"predecessor-version":[{"id":25654,"href":"https:\/\/www.farmtocafeteriacanada.ca\/fr\/wp-json\/wp\/v2\/pages\/25620\/revisions\/25654"}],"wp:attachment":[{"href":"https:\/\/www.farmtocafeteriacanada.ca\/fr\/wp-json\/wp\/v2\/media?parent=25620"}],"curies":[{"name":"wp","href":"https:\/\/api.w.org\/{rel}","templated":true}]}}