
{"id":16634,"date":"2019-10-04T12:45:04","date_gmt":"2019-10-04T17:45:04","guid":{"rendered":"http:\/\/www.farmtocafeteriacanada.ca\/?page_id=16634"},"modified":"2021-08-31T15:57:02","modified_gmt":"2021-08-31T20:57:02","slug":"galerie-de-photos-du-mois-de-la-ferme-a-lecole-canada-2019","status":"publish","type":"page","link":"https:\/\/www.farmtocafeteriacanada.ca\/fr\/demarrer\/mois-de-la-ferme-a-lecole-au-canada\/galerie-de-photos-du-mois-de-la-ferme-a-lecole-canada-2019\/","title":{"rendered":"Galerie de photos du Mois De la ferme \u00e0 l\u2019\u00e9cole Canada 2019"},"content":{"rendered":"<h3 style=\"text-align: center;\"><em>&#8220;<\/em><span class=\"s1\"><b>Bon pour nous et notre plan\u00e8te<\/b><\/span><em>&#8220;<\/em><\/h3>\n<h4 style=\"text-align: center;\"><span style=\"color: #a71e38;\"><strong>nous sauvons la plan\u00e9te em stoppant le gaspillage alimentaire<\/strong><\/span><\/h4>\n<p style=\"text-align: center;\"><strong><a href=\"https:\/\/www.farmtocafeteriacanada.ca\/fr\/demarrer\/mois-de-la-ferme-a-lecole-au-canada\/bon-pour-nous-et-notre-planete-liste-de-ressources\/\" target=\"_blank\" rel=\"noopener\">&#8212;&gt; Consultez la liste des ressources de Bon pour nous et notre plan\u00e8te ! &lt;&#8212;<\/a><\/strong><\/p>\n<h5 class=\"p1\" style=\"text-align: center;\">Nous encourageons les \u00e9l\u00e8ves et les \u00e9tudiants de tout \u00e2ge \u00e0 \u00e9liminer le gaspillage alimentaire \u00e0 la maison, \u00e0 l\u2019\u00e9cole et dans la communaut\u00e9; ils feront ainsi un choix sant\u00e9 pour eux-m\u00eames et pour la plan\u00e8te!<\/h5>\n<h5 style=\"text-align: center;\"><strong>Voici ce qu&#8217;ils ont partag\u00e9&#8230;<\/strong><\/h5>\n","protected":false},"excerpt":{"rendered":"<p>&#8220;Bon pour nous et notre plan\u00e8te&#8220; nous sauvons la plan\u00e9te em stoppant le gaspillage alimentaire &#8212;&gt; Consultez la liste des ressources de Bon pour nous et notre plan\u00e8te ! &lt;&#8212; Nous encourageons les \u00e9l\u00e8ves et les \u00e9tudiants de tout \u00e2ge \u00e0 \u00e9liminer le gaspillage alimentaire \u00e0 la maison, \u00e0 l\u2019\u00e9cole et dans la communaut\u00e9; ils [&hellip;]<\/p>\n","protected":false},"author":3,"featured_media":0,"parent":13786,"menu_order":0,"comment_status":"closed","ping_status":"closed","template":"","meta":{"_acf_changed":false,"_exactmetrics_skip_tracking":false,"_exactmetrics_sitenote_active":false,"_exactmetrics_sitenote_note":"","_exactmetrics_sitenote_category":0,"footnotes":""},"class_list":["post-16634","page","type-page","status-publish","hentry"],"acf":[],"yoast_head":"<!-- This site is optimized with the Yoast SEO plugin v26.7 - https:\/\/yoast.com\/wordpress\/plugins\/seo\/ -->\n<title>Galerie de photos du Mois De la ferme \u00e0 l\u2019\u00e9cole Canada 2019 - Farm to Cafeteria Canada<\/title>\n<meta name=\"robots\" content=\"index, follow, max-snippet:-1, max-image-preview:large, max-video-preview:-1\" \/>\n<link rel=\"canonical\" href=\"https:\/\/www.farmtocafeteriacanada.ca\/fr\/demarrer\/mois-de-la-ferme-a-lecole-au-canada\/galerie-de-photos-du-mois-de-la-ferme-a-lecole-canada-2019\/\" \/>\n<meta property=\"og:locale\" content=\"fr_FR\" \/>\n<meta property=\"og:type\" content=\"article\" \/>\n<meta property=\"og:title\" content=\"Galerie de photos du Mois De la ferme \u00e0 l\u2019\u00e9cole Canada 2019 - Farm to Cafeteria Canada\" \/>\n<meta property=\"og:description\" content=\"&#8220;Bon pour nous et notre plan\u00e8te&#8220; nous sauvons la plan\u00e9te em stoppant le gaspillage alimentaire &#8212;&gt; Consultez la liste des ressources de Bon pour nous et notre plan\u00e8te ! &lt;&#8212; Nous encourageons les \u00e9l\u00e8ves et les \u00e9tudiants de tout \u00e2ge \u00e0 \u00e9liminer le gaspillage alimentaire \u00e0 la maison, \u00e0 l\u2019\u00e9cole et dans la communaut\u00e9; ils [&hellip;]\" \/>\n<meta property=\"og:url\" content=\"https:\/\/www.farmtocafeteriacanada.ca\/fr\/demarrer\/mois-de-la-ferme-a-lecole-au-canada\/galerie-de-photos-du-mois-de-la-ferme-a-lecole-canada-2019\/\" \/>\n<meta property=\"og:site_name\" content=\"Farm to Cafeteria Canada\" \/>\n<meta property=\"article:publisher\" content=\"https:\/\/www.facebook.com\/groups\/FarmtocafeteriaCanada\/\" \/>\n<meta property=\"article:modified_time\" content=\"2021-08-31T20:57:02+00:00\" \/>\n<meta property=\"og:image\" content=\"https:\/\/www.farmtocafeteriacanada.ca\/wp-content\/uploads\/2012\/11\/f2cc_logo.png\" \/>\n\t<meta property=\"og:image:width\" content=\"3000\" \/>\n\t<meta property=\"og:image:height\" content=\"476\" \/>\n\t<meta property=\"og:image:type\" content=\"image\/png\" \/>\n<meta name=\"twitter:card\" content=\"summary_large_image\" \/>\n<meta name=\"twitter:site\" content=\"@Farm2Cafeteria\" \/>\n<meta name=\"twitter:label1\" content=\"Dur\u00e9e de lecture estim\u00e9e\" \/>\n\t<meta name=\"twitter:data1\" content=\"1 minute\" \/>\n<script type=\"application\/ld+json\" class=\"yoast-schema-graph\">{\"@context\":\"https:\/\/schema.org\",\"@graph\":[{\"@type\":\"WebPage\",\"@id\":\"https:\/\/www.farmtocafeteriacanada.ca\/fr\/demarrer\/mois-de-la-ferme-a-lecole-au-canada\/galerie-de-photos-du-mois-de-la-ferme-a-lecole-canada-2019\/\",\"url\":\"https:\/\/www.farmtocafeteriacanada.ca\/fr\/demarrer\/mois-de-la-ferme-a-lecole-au-canada\/galerie-de-photos-du-mois-de-la-ferme-a-lecole-canada-2019\/\",\"name\":\"Galerie de photos du Mois De la ferme \u00e0 l\u2019\u00e9cole Canada 2019 - Farm to Cafeteria Canada\",\"isPartOf\":{\"@id\":\"https:\/\/www.farmtocafeteriacanada.ca\/#website\"},\"datePublished\":\"2019-10-04T17:45:04+00:00\",\"dateModified\":\"2021-08-31T20:57:02+00:00\",\"breadcrumb\":{\"@id\":\"https:\/\/www.farmtocafeteriacanada.ca\/fr\/demarrer\/mois-de-la-ferme-a-lecole-au-canada\/galerie-de-photos-du-mois-de-la-ferme-a-lecole-canada-2019\/#breadcrumb\"},\"inLanguage\":\"fr-FR\",\"potentialAction\":[{\"@type\":\"ReadAction\",\"target\":[\"https:\/\/www.farmtocafeteriacanada.ca\/fr\/demarrer\/mois-de-la-ferme-a-lecole-au-canada\/galerie-de-photos-du-mois-de-la-ferme-a-lecole-canada-2019\/\"]}]},{\"@type\":\"BreadcrumbList\",\"@id\":\"https:\/\/www.farmtocafeteriacanada.ca\/fr\/demarrer\/mois-de-la-ferme-a-lecole-au-canada\/galerie-de-photos-du-mois-de-la-ferme-a-lecole-canada-2019\/#breadcrumb\",\"itemListElement\":[{\"@type\":\"ListItem\",\"position\":1,\"name\":\"Home\",\"item\":\"https:\/\/www.farmtocafeteriacanada.ca\/fr\/accueil\/\"},{\"@type\":\"ListItem\",\"position\":2,\"name\":\"D\u00e9marrer\",\"item\":\"https:\/\/www.farmtocafeteriacanada.ca\/fr\/demarrer\/\"},{\"@type\":\"ListItem\",\"position\":3,\"name\":\"Mois de la ferme \u00e0 l&#8217;\u00e9cole au Canada\",\"item\":\"https:\/\/www.farmtocafeteriacanada.ca\/fr\/demarrer\/mois-de-la-ferme-a-lecole-au-canada\/\"},{\"@type\":\"ListItem\",\"position\":4,\"name\":\"Galerie de photos du Mois De la ferme \u00e0 l\u2019\u00e9cole Canada 2019\"}]},{\"@type\":\"WebSite\",\"@id\":\"https:\/\/www.farmtocafeteriacanada.ca\/#website\",\"url\":\"https:\/\/www.farmtocafeteriacanada.ca\/\",\"name\":\"Farm to Cafeteria Canada\",\"description\":\"\",\"publisher\":{\"@id\":\"https:\/\/www.farmtocafeteriacanada.ca\/#organization\"},\"potentialAction\":[{\"@type\":\"SearchAction\",\"target\":{\"@type\":\"EntryPoint\",\"urlTemplate\":\"https:\/\/www.farmtocafeteriacanada.ca\/?s={search_term_string}\"},\"query-input\":{\"@type\":\"PropertyValueSpecification\",\"valueRequired\":true,\"valueName\":\"search_term_string\"}}],\"inLanguage\":\"fr-FR\"},{\"@type\":\"Organization\",\"@id\":\"https:\/\/www.farmtocafeteriacanada.ca\/#organization\",\"name\":\"Farm to Cafeteria Canada\",\"url\":\"https:\/\/www.farmtocafeteriacanada.ca\/\",\"logo\":{\"@type\":\"ImageObject\",\"inLanguage\":\"fr-FR\",\"@id\":\"https:\/\/www.farmtocafeteriacanada.ca\/#\/schema\/logo\/image\/\",\"url\":\"http:\/\/www.farmtocafeteriacanada.ca\/wp-content\/uploads\/2015\/03\/f2cc_logo_en2.png\",\"contentUrl\":\"http:\/\/www.farmtocafeteriacanada.ca\/wp-content\/uploads\/2015\/03\/f2cc_logo_en2.png\",\"width\":3000,\"height\":476,\"caption\":\"Farm to Cafeteria Canada\"},\"image\":{\"@id\":\"https:\/\/www.farmtocafeteriacanada.ca\/#\/schema\/logo\/image\/\"},\"sameAs\":[\"https:\/\/www.facebook.com\/groups\/FarmtocafeteriaCanada\/\",\"https:\/\/x.com\/Farm2Cafeteria\",\"https:\/\/www.youtube.com\/channel\/UCQjcYiICtAygShD3IwNsewQ\"]}]}<\/script>\n<!-- \/ Yoast SEO plugin. -->","yoast_head_json":{"title":"Galerie de photos du Mois De la ferme \u00e0 l\u2019\u00e9cole Canada 2019 - Farm to Cafeteria Canada","robots":{"index":"index","follow":"follow","max-snippet":"max-snippet:-1","max-image-preview":"max-image-preview:large","max-video-preview":"max-video-preview:-1"},"canonical":"https:\/\/www.farmtocafeteriacanada.ca\/fr\/demarrer\/mois-de-la-ferme-a-lecole-au-canada\/galerie-de-photos-du-mois-de-la-ferme-a-lecole-canada-2019\/","og_locale":"fr_FR","og_type":"article","og_title":"Galerie de photos du Mois De la ferme \u00e0 l\u2019\u00e9cole Canada 2019 - Farm to Cafeteria Canada","og_description":"&#8220;Bon pour nous et notre plan\u00e8te&#8220; nous sauvons la plan\u00e9te em stoppant le gaspillage alimentaire &#8212;&gt; Consultez la liste des ressources de Bon pour nous et notre plan\u00e8te ! &lt;&#8212; Nous encourageons les \u00e9l\u00e8ves et les \u00e9tudiants de tout \u00e2ge \u00e0 \u00e9liminer le gaspillage alimentaire \u00e0 la maison, \u00e0 l\u2019\u00e9cole et dans la communaut\u00e9; ils [&hellip;]","og_url":"https:\/\/www.farmtocafeteriacanada.ca\/fr\/demarrer\/mois-de-la-ferme-a-lecole-au-canada\/galerie-de-photos-du-mois-de-la-ferme-a-lecole-canada-2019\/","og_site_name":"Farm to Cafeteria Canada","article_publisher":"https:\/\/www.facebook.com\/groups\/FarmtocafeteriaCanada\/","article_modified_time":"2021-08-31T20:57:02+00:00","og_image":[{"width":3000,"height":476,"url":"https:\/\/www.farmtocafeteriacanada.ca\/wp-content\/uploads\/2012\/11\/f2cc_logo.png","type":"image\/png"}],"twitter_card":"summary_large_image","twitter_site":"@Farm2Cafeteria","twitter_misc":{"Dur\u00e9e de lecture estim\u00e9e":"1 minute"},"schema":{"@context":"https:\/\/schema.org","@graph":[{"@type":"WebPage","@id":"https:\/\/www.farmtocafeteriacanada.ca\/fr\/demarrer\/mois-de-la-ferme-a-lecole-au-canada\/galerie-de-photos-du-mois-de-la-ferme-a-lecole-canada-2019\/","url":"https:\/\/www.farmtocafeteriacanada.ca\/fr\/demarrer\/mois-de-la-ferme-a-lecole-au-canada\/galerie-de-photos-du-mois-de-la-ferme-a-lecole-canada-2019\/","name":"Galerie de photos du Mois De la ferme \u00e0 l\u2019\u00e9cole Canada 2019 - Farm to Cafeteria Canada","isPartOf":{"@id":"https:\/\/www.farmtocafeteriacanada.ca\/#website"},"datePublished":"2019-10-04T17:45:04+00:00","dateModified":"2021-08-31T20:57:02+00:00","breadcrumb":{"@id":"https:\/\/www.farmtocafeteriacanada.ca\/fr\/demarrer\/mois-de-la-ferme-a-lecole-au-canada\/galerie-de-photos-du-mois-de-la-ferme-a-lecole-canada-2019\/#breadcrumb"},"inLanguage":"fr-FR","potentialAction":[{"@type":"ReadAction","target":["https:\/\/www.farmtocafeteriacanada.ca\/fr\/demarrer\/mois-de-la-ferme-a-lecole-au-canada\/galerie-de-photos-du-mois-de-la-ferme-a-lecole-canada-2019\/"]}]},{"@type":"BreadcrumbList","@id":"https:\/\/www.farmtocafeteriacanada.ca\/fr\/demarrer\/mois-de-la-ferme-a-lecole-au-canada\/galerie-de-photos-du-mois-de-la-ferme-a-lecole-canada-2019\/#breadcrumb","itemListElement":[{"@type":"ListItem","position":1,"name":"Home","item":"https:\/\/www.farmtocafeteriacanada.ca\/fr\/accueil\/"},{"@type":"ListItem","position":2,"name":"D\u00e9marrer","item":"https:\/\/www.farmtocafeteriacanada.ca\/fr\/demarrer\/"},{"@type":"ListItem","position":3,"name":"Mois de la ferme \u00e0 l&#8217;\u00e9cole au Canada","item":"https:\/\/www.farmtocafeteriacanada.ca\/fr\/demarrer\/mois-de-la-ferme-a-lecole-au-canada\/"},{"@type":"ListItem","position":4,"name":"Galerie de photos du Mois De la ferme \u00e0 l\u2019\u00e9cole Canada 2019"}]},{"@type":"WebSite","@id":"https:\/\/www.farmtocafeteriacanada.ca\/#website","url":"https:\/\/www.farmtocafeteriacanada.ca\/","name":"Farm to Cafeteria Canada","description":"","publisher":{"@id":"https:\/\/www.farmtocafeteriacanada.ca\/#organization"},"potentialAction":[{"@type":"SearchAction","target":{"@type":"EntryPoint","urlTemplate":"https:\/\/www.farmtocafeteriacanada.ca\/?s={search_term_string}"},"query-input":{"@type":"PropertyValueSpecification","valueRequired":true,"valueName":"search_term_string"}}],"inLanguage":"fr-FR"},{"@type":"Organization","@id":"https:\/\/www.farmtocafeteriacanada.ca\/#organization","name":"Farm to Cafeteria Canada","url":"https:\/\/www.farmtocafeteriacanada.ca\/","logo":{"@type":"ImageObject","inLanguage":"fr-FR","@id":"https:\/\/www.farmtocafeteriacanada.ca\/#\/schema\/logo\/image\/","url":"http:\/\/www.farmtocafeteriacanada.ca\/wp-content\/uploads\/2015\/03\/f2cc_logo_en2.png","contentUrl":"http:\/\/www.farmtocafeteriacanada.ca\/wp-content\/uploads\/2015\/03\/f2cc_logo_en2.png","width":3000,"height":476,"caption":"Farm to Cafeteria Canada"},"image":{"@id":"https:\/\/www.farmtocafeteriacanada.ca\/#\/schema\/logo\/image\/"},"sameAs":["https:\/\/www.facebook.com\/groups\/FarmtocafeteriaCanada\/","https:\/\/x.com\/Farm2Cafeteria","https:\/\/www.youtube.com\/channel\/UCQjcYiICtAygShD3IwNsewQ"]}]}},"_links":{"self":[{"href":"https:\/\/www.farmtocafeteriacanada.ca\/fr\/wp-json\/wp\/v2\/pages\/16634","targetHints":{"allow":["GET"]}}],"collection":[{"href":"https:\/\/www.farmtocafeteriacanada.ca\/fr\/wp-json\/wp\/v2\/pages"}],"about":[{"href":"https:\/\/www.farmtocafeteriacanada.ca\/fr\/wp-json\/wp\/v2\/types\/page"}],"author":[{"embeddable":true,"href":"https:\/\/www.farmtocafeteriacanada.ca\/fr\/wp-json\/wp\/v2\/users\/3"}],"replies":[{"embeddable":true,"href":"https:\/\/www.farmtocafeteriacanada.ca\/fr\/wp-json\/wp\/v2\/comments?post=16634"}],"version-history":[{"count":5,"href":"https:\/\/www.farmtocafeteriacanada.ca\/fr\/wp-json\/wp\/v2\/pages\/16634\/revisions"}],"predecessor-version":[{"id":25406,"href":"https:\/\/www.farmtocafeteriacanada.ca\/fr\/wp-json\/wp\/v2\/pages\/16634\/revisions\/25406"}],"up":[{"embeddable":true,"href":"https:\/\/www.farmtocafeteriacanada.ca\/fr\/wp-json\/wp\/v2\/pages\/13786"}],"wp:attachment":[{"href":"https:\/\/www.farmtocafeteriacanada.ca\/fr\/wp-json\/wp\/v2\/media?parent=16634"}],"curies":[{"name":"wp","href":"https:\/\/api.w.org\/{rel}","templated":true}]}}