
{"id":16543,"date":"2019-09-23T15:14:23","date_gmt":"2019-09-23T20:14:23","guid":{"rendered":"http:\/\/www.farmtocafeteriacanada.ca\/?page_id=16543"},"modified":"2019-11-26T13:04:47","modified_gmt":"2019-11-26T19:04:47","slug":"bon-pour-nous-et-notre-planete-liste-de-ressources","status":"publish","type":"page","link":"https:\/\/www.farmtocafeteriacanada.ca\/fr\/demarrer\/mois-de-la-ferme-a-lecole-au-canada\/bon-pour-nous-et-notre-planete-liste-de-ressources\/","title":{"rendered":"Bon pour nous et notre plan\u00e8te \u2013 Liste de ressources"},"content":{"rendered":"<h4 class=\"p1\"><span class=\"s1\"><b>Mois De la ferme \u00e0 l\u2019\u00e9cole 2019 au Canada <\/b><\/span><\/h4>\n<blockquote>\n<p class=\"p1\"><span class=\"s1\"><i>L\u2019alimentation sera un enjeu d\u00e9terminant du 21<\/i><\/span><span class=\"s2\"><i><sup>e<\/sup><\/i><\/span><span class=\"s1\"><i> si\u00e8cle\u2026 Une occasion sans pr\u00e9c\u00e9dent s\u2019offre \u00e0 nous pour transformer les syst\u00e8mes alimentaires en fil conducteur\u2026 d\u2019une meilleure durabilit\u00e9 de la vie humaine et de l\u2019environnement. \u2013 <\/i>Rapport sommaire de la <a href=\"https:\/\/eatforum.org\/eat-lancet-commission\/\"><span class=\"s3\">EAT Lancet<span class=\"Apple-converted-space\">\u00a0 <\/span>Commission <\/span><\/a>(2019, traduction libre) <\/span><\/p>\n<\/blockquote>\n<p>&nbsp;<\/p>\n<h5 class=\"p1\"><span class=\"s1\">L\u2019approche <a href=\"http:\/\/www.farmtocafeteriacanada.ca\/farm-to-school\/#the-farm-to-school-approach\"><span class=\"s2\">De la ferme \u00e0 l\u2019\u00e9cole <\/span><\/a><\/span><span class=\"s1\">vise \u00e0 transformer les syst\u00e8mes alimentaires en augmentant la pr\u00e9sence d\u2019aliments sains, locaux et durables dans l\u2019esprit et dans l\u2019assiette des \u00e9l\u00e8ves et \u00e9tudiants. Elle concorde avec plusieurs des <\/span><span class=\"s1\"><a href=\"https:\/\/www.un.org\/sustainabledevelopment\/fr\/objectifs-de-developpement-durable\/\"><span class=\"s2\">objectifs de d\u00e9veloppement durable des Nations-Unies<\/span><\/a>, les recommandations du nouveau <a href=\"https:\/\/guide-alimentaire.canada.ca\/fr\/recommandations-en-matiere-dalimentation-saine\/\"><span class=\"s2\">Guide alimentaire canadien <\/span><\/a> et la vision d\u2019une <a href=\"https:\/\/www.canada.ca\/fr\/campagne\/politique-alimentaire.html\"><span class=\"s2\">Politique alimentaire pour le Canada<\/span><\/a>. <\/span><\/h5>\n<p class=\"p1\"><span class=\"s1\">\u00c0 la lumi\u00e8re de ses bienfaits<b>, <\/b><\/span><span class=\"s1\"><b>le th\u00e8me du Mois De la ferme \u00e0 l\u2019\u00e9cole 2019 \u00e9tait <i>Bon pour nous et notre plan\u00e8te<\/i>!<\/b><\/span><\/p>\n<p class=\"p1\"><span class=\"s1\">La liste de ressources ci-dessous \u2013 dont de courtes vid\u00e9os inspirantes, des trousses d\u2019outils compl\u00e8tes et des activit\u00e9s pratiques \u2013 a \u00e9t\u00e9 dress\u00e9e dans le cadre des c\u00e9l\u00e9brations du Mois De la ferme \u00e0 l\u2019\u00e9cole 2019 afin de mobiliser les \u00e9l\u00e8ves et les outiller pour apprendre et agir.<\/span><\/p>\n<p class=\"p1\"><span class=\"s1\">Bon nombre des ressources proposent des activit\u00e9s que vous pouvez faire en classe, \u00e0 la maison ou en milieu communautaire. Bien que certaines s\u2019adressent \u00e0 des auditoires ou groupes d\u2019\u00e2ge particuliers, beaucoup d\u2019entre elles sont instructives pour tous les \u00e2ges! Que vous soyez un nouveau venu au mouvement De la ferme \u00e0 l\u2019\u00e9cole ou que vous cherchiez de nouvelles id\u00e9es pour hisser vos initiatives au prochain niveau, vous trouverez s\u00fbrement dans cette liste de quoi r\u00e9pondre \u00e0 vos besoins.<\/span><\/p>\n","protected":false},"excerpt":{"rendered":"<p>Mois De la ferme \u00e0 l\u2019\u00e9cole 2019 au Canada L\u2019alimentation sera un enjeu d\u00e9terminant du 21e si\u00e8cle\u2026 Une occasion sans pr\u00e9c\u00e9dent s\u2019offre \u00e0 nous pour transformer les syst\u00e8mes alimentaires en fil conducteur\u2026 d\u2019une meilleure durabilit\u00e9 de la vie humaine et de l\u2019environnement. \u2013 Rapport sommaire de la EAT Lancet\u00a0 Commission (2019, traduction libre) &nbsp; L\u2019approche [&hellip;]<\/p>\n","protected":false},"author":3,"featured_media":0,"parent":13786,"menu_order":0,"comment_status":"closed","ping_status":"closed","template":"","meta":{"_acf_changed":false,"_exactmetrics_skip_tracking":false,"_exactmetrics_sitenote_active":false,"_exactmetrics_sitenote_note":"","_exactmetrics_sitenote_category":0,"footnotes":""},"class_list":["post-16543","page","type-page","status-publish","hentry"],"acf":[],"yoast_head":"<!-- This site is optimized with the Yoast SEO plugin v26.7 - https:\/\/yoast.com\/wordpress\/plugins\/seo\/ -->\n<title>Bon pour nous et notre plan\u00e8te \u2013 Liste de ressources - Farm to Cafeteria Canada<\/title>\n<meta name=\"robots\" content=\"index, follow, max-snippet:-1, max-image-preview:large, max-video-preview:-1\" \/>\n<link rel=\"canonical\" href=\"https:\/\/www.farmtocafeteriacanada.ca\/fr\/demarrer\/mois-de-la-ferme-a-lecole-au-canada\/bon-pour-nous-et-notre-planete-liste-de-ressources\/\" \/>\n<meta property=\"og:locale\" content=\"fr_FR\" \/>\n<meta property=\"og:type\" content=\"article\" \/>\n<meta property=\"og:title\" content=\"Bon pour nous et notre plan\u00e8te \u2013 Liste de ressources - Farm to Cafeteria Canada\" \/>\n<meta property=\"og:description\" content=\"Mois De la ferme \u00e0 l\u2019\u00e9cole 2019 au Canada L\u2019alimentation sera un enjeu d\u00e9terminant du 21e si\u00e8cle\u2026 Une occasion sans pr\u00e9c\u00e9dent s\u2019offre \u00e0 nous pour transformer les syst\u00e8mes alimentaires en fil conducteur\u2026 d\u2019une meilleure durabilit\u00e9 de la vie humaine et de l\u2019environnement. \u2013 Rapport sommaire de la EAT Lancet\u00a0 Commission (2019, traduction libre) &nbsp; L\u2019approche [&hellip;]\" \/>\n<meta property=\"og:url\" content=\"https:\/\/www.farmtocafeteriacanada.ca\/fr\/demarrer\/mois-de-la-ferme-a-lecole-au-canada\/bon-pour-nous-et-notre-planete-liste-de-ressources\/\" \/>\n<meta property=\"og:site_name\" content=\"Farm to Cafeteria Canada\" \/>\n<meta property=\"article:publisher\" content=\"https:\/\/www.facebook.com\/groups\/FarmtocafeteriaCanada\/\" \/>\n<meta property=\"article:modified_time\" content=\"2019-11-26T19:04:47+00:00\" \/>\n<meta property=\"og:image\" content=\"https:\/\/www.farmtocafeteriacanada.ca\/wp-content\/uploads\/2012\/11\/f2cc_logo.png\" \/>\n\t<meta property=\"og:image:width\" content=\"3000\" \/>\n\t<meta property=\"og:image:height\" content=\"476\" \/>\n\t<meta property=\"og:image:type\" content=\"image\/png\" \/>\n<meta name=\"twitter:card\" content=\"summary_large_image\" \/>\n<meta name=\"twitter:site\" content=\"@Farm2Cafeteria\" \/>\n<meta name=\"twitter:label1\" content=\"Dur\u00e9e de lecture estim\u00e9e\" \/>\n\t<meta name=\"twitter:data1\" content=\"1 minute\" \/>\n<script type=\"application\/ld+json\" class=\"yoast-schema-graph\">{\"@context\":\"https:\/\/schema.org\",\"@graph\":[{\"@type\":\"WebPage\",\"@id\":\"https:\/\/www.farmtocafeteriacanada.ca\/fr\/demarrer\/mois-de-la-ferme-a-lecole-au-canada\/bon-pour-nous-et-notre-planete-liste-de-ressources\/\",\"url\":\"https:\/\/www.farmtocafeteriacanada.ca\/fr\/demarrer\/mois-de-la-ferme-a-lecole-au-canada\/bon-pour-nous-et-notre-planete-liste-de-ressources\/\",\"name\":\"Bon pour nous et notre plan\u00e8te \u2013 Liste de ressources - Farm to Cafeteria Canada\",\"isPartOf\":{\"@id\":\"https:\/\/www.farmtocafeteriacanada.ca\/#website\"},\"datePublished\":\"2019-09-23T20:14:23+00:00\",\"dateModified\":\"2019-11-26T19:04:47+00:00\",\"breadcrumb\":{\"@id\":\"https:\/\/www.farmtocafeteriacanada.ca\/fr\/demarrer\/mois-de-la-ferme-a-lecole-au-canada\/bon-pour-nous-et-notre-planete-liste-de-ressources\/#breadcrumb\"},\"inLanguage\":\"fr-FR\",\"potentialAction\":[{\"@type\":\"ReadAction\",\"target\":[\"https:\/\/www.farmtocafeteriacanada.ca\/fr\/demarrer\/mois-de-la-ferme-a-lecole-au-canada\/bon-pour-nous-et-notre-planete-liste-de-ressources\/\"]}]},{\"@type\":\"BreadcrumbList\",\"@id\":\"https:\/\/www.farmtocafeteriacanada.ca\/fr\/demarrer\/mois-de-la-ferme-a-lecole-au-canada\/bon-pour-nous-et-notre-planete-liste-de-ressources\/#breadcrumb\",\"itemListElement\":[{\"@type\":\"ListItem\",\"position\":1,\"name\":\"Home\",\"item\":\"https:\/\/www.farmtocafeteriacanada.ca\/fr\/accueil\/\"},{\"@type\":\"ListItem\",\"position\":2,\"name\":\"D\u00e9marrer\",\"item\":\"https:\/\/www.farmtocafeteriacanada.ca\/fr\/demarrer\/\"},{\"@type\":\"ListItem\",\"position\":3,\"name\":\"Mois de la ferme \u00e0 l&#8217;\u00e9cole au Canada\",\"item\":\"https:\/\/www.farmtocafeteriacanada.ca\/fr\/demarrer\/mois-de-la-ferme-a-lecole-au-canada\/\"},{\"@type\":\"ListItem\",\"position\":4,\"name\":\"Bon pour nous et notre plan\u00e8te \u2013 Liste de ressources\"}]},{\"@type\":\"WebSite\",\"@id\":\"https:\/\/www.farmtocafeteriacanada.ca\/#website\",\"url\":\"https:\/\/www.farmtocafeteriacanada.ca\/\",\"name\":\"Farm to Cafeteria Canada\",\"description\":\"\",\"publisher\":{\"@id\":\"https:\/\/www.farmtocafeteriacanada.ca\/#organization\"},\"potentialAction\":[{\"@type\":\"SearchAction\",\"target\":{\"@type\":\"EntryPoint\",\"urlTemplate\":\"https:\/\/www.farmtocafeteriacanada.ca\/?s={search_term_string}\"},\"query-input\":{\"@type\":\"PropertyValueSpecification\",\"valueRequired\":true,\"valueName\":\"search_term_string\"}}],\"inLanguage\":\"fr-FR\"},{\"@type\":\"Organization\",\"@id\":\"https:\/\/www.farmtocafeteriacanada.ca\/#organization\",\"name\":\"Farm to Cafeteria Canada\",\"url\":\"https:\/\/www.farmtocafeteriacanada.ca\/\",\"logo\":{\"@type\":\"ImageObject\",\"inLanguage\":\"fr-FR\",\"@id\":\"https:\/\/www.farmtocafeteriacanada.ca\/#\/schema\/logo\/image\/\",\"url\":\"http:\/\/www.farmtocafeteriacanada.ca\/wp-content\/uploads\/2015\/03\/f2cc_logo_en2.png\",\"contentUrl\":\"http:\/\/www.farmtocafeteriacanada.ca\/wp-content\/uploads\/2015\/03\/f2cc_logo_en2.png\",\"width\":3000,\"height\":476,\"caption\":\"Farm to Cafeteria Canada\"},\"image\":{\"@id\":\"https:\/\/www.farmtocafeteriacanada.ca\/#\/schema\/logo\/image\/\"},\"sameAs\":[\"https:\/\/www.facebook.com\/groups\/FarmtocafeteriaCanada\/\",\"https:\/\/x.com\/Farm2Cafeteria\",\"https:\/\/www.youtube.com\/channel\/UCQjcYiICtAygShD3IwNsewQ\"]}]}<\/script>\n<!-- \/ Yoast SEO plugin. -->","yoast_head_json":{"title":"Bon pour nous et notre plan\u00e8te \u2013 Liste de ressources - Farm to Cafeteria Canada","robots":{"index":"index","follow":"follow","max-snippet":"max-snippet:-1","max-image-preview":"max-image-preview:large","max-video-preview":"max-video-preview:-1"},"canonical":"https:\/\/www.farmtocafeteriacanada.ca\/fr\/demarrer\/mois-de-la-ferme-a-lecole-au-canada\/bon-pour-nous-et-notre-planete-liste-de-ressources\/","og_locale":"fr_FR","og_type":"article","og_title":"Bon pour nous et notre plan\u00e8te \u2013 Liste de ressources - Farm to Cafeteria Canada","og_description":"Mois De la ferme \u00e0 l\u2019\u00e9cole 2019 au Canada L\u2019alimentation sera un enjeu d\u00e9terminant du 21e si\u00e8cle\u2026 Une occasion sans pr\u00e9c\u00e9dent s\u2019offre \u00e0 nous pour transformer les syst\u00e8mes alimentaires en fil conducteur\u2026 d\u2019une meilleure durabilit\u00e9 de la vie humaine et de l\u2019environnement. \u2013 Rapport sommaire de la EAT Lancet\u00a0 Commission (2019, traduction libre) &nbsp; L\u2019approche [&hellip;]","og_url":"https:\/\/www.farmtocafeteriacanada.ca\/fr\/demarrer\/mois-de-la-ferme-a-lecole-au-canada\/bon-pour-nous-et-notre-planete-liste-de-ressources\/","og_site_name":"Farm to Cafeteria Canada","article_publisher":"https:\/\/www.facebook.com\/groups\/FarmtocafeteriaCanada\/","article_modified_time":"2019-11-26T19:04:47+00:00","og_image":[{"width":3000,"height":476,"url":"https:\/\/www.farmtocafeteriacanada.ca\/wp-content\/uploads\/2012\/11\/f2cc_logo.png","type":"image\/png"}],"twitter_card":"summary_large_image","twitter_site":"@Farm2Cafeteria","twitter_misc":{"Dur\u00e9e de lecture estim\u00e9e":"1 minute"},"schema":{"@context":"https:\/\/schema.org","@graph":[{"@type":"WebPage","@id":"https:\/\/www.farmtocafeteriacanada.ca\/fr\/demarrer\/mois-de-la-ferme-a-lecole-au-canada\/bon-pour-nous-et-notre-planete-liste-de-ressources\/","url":"https:\/\/www.farmtocafeteriacanada.ca\/fr\/demarrer\/mois-de-la-ferme-a-lecole-au-canada\/bon-pour-nous-et-notre-planete-liste-de-ressources\/","name":"Bon pour nous et notre plan\u00e8te \u2013 Liste de ressources - Farm to Cafeteria Canada","isPartOf":{"@id":"https:\/\/www.farmtocafeteriacanada.ca\/#website"},"datePublished":"2019-09-23T20:14:23+00:00","dateModified":"2019-11-26T19:04:47+00:00","breadcrumb":{"@id":"https:\/\/www.farmtocafeteriacanada.ca\/fr\/demarrer\/mois-de-la-ferme-a-lecole-au-canada\/bon-pour-nous-et-notre-planete-liste-de-ressources\/#breadcrumb"},"inLanguage":"fr-FR","potentialAction":[{"@type":"ReadAction","target":["https:\/\/www.farmtocafeteriacanada.ca\/fr\/demarrer\/mois-de-la-ferme-a-lecole-au-canada\/bon-pour-nous-et-notre-planete-liste-de-ressources\/"]}]},{"@type":"BreadcrumbList","@id":"https:\/\/www.farmtocafeteriacanada.ca\/fr\/demarrer\/mois-de-la-ferme-a-lecole-au-canada\/bon-pour-nous-et-notre-planete-liste-de-ressources\/#breadcrumb","itemListElement":[{"@type":"ListItem","position":1,"name":"Home","item":"https:\/\/www.farmtocafeteriacanada.ca\/fr\/accueil\/"},{"@type":"ListItem","position":2,"name":"D\u00e9marrer","item":"https:\/\/www.farmtocafeteriacanada.ca\/fr\/demarrer\/"},{"@type":"ListItem","position":3,"name":"Mois de la ferme \u00e0 l&#8217;\u00e9cole au Canada","item":"https:\/\/www.farmtocafeteriacanada.ca\/fr\/demarrer\/mois-de-la-ferme-a-lecole-au-canada\/"},{"@type":"ListItem","position":4,"name":"Bon pour nous et notre plan\u00e8te \u2013 Liste de ressources"}]},{"@type":"WebSite","@id":"https:\/\/www.farmtocafeteriacanada.ca\/#website","url":"https:\/\/www.farmtocafeteriacanada.ca\/","name":"Farm to Cafeteria Canada","description":"","publisher":{"@id":"https:\/\/www.farmtocafeteriacanada.ca\/#organization"},"potentialAction":[{"@type":"SearchAction","target":{"@type":"EntryPoint","urlTemplate":"https:\/\/www.farmtocafeteriacanada.ca\/?s={search_term_string}"},"query-input":{"@type":"PropertyValueSpecification","valueRequired":true,"valueName":"search_term_string"}}],"inLanguage":"fr-FR"},{"@type":"Organization","@id":"https:\/\/www.farmtocafeteriacanada.ca\/#organization","name":"Farm to Cafeteria Canada","url":"https:\/\/www.farmtocafeteriacanada.ca\/","logo":{"@type":"ImageObject","inLanguage":"fr-FR","@id":"https:\/\/www.farmtocafeteriacanada.ca\/#\/schema\/logo\/image\/","url":"http:\/\/www.farmtocafeteriacanada.ca\/wp-content\/uploads\/2015\/03\/f2cc_logo_en2.png","contentUrl":"http:\/\/www.farmtocafeteriacanada.ca\/wp-content\/uploads\/2015\/03\/f2cc_logo_en2.png","width":3000,"height":476,"caption":"Farm to Cafeteria Canada"},"image":{"@id":"https:\/\/www.farmtocafeteriacanada.ca\/#\/schema\/logo\/image\/"},"sameAs":["https:\/\/www.facebook.com\/groups\/FarmtocafeteriaCanada\/","https:\/\/x.com\/Farm2Cafeteria","https:\/\/www.youtube.com\/channel\/UCQjcYiICtAygShD3IwNsewQ"]}]}},"_links":{"self":[{"href":"https:\/\/www.farmtocafeteriacanada.ca\/fr\/wp-json\/wp\/v2\/pages\/16543","targetHints":{"allow":["GET"]}}],"collection":[{"href":"https:\/\/www.farmtocafeteriacanada.ca\/fr\/wp-json\/wp\/v2\/pages"}],"about":[{"href":"https:\/\/www.farmtocafeteriacanada.ca\/fr\/wp-json\/wp\/v2\/types\/page"}],"author":[{"embeddable":true,"href":"https:\/\/www.farmtocafeteriacanada.ca\/fr\/wp-json\/wp\/v2\/users\/3"}],"replies":[{"embeddable":true,"href":"https:\/\/www.farmtocafeteriacanada.ca\/fr\/wp-json\/wp\/v2\/comments?post=16543"}],"version-history":[{"count":5,"href":"https:\/\/www.farmtocafeteriacanada.ca\/fr\/wp-json\/wp\/v2\/pages\/16543\/revisions"}],"predecessor-version":[{"id":17076,"href":"https:\/\/www.farmtocafeteriacanada.ca\/fr\/wp-json\/wp\/v2\/pages\/16543\/revisions\/17076"}],"up":[{"embeddable":true,"href":"https:\/\/www.farmtocafeteriacanada.ca\/fr\/wp-json\/wp\/v2\/pages\/13786"}],"wp:attachment":[{"href":"https:\/\/www.farmtocafeteriacanada.ca\/fr\/wp-json\/wp\/v2\/media?parent=16543"}],"curies":[{"name":"wp","href":"https:\/\/api.w.org\/{rel}","templated":true}]}}