
{"id":16489,"date":"2019-09-13T13:26:48","date_gmt":"2019-09-13T18:26:48","guid":{"rendered":"http:\/\/www.farmtocafeteriacanada.ca\/?page_id=16489"},"modified":"2019-10-31T13:17:17","modified_gmt":"2019-10-31T18:17:17","slug":"activite-de-financement-de-la-ferme-a-lecole","status":"publish","type":"page","link":"https:\/\/www.farmtocafeteriacanada.ca\/fr\/demarrer\/de-la-ferme-a-lecole-canada\/activite-de-financement-de-la-ferme-a-lecole\/","title":{"rendered":"Activit\u00e9 de financement De la ferme \u00e0 l\u2019\u00e9cole"},"content":{"rendered":"<h5 class=\"p1\"><span class=\"s1\" style=\"color: #00938b;\"><b>Qu\u2019est-ce qu\u2019une activit\u00e9 de financement De la ferme \u00e0 l\u2019\u00e9cole?<\/b><\/span><\/h5>\n<h5 class=\"p1\"><span class=\"s1\">Les activit\u00e9s de financement De la ferme \u00e0 l\u2019\u00e9cole (F2S) sont une occasion pour les \u00e9coles et les centres d\u2019\u00e9ducation de la petite enfance de collecter des fonds gr\u00e2ce \u00e0 la vente de fruits et l\u00e9gumes frais, sains et locaux. Ces activit\u00e9s ont g\u00e9n\u00e9ralement lieu \u00e0 l\u2019automne, au d\u00e9but de l\u2019ann\u00e9e scolaire, soit en pleine saison des r\u00e9coltes dans la plupart des r\u00e9gions. <\/span><\/h5>\n<h5><span style=\"color: #00938b;\"><b> Pourquoi organiser une activit\u00e9 de financement De la ferme \u00e0 l\u2019\u00e9cole??<\/b><\/span><\/h5>\n<p class=\"p1\"><span class=\"s1\">La vente de nourriture est un moyen employ\u00e9 depuis longtemps pour collecter des fonds et ainsi soutenir les programmes dans les \u00e9coles et les centres d\u2019\u00e9ducation de la petite enfance. Ces activit\u00e9s de financement s\u2019inscrivent dans une <a href=\"https:\/\/www.farmtocafeteriacanada.ca\/fr\/demarrer\/de-la-ferme-a-lecole-canada\/\"><i>d\u00e9marche De la ferme \u00e0 l\u2019\u00e9cole<\/i><\/a> avec des<i> <\/i>fruits et l\u00e9gumes frais et locaux, une option plus saine, plus \u00e9cologique et plus rentable que les autres activit\u00e9s de financement par la vente de nourriture. <\/span><\/p>\n<ul>\n<li><b><i>Les \u00e9l\u00e8ves en b\u00e9n\u00e9ficient\u00a0: <\/i><\/b>L\u2019\u00e9cole mobilise les fonds pour des fournitures, des programmes de vie saine et d\u2019autres initiatives \u00e9ducatives<\/li>\n<li><b><i>Les agriculteurs en b\u00e9n\u00e9ficient\u00a0: <\/i><\/b>Ces initiatives peuvent offrir de nouveaux d\u00e9bouch\u00e9s commerciaux<\/li>\n<li><b><i>La collectivit\u00e9 en b\u00e9n\u00e9ficie\u00a0: <\/i><\/b>Les liens plus \u00e9troits entre les familles et les agriculteurs locaux et une meilleure alphab\u00e9tisation alimentaire chez les \u00e9l\u00e8ves et leur famille profitent \u00e0 toute la collectivit\u00e9<\/li>\n<\/ul>\n<h5 class=\"p1\"><span class=\"s1\"><b><span style=\"color: #00938b;\">Comment se d\u00e9roulent les activit\u00e9s de financement De la ferme \u00e0 l\u2019\u00e9cole?<\/span> <\/b><\/span><\/h5>\n<p class=\"p1\"><span class=\"s1\">Les activit\u00e9s de financement De la ferme \u00e0 l\u2019\u00e9cole varient d\u2019une r\u00e9gion \u00e0 l\u2019\u00e9cole, mais elles portent toutes sur la vente de fruits et l\u00e9gumes frais, sains et locaux. Pour chacune des ventes\u00a0:<\/span><\/p>\n<ul>\n<li>L\u2019agriculteur a droit \u00e0 un montant \u00e9quitable pour ses produits<\/li>\n<li>L\u2019\u00e9cole re\u00e7oit une g\u00e9n\u00e9reuse partie des profits, destin\u00e9e \u00e0 \u00eatre investie dans les programmes<\/li>\n<li>Une partie modique des profits est accord\u00e9e \u00e0 l\u2019organisme de coordination pour l\u2019organisation de l\u2019activit\u00e9<\/li>\n<\/ul>\n<p class=\"p1\"><span class=\"s1\">Les paniers ou les paquets de fruits et l\u00e9gumes sont g\u00e9n\u00e9ralement vendus au prix de 15\u00a0$ \u00e0 30\u00a0$, en fonction de la taille et du contenu. Un paquet de 30\u00a0$ peut par exemple contenir 8 \u00e0 10 produits diff\u00e9rents totalisant jusqu\u2019\u00e0 25\u00a0lb (11\u00a0kg), comme celui-ci, propos\u00e9 par le projet \u00c9cole enracin\u00e9es, au Qu\u00e9bec\u00a0: <\/span><\/p>\n<p><img loading=\"lazy\" decoding=\"async\" class=\"size-full wp-image-16364 alignnone\" src=\"http:\/\/www.farmtocafeteriacanada.ca\/wp-content\/uploads\/F2SM_Fundraiser_fr.jpg\" alt=\"\" width=\"2550\" height=\"1650\" srcset=\"https:\/\/www.farmtocafeteriacanada.ca\/wp-content\/uploads\/F2SM_Fundraiser_fr.jpg 2550w, https:\/\/www.farmtocafeteriacanada.ca\/wp-content\/uploads\/F2SM_Fundraiser_fr-768x497.jpg 768w\" sizes=\"auto, (max-width: 2550px) 100vw, 2550px\" \/><\/p>\n<h5 class=\"p1\"><span class=\"s1\" style=\"color: #00938b;\"><b>Qui assure la coordination des activit\u00e9s de financement De la ferme \u00e0 l\u2019\u00e9cole?<\/b><\/span><\/h5>\n<p class=\"p1\"><span class=\"s1\">Les campagnes de financement De la ferme \u00e0 l\u2019\u00e9cole peuvent \u00eatre coordonn\u00e9es par des organismes ou d\u2019autres acteurs des secteurs public, priv\u00e9 ou \u00e0 but non lucratif (ou dans le cadre de partenariats entre ces derniers). Les responsables des campagnes, peu importe qui ils sont, jouent un r\u00f4le d\u2019une importance incontestable dans le rapprochement entre les agriculteurs et les \u00e9coles ou les centres d\u2019\u00e9ducation de la petite enfance. <\/span><\/p>\n<p class=\"p1\"><span class=\"s1\">Les coordinateurs assument diff\u00e9rentes responsabilit\u00e9s, par exemple la cr\u00e9ation de mat\u00e9riel de promotion pour la campagne, l\u2019organisation des commandes et des livraisons de produits ou encore le d\u00e9veloppement des ressources, comme la cr\u00e9ation de fiches d\u2019information sur l\u2019agriculture biologique et locale ou la publication de recettes mettant en vedette les paniers ou les paquets de produits locaux.<\/span><\/p>\n<p class=\"p1\"><span class=\"s1\">Vous trouverez ci-dessous une liste des campagnes de financement De la ferme \u00e0 l\u2019\u00e9cole au Canada. Consultez les pages Web pour en apprendre davantage sur les initiatives individuelles, pour acc\u00e9der aux ressources et pour d\u00e9couvrir comment vous pouvez participer! <\/span><\/p>\n<h5 class=\"p1\"><span class=\"s1\" style=\"color: #00938b;\"><b>Campagnes au Canada<\/b><\/span><\/h5>\n","protected":false},"excerpt":{"rendered":"<p>Qu\u2019est-ce qu\u2019une activit\u00e9 de financement De la ferme \u00e0 l\u2019\u00e9cole? Les activit\u00e9s de financement De la ferme \u00e0 l\u2019\u00e9cole (F2S) sont une occasion pour les \u00e9coles et les centres d\u2019\u00e9ducation de la petite enfance de collecter des fonds gr\u00e2ce \u00e0 la vente de fruits et l\u00e9gumes frais, sains et locaux. Ces activit\u00e9s ont g\u00e9n\u00e9ralement lieu [&hellip;]<\/p>\n","protected":false},"author":3,"featured_media":0,"parent":16171,"menu_order":10,"comment_status":"closed","ping_status":"closed","template":"","meta":{"_acf_changed":false,"_exactmetrics_skip_tracking":false,"_exactmetrics_sitenote_active":false,"_exactmetrics_sitenote_note":"","_exactmetrics_sitenote_category":0,"footnotes":""},"class_list":["post-16489","page","type-page","status-publish","hentry"],"acf":[],"yoast_head":"<!-- This site is optimized with the Yoast SEO plugin v26.7 - https:\/\/yoast.com\/wordpress\/plugins\/seo\/ -->\n<title>Activit\u00e9 de financement De la ferme \u00e0 l\u2019\u00e9cole - Farm to Cafeteria Canada<\/title>\n<meta name=\"robots\" content=\"index, follow, max-snippet:-1, max-image-preview:large, max-video-preview:-1\" \/>\n<link rel=\"canonical\" href=\"https:\/\/www.farmtocafeteriacanada.ca\/fr\/demarrer\/de-la-ferme-a-lecole-canada\/activite-de-financement-de-la-ferme-a-lecole\/\" \/>\n<meta property=\"og:locale\" content=\"fr_FR\" \/>\n<meta property=\"og:type\" content=\"article\" \/>\n<meta property=\"og:title\" content=\"Activit\u00e9 de financement De la ferme \u00e0 l\u2019\u00e9cole - Farm to Cafeteria Canada\" \/>\n<meta property=\"og:description\" content=\"Qu\u2019est-ce qu\u2019une activit\u00e9 de financement De la ferme \u00e0 l\u2019\u00e9cole? Les activit\u00e9s de financement De la ferme \u00e0 l\u2019\u00e9cole (F2S) sont une occasion pour les \u00e9coles et les centres d\u2019\u00e9ducation de la petite enfance de collecter des fonds gr\u00e2ce \u00e0 la vente de fruits et l\u00e9gumes frais, sains et locaux. Ces activit\u00e9s ont g\u00e9n\u00e9ralement lieu [&hellip;]\" \/>\n<meta property=\"og:url\" content=\"https:\/\/www.farmtocafeteriacanada.ca\/fr\/demarrer\/de-la-ferme-a-lecole-canada\/activite-de-financement-de-la-ferme-a-lecole\/\" \/>\n<meta property=\"og:site_name\" content=\"Farm to Cafeteria Canada\" \/>\n<meta property=\"article:publisher\" content=\"https:\/\/www.facebook.com\/groups\/FarmtocafeteriaCanada\/\" \/>\n<meta property=\"article:modified_time\" content=\"2019-10-31T18:17:17+00:00\" \/>\n<meta property=\"og:image\" content=\"http:\/\/www.farmtocafeteriacanada.ca\/wp-content\/uploads\/F2SM_Fundraiser_fr.jpg\" \/>\n<meta name=\"twitter:card\" content=\"summary_large_image\" \/>\n<meta name=\"twitter:site\" content=\"@Farm2Cafeteria\" \/>\n<meta name=\"twitter:label1\" content=\"Dur\u00e9e de lecture estim\u00e9e\" \/>\n\t<meta name=\"twitter:data1\" content=\"3 minutes\" \/>\n<script type=\"application\/ld+json\" class=\"yoast-schema-graph\">{\"@context\":\"https:\/\/schema.org\",\"@graph\":[{\"@type\":\"WebPage\",\"@id\":\"https:\/\/www.farmtocafeteriacanada.ca\/fr\/demarrer\/de-la-ferme-a-lecole-canada\/activite-de-financement-de-la-ferme-a-lecole\/\",\"url\":\"https:\/\/www.farmtocafeteriacanada.ca\/fr\/demarrer\/de-la-ferme-a-lecole-canada\/activite-de-financement-de-la-ferme-a-lecole\/\",\"name\":\"Activit\u00e9 de financement De la ferme \u00e0 l\u2019\u00e9cole - Farm to Cafeteria Canada\",\"isPartOf\":{\"@id\":\"https:\/\/www.farmtocafeteriacanada.ca\/#website\"},\"primaryImageOfPage\":{\"@id\":\"https:\/\/www.farmtocafeteriacanada.ca\/fr\/demarrer\/de-la-ferme-a-lecole-canada\/activite-de-financement-de-la-ferme-a-lecole\/#primaryimage\"},\"image\":{\"@id\":\"https:\/\/www.farmtocafeteriacanada.ca\/fr\/demarrer\/de-la-ferme-a-lecole-canada\/activite-de-financement-de-la-ferme-a-lecole\/#primaryimage\"},\"thumbnailUrl\":\"http:\/\/www.farmtocafeteriacanada.ca\/wp-content\/uploads\/F2SM_Fundraiser_fr.jpg\",\"datePublished\":\"2019-09-13T18:26:48+00:00\",\"dateModified\":\"2019-10-31T18:17:17+00:00\",\"breadcrumb\":{\"@id\":\"https:\/\/www.farmtocafeteriacanada.ca\/fr\/demarrer\/de-la-ferme-a-lecole-canada\/activite-de-financement-de-la-ferme-a-lecole\/#breadcrumb\"},\"inLanguage\":\"fr-FR\",\"potentialAction\":[{\"@type\":\"ReadAction\",\"target\":[\"https:\/\/www.farmtocafeteriacanada.ca\/fr\/demarrer\/de-la-ferme-a-lecole-canada\/activite-de-financement-de-la-ferme-a-lecole\/\"]}]},{\"@type\":\"ImageObject\",\"inLanguage\":\"fr-FR\",\"@id\":\"https:\/\/www.farmtocafeteriacanada.ca\/fr\/demarrer\/de-la-ferme-a-lecole-canada\/activite-de-financement-de-la-ferme-a-lecole\/#primaryimage\",\"url\":\"http:\/\/www.farmtocafeteriacanada.ca\/wp-content\/uploads\/F2SM_Fundraiser_fr.jpg\",\"contentUrl\":\"http:\/\/www.farmtocafeteriacanada.ca\/wp-content\/uploads\/F2SM_Fundraiser_fr.jpg\"},{\"@type\":\"BreadcrumbList\",\"@id\":\"https:\/\/www.farmtocafeteriacanada.ca\/fr\/demarrer\/de-la-ferme-a-lecole-canada\/activite-de-financement-de-la-ferme-a-lecole\/#breadcrumb\",\"itemListElement\":[{\"@type\":\"ListItem\",\"position\":1,\"name\":\"Home\",\"item\":\"https:\/\/www.farmtocafeteriacanada.ca\/fr\/accueil\/\"},{\"@type\":\"ListItem\",\"position\":2,\"name\":\"D\u00e9marrer\",\"item\":\"https:\/\/www.farmtocafeteriacanada.ca\/fr\/demarrer\/\"},{\"@type\":\"ListItem\",\"position\":3,\"name\":\"De la ferme \u00e0 l&#8217;\u00e9cole\",\"item\":\"https:\/\/www.farmtocafeteriacanada.ca\/fr\/demarrer\/de-la-ferme-a-lecole-canada\/\"},{\"@type\":\"ListItem\",\"position\":4,\"name\":\"Activit\u00e9 de financement De la ferme \u00e0 l\u2019\u00e9cole\"}]},{\"@type\":\"WebSite\",\"@id\":\"https:\/\/www.farmtocafeteriacanada.ca\/#website\",\"url\":\"https:\/\/www.farmtocafeteriacanada.ca\/\",\"name\":\"Farm to Cafeteria Canada\",\"description\":\"\",\"publisher\":{\"@id\":\"https:\/\/www.farmtocafeteriacanada.ca\/#organization\"},\"potentialAction\":[{\"@type\":\"SearchAction\",\"target\":{\"@type\":\"EntryPoint\",\"urlTemplate\":\"https:\/\/www.farmtocafeteriacanada.ca\/?s={search_term_string}\"},\"query-input\":{\"@type\":\"PropertyValueSpecification\",\"valueRequired\":true,\"valueName\":\"search_term_string\"}}],\"inLanguage\":\"fr-FR\"},{\"@type\":\"Organization\",\"@id\":\"https:\/\/www.farmtocafeteriacanada.ca\/#organization\",\"name\":\"Farm to Cafeteria Canada\",\"url\":\"https:\/\/www.farmtocafeteriacanada.ca\/\",\"logo\":{\"@type\":\"ImageObject\",\"inLanguage\":\"fr-FR\",\"@id\":\"https:\/\/www.farmtocafeteriacanada.ca\/#\/schema\/logo\/image\/\",\"url\":\"http:\/\/www.farmtocafeteriacanada.ca\/wp-content\/uploads\/2015\/03\/f2cc_logo_en2.png\",\"contentUrl\":\"http:\/\/www.farmtocafeteriacanada.ca\/wp-content\/uploads\/2015\/03\/f2cc_logo_en2.png\",\"width\":3000,\"height\":476,\"caption\":\"Farm to Cafeteria Canada\"},\"image\":{\"@id\":\"https:\/\/www.farmtocafeteriacanada.ca\/#\/schema\/logo\/image\/\"},\"sameAs\":[\"https:\/\/www.facebook.com\/groups\/FarmtocafeteriaCanada\/\",\"https:\/\/x.com\/Farm2Cafeteria\",\"https:\/\/www.youtube.com\/channel\/UCQjcYiICtAygShD3IwNsewQ\"]}]}<\/script>\n<!-- \/ Yoast SEO plugin. -->","yoast_head_json":{"title":"Activit\u00e9 de financement De la ferme \u00e0 l\u2019\u00e9cole - Farm to Cafeteria Canada","robots":{"index":"index","follow":"follow","max-snippet":"max-snippet:-1","max-image-preview":"max-image-preview:large","max-video-preview":"max-video-preview:-1"},"canonical":"https:\/\/www.farmtocafeteriacanada.ca\/fr\/demarrer\/de-la-ferme-a-lecole-canada\/activite-de-financement-de-la-ferme-a-lecole\/","og_locale":"fr_FR","og_type":"article","og_title":"Activit\u00e9 de financement De la ferme \u00e0 l\u2019\u00e9cole - Farm to Cafeteria Canada","og_description":"Qu\u2019est-ce qu\u2019une activit\u00e9 de financement De la ferme \u00e0 l\u2019\u00e9cole? Les activit\u00e9s de financement De la ferme \u00e0 l\u2019\u00e9cole (F2S) sont une occasion pour les \u00e9coles et les centres d\u2019\u00e9ducation de la petite enfance de collecter des fonds gr\u00e2ce \u00e0 la vente de fruits et l\u00e9gumes frais, sains et locaux. Ces activit\u00e9s ont g\u00e9n\u00e9ralement lieu [&hellip;]","og_url":"https:\/\/www.farmtocafeteriacanada.ca\/fr\/demarrer\/de-la-ferme-a-lecole-canada\/activite-de-financement-de-la-ferme-a-lecole\/","og_site_name":"Farm to Cafeteria Canada","article_publisher":"https:\/\/www.facebook.com\/groups\/FarmtocafeteriaCanada\/","article_modified_time":"2019-10-31T18:17:17+00:00","og_image":[{"url":"http:\/\/www.farmtocafeteriacanada.ca\/wp-content\/uploads\/F2SM_Fundraiser_fr.jpg","type":"","width":"","height":""}],"twitter_card":"summary_large_image","twitter_site":"@Farm2Cafeteria","twitter_misc":{"Dur\u00e9e de lecture estim\u00e9e":"3 minutes"},"schema":{"@context":"https:\/\/schema.org","@graph":[{"@type":"WebPage","@id":"https:\/\/www.farmtocafeteriacanada.ca\/fr\/demarrer\/de-la-ferme-a-lecole-canada\/activite-de-financement-de-la-ferme-a-lecole\/","url":"https:\/\/www.farmtocafeteriacanada.ca\/fr\/demarrer\/de-la-ferme-a-lecole-canada\/activite-de-financement-de-la-ferme-a-lecole\/","name":"Activit\u00e9 de financement De la ferme \u00e0 l\u2019\u00e9cole - Farm to Cafeteria Canada","isPartOf":{"@id":"https:\/\/www.farmtocafeteriacanada.ca\/#website"},"primaryImageOfPage":{"@id":"https:\/\/www.farmtocafeteriacanada.ca\/fr\/demarrer\/de-la-ferme-a-lecole-canada\/activite-de-financement-de-la-ferme-a-lecole\/#primaryimage"},"image":{"@id":"https:\/\/www.farmtocafeteriacanada.ca\/fr\/demarrer\/de-la-ferme-a-lecole-canada\/activite-de-financement-de-la-ferme-a-lecole\/#primaryimage"},"thumbnailUrl":"http:\/\/www.farmtocafeteriacanada.ca\/wp-content\/uploads\/F2SM_Fundraiser_fr.jpg","datePublished":"2019-09-13T18:26:48+00:00","dateModified":"2019-10-31T18:17:17+00:00","breadcrumb":{"@id":"https:\/\/www.farmtocafeteriacanada.ca\/fr\/demarrer\/de-la-ferme-a-lecole-canada\/activite-de-financement-de-la-ferme-a-lecole\/#breadcrumb"},"inLanguage":"fr-FR","potentialAction":[{"@type":"ReadAction","target":["https:\/\/www.farmtocafeteriacanada.ca\/fr\/demarrer\/de-la-ferme-a-lecole-canada\/activite-de-financement-de-la-ferme-a-lecole\/"]}]},{"@type":"ImageObject","inLanguage":"fr-FR","@id":"https:\/\/www.farmtocafeteriacanada.ca\/fr\/demarrer\/de-la-ferme-a-lecole-canada\/activite-de-financement-de-la-ferme-a-lecole\/#primaryimage","url":"http:\/\/www.farmtocafeteriacanada.ca\/wp-content\/uploads\/F2SM_Fundraiser_fr.jpg","contentUrl":"http:\/\/www.farmtocafeteriacanada.ca\/wp-content\/uploads\/F2SM_Fundraiser_fr.jpg"},{"@type":"BreadcrumbList","@id":"https:\/\/www.farmtocafeteriacanada.ca\/fr\/demarrer\/de-la-ferme-a-lecole-canada\/activite-de-financement-de-la-ferme-a-lecole\/#breadcrumb","itemListElement":[{"@type":"ListItem","position":1,"name":"Home","item":"https:\/\/www.farmtocafeteriacanada.ca\/fr\/accueil\/"},{"@type":"ListItem","position":2,"name":"D\u00e9marrer","item":"https:\/\/www.farmtocafeteriacanada.ca\/fr\/demarrer\/"},{"@type":"ListItem","position":3,"name":"De la ferme \u00e0 l&#8217;\u00e9cole","item":"https:\/\/www.farmtocafeteriacanada.ca\/fr\/demarrer\/de-la-ferme-a-lecole-canada\/"},{"@type":"ListItem","position":4,"name":"Activit\u00e9 de financement De la ferme \u00e0 l\u2019\u00e9cole"}]},{"@type":"WebSite","@id":"https:\/\/www.farmtocafeteriacanada.ca\/#website","url":"https:\/\/www.farmtocafeteriacanada.ca\/","name":"Farm to Cafeteria Canada","description":"","publisher":{"@id":"https:\/\/www.farmtocafeteriacanada.ca\/#organization"},"potentialAction":[{"@type":"SearchAction","target":{"@type":"EntryPoint","urlTemplate":"https:\/\/www.farmtocafeteriacanada.ca\/?s={search_term_string}"},"query-input":{"@type":"PropertyValueSpecification","valueRequired":true,"valueName":"search_term_string"}}],"inLanguage":"fr-FR"},{"@type":"Organization","@id":"https:\/\/www.farmtocafeteriacanada.ca\/#organization","name":"Farm to Cafeteria Canada","url":"https:\/\/www.farmtocafeteriacanada.ca\/","logo":{"@type":"ImageObject","inLanguage":"fr-FR","@id":"https:\/\/www.farmtocafeteriacanada.ca\/#\/schema\/logo\/image\/","url":"http:\/\/www.farmtocafeteriacanada.ca\/wp-content\/uploads\/2015\/03\/f2cc_logo_en2.png","contentUrl":"http:\/\/www.farmtocafeteriacanada.ca\/wp-content\/uploads\/2015\/03\/f2cc_logo_en2.png","width":3000,"height":476,"caption":"Farm to Cafeteria Canada"},"image":{"@id":"https:\/\/www.farmtocafeteriacanada.ca\/#\/schema\/logo\/image\/"},"sameAs":["https:\/\/www.facebook.com\/groups\/FarmtocafeteriaCanada\/","https:\/\/x.com\/Farm2Cafeteria","https:\/\/www.youtube.com\/channel\/UCQjcYiICtAygShD3IwNsewQ"]}]}},"_links":{"self":[{"href":"https:\/\/www.farmtocafeteriacanada.ca\/fr\/wp-json\/wp\/v2\/pages\/16489","targetHints":{"allow":["GET"]}}],"collection":[{"href":"https:\/\/www.farmtocafeteriacanada.ca\/fr\/wp-json\/wp\/v2\/pages"}],"about":[{"href":"https:\/\/www.farmtocafeteriacanada.ca\/fr\/wp-json\/wp\/v2\/types\/page"}],"author":[{"embeddable":true,"href":"https:\/\/www.farmtocafeteriacanada.ca\/fr\/wp-json\/wp\/v2\/users\/3"}],"replies":[{"embeddable":true,"href":"https:\/\/www.farmtocafeteriacanada.ca\/fr\/wp-json\/wp\/v2\/comments?post=16489"}],"version-history":[{"count":5,"href":"https:\/\/www.farmtocafeteriacanada.ca\/fr\/wp-json\/wp\/v2\/pages\/16489\/revisions"}],"predecessor-version":[{"id":16865,"href":"https:\/\/www.farmtocafeteriacanada.ca\/fr\/wp-json\/wp\/v2\/pages\/16489\/revisions\/16865"}],"up":[{"embeddable":true,"href":"https:\/\/www.farmtocafeteriacanada.ca\/fr\/wp-json\/wp\/v2\/pages\/16171"}],"wp:attachment":[{"href":"https:\/\/www.farmtocafeteriacanada.ca\/fr\/wp-json\/wp\/v2\/media?parent=16489"}],"curies":[{"name":"wp","href":"https:\/\/api.w.org\/{rel}","templated":true}]}}