
{"id":15236,"date":"2019-03-08T15:57:31","date_gmt":"2019-03-08T21:57:31","guid":{"rendered":"http:\/\/www.farmtocafeteriacanada.ca\/?page_id=15236"},"modified":"2023-05-15T15:59:37","modified_gmt":"2023-05-15T20:59:37","slug":"le-point-sur-lalimentation-locale-les-ecoles-campus-et-etablissements-de-sante-canadiens-sexpriment","status":"publish","type":"page","link":"https:\/\/www.farmtocafeteriacanada.ca\/fr\/demarrer\/de-la-ferme-a-lecole-canada\/le-point-sur-lalimentation-locale-les-ecoles-campus-et-etablissements-de-sante-canadiens-sexpriment\/","title":{"rendered":"Le point sur l\u2019alimentation locale : les \u00e9coles, campus et \u00e9tablissements de sant\u00e9 canadiens s\u2019expriment"},"content":{"rendered":"<h5 class=\"p1\"><span class=\"s1\"><a href=\"http:\/\/www.farmtocafeteriacanada.ca\/wp-content\/uploads\/2014\/06\/Report-Local-Foods-Canadian-schools-campuses-and-health-care-facilities-speak-up-2013.pdf\"><img loading=\"lazy\" decoding=\"async\" class=\"alignright wp-image-5202 size-medium\" src=\"http:\/\/www.farmtocafeteriacanada.ca\/wp-content\/uploads\/2014\/06\/local_food_canadian_schools-233x300.jpg\" alt=\"Local Foods: Canadian Schools, Campuses, and Health Care Facilities Speak Up\" width=\"233\" height=\"300\" srcset=\"https:\/\/www.farmtocafeteriacanada.ca\/wp-content\/uploads\/2014\/06\/local_food_canadian_schools-233x300.jpg 233w, https:\/\/www.farmtocafeteriacanada.ca\/wp-content\/uploads\/2014\/06\/local_food_canadian_schools.jpg 279w\" sizes=\"auto, (max-width: 233px) 100vw, 233px\" \/><\/a>En 2012, gr\u00e2ce \u00e0 une g\u00e9n\u00e9reuse contribution de la Fondation de la famille J.W.<span class=\"Apple-converted-space\">\u00a0\u00a0<\/span>McConnell, le r\u00e9seau De la ferme \u00e0 la caf\u00e9t\u00e9ria Canada a command\u00e9 le premier sondage national sur les initiatives d\u2019alimentation locale dans les \u00e9coles, campus et \u00e9tablissements de soins de sant\u00e9 canadiens. Selon le rapport intitul\u00e9\u00a0<i>Le point sur l\u2019alimentation scolaire \u2013 les \u00e9coles, campus et \u00e9tablissements de sant\u00e9 canadiens s\u2019expriment<\/i>, \u00ab\u00a0les actions pour approvisionner les organismes publics en aliments sains, cultiv\u00e9s localement et de mani\u00e8re responsable prennent de l\u2019ampleur dans pratiquement toutes les provinces et tous les territoires du pays. Et l\u2019app\u00e9tit va grandissant\u00a0\u00bb. (Atkinson, McKenna, Bays et al, 2013).<\/span><\/h5>\n<p class=\"p1\"><strong><span class=\"s1\">T\u00e9l\u00e9chargez la version int\u00e9grale du rapport ici : <a href=\"http:\/\/www.farmtocafeteriacanada.ca\/wp-content\/uploads\/2014\/06\/Report-Local-Foods-Canadian-schools-campuses-and-health-care-facilities-speak-up-2013.pdf\"><i>Le point sur l\u2019alimentation locale<\/i><\/a><\/span><\/strong><\/p>\n","protected":false},"excerpt":{"rendered":"<p>En 2012, gr\u00e2ce \u00e0 une g\u00e9n\u00e9reuse contribution de la Fondation de la famille J.W.\u00a0\u00a0McConnell, le r\u00e9seau De la ferme \u00e0 la caf\u00e9t\u00e9ria Canada a command\u00e9 le premier sondage national sur les initiatives d\u2019alimentation locale dans les \u00e9coles, campus et \u00e9tablissements de soins de sant\u00e9 canadiens. Selon le rapport intitul\u00e9\u00a0Le point sur l\u2019alimentation scolaire \u2013 les [&hellip;]<\/p>\n","protected":false},"author":3,"featured_media":0,"parent":16171,"menu_order":7,"comment_status":"closed","ping_status":"closed","template":"","meta":{"_acf_changed":false,"_exactmetrics_skip_tracking":false,"_exactmetrics_sitenote_active":false,"_exactmetrics_sitenote_note":"","_exactmetrics_sitenote_category":0,"footnotes":""},"class_list":["post-15236","page","type-page","status-publish","hentry"],"acf":[],"yoast_head":"<!-- This site is optimized with the Yoast SEO plugin v26.7 - https:\/\/yoast.com\/wordpress\/plugins\/seo\/ -->\n<title>Le point sur l\u2019alimentation locale : les \u00e9coles, campus et \u00e9tablissements de sant\u00e9 canadiens s\u2019expriment - Farm to Cafeteria Canada<\/title>\n<meta name=\"robots\" content=\"index, follow, max-snippet:-1, max-image-preview:large, max-video-preview:-1\" \/>\n<link rel=\"canonical\" href=\"https:\/\/www.farmtocafeteriacanada.ca\/fr\/demarrer\/de-la-ferme-a-lecole-canada\/le-point-sur-lalimentation-locale-les-ecoles-campus-et-etablissements-de-sante-canadiens-sexpriment\/\" \/>\n<meta property=\"og:locale\" content=\"fr_FR\" \/>\n<meta property=\"og:type\" content=\"article\" \/>\n<meta property=\"og:title\" content=\"Le point sur l\u2019alimentation locale : les \u00e9coles, campus et \u00e9tablissements de sant\u00e9 canadiens s\u2019expriment - Farm to Cafeteria Canada\" \/>\n<meta property=\"og:description\" content=\"En 2012, gr\u00e2ce \u00e0 une g\u00e9n\u00e9reuse contribution de la Fondation de la famille J.W.\u00a0\u00a0McConnell, le r\u00e9seau De la ferme \u00e0 la caf\u00e9t\u00e9ria Canada a command\u00e9 le premier sondage national sur les initiatives d\u2019alimentation locale dans les \u00e9coles, campus et \u00e9tablissements de soins de sant\u00e9 canadiens. Selon le rapport intitul\u00e9\u00a0Le point sur l\u2019alimentation scolaire \u2013 les [&hellip;]\" \/>\n<meta property=\"og:url\" content=\"https:\/\/www.farmtocafeteriacanada.ca\/fr\/demarrer\/de-la-ferme-a-lecole-canada\/le-point-sur-lalimentation-locale-les-ecoles-campus-et-etablissements-de-sante-canadiens-sexpriment\/\" \/>\n<meta property=\"og:site_name\" content=\"Farm to Cafeteria Canada\" \/>\n<meta property=\"article:publisher\" content=\"https:\/\/www.facebook.com\/groups\/FarmtocafeteriaCanada\/\" \/>\n<meta property=\"article:modified_time\" content=\"2023-05-15T20:59:37+00:00\" \/>\n<meta property=\"og:image\" content=\"http:\/\/www.farmtocafeteriacanada.ca\/wp-content\/uploads\/2014\/06\/local_food_canadian_schools-233x300.jpg\" \/>\n<meta name=\"twitter:card\" content=\"summary_large_image\" \/>\n<meta name=\"twitter:site\" content=\"@Farm2Cafeteria\" \/>\n<meta name=\"twitter:label1\" content=\"Dur\u00e9e de lecture estim\u00e9e\" \/>\n\t<meta name=\"twitter:data1\" content=\"1 minute\" \/>\n<script type=\"application\/ld+json\" class=\"yoast-schema-graph\">{\"@context\":\"https:\/\/schema.org\",\"@graph\":[{\"@type\":\"WebPage\",\"@id\":\"https:\/\/www.farmtocafeteriacanada.ca\/fr\/demarrer\/de-la-ferme-a-lecole-canada\/le-point-sur-lalimentation-locale-les-ecoles-campus-et-etablissements-de-sante-canadiens-sexpriment\/\",\"url\":\"https:\/\/www.farmtocafeteriacanada.ca\/fr\/demarrer\/de-la-ferme-a-lecole-canada\/le-point-sur-lalimentation-locale-les-ecoles-campus-et-etablissements-de-sante-canadiens-sexpriment\/\",\"name\":\"Le point sur l\u2019alimentation locale : les \u00e9coles, campus et \u00e9tablissements de sant\u00e9 canadiens s\u2019expriment - Farm to Cafeteria Canada\",\"isPartOf\":{\"@id\":\"https:\/\/www.farmtocafeteriacanada.ca\/#website\"},\"primaryImageOfPage\":{\"@id\":\"https:\/\/www.farmtocafeteriacanada.ca\/fr\/demarrer\/de-la-ferme-a-lecole-canada\/le-point-sur-lalimentation-locale-les-ecoles-campus-et-etablissements-de-sante-canadiens-sexpriment\/#primaryimage\"},\"image\":{\"@id\":\"https:\/\/www.farmtocafeteriacanada.ca\/fr\/demarrer\/de-la-ferme-a-lecole-canada\/le-point-sur-lalimentation-locale-les-ecoles-campus-et-etablissements-de-sante-canadiens-sexpriment\/#primaryimage\"},\"thumbnailUrl\":\"http:\/\/www.farmtocafeteriacanada.ca\/wp-content\/uploads\/2014\/06\/local_food_canadian_schools-233x300.jpg\",\"datePublished\":\"2019-03-08T21:57:31+00:00\",\"dateModified\":\"2023-05-15T20:59:37+00:00\",\"breadcrumb\":{\"@id\":\"https:\/\/www.farmtocafeteriacanada.ca\/fr\/demarrer\/de-la-ferme-a-lecole-canada\/le-point-sur-lalimentation-locale-les-ecoles-campus-et-etablissements-de-sante-canadiens-sexpriment\/#breadcrumb\"},\"inLanguage\":\"fr-FR\",\"potentialAction\":[{\"@type\":\"ReadAction\",\"target\":[\"https:\/\/www.farmtocafeteriacanada.ca\/fr\/demarrer\/de-la-ferme-a-lecole-canada\/le-point-sur-lalimentation-locale-les-ecoles-campus-et-etablissements-de-sante-canadiens-sexpriment\/\"]}]},{\"@type\":\"ImageObject\",\"inLanguage\":\"fr-FR\",\"@id\":\"https:\/\/www.farmtocafeteriacanada.ca\/fr\/demarrer\/de-la-ferme-a-lecole-canada\/le-point-sur-lalimentation-locale-les-ecoles-campus-et-etablissements-de-sante-canadiens-sexpriment\/#primaryimage\",\"url\":\"http:\/\/www.farmtocafeteriacanada.ca\/wp-content\/uploads\/2014\/06\/local_food_canadian_schools-233x300.jpg\",\"contentUrl\":\"http:\/\/www.farmtocafeteriacanada.ca\/wp-content\/uploads\/2014\/06\/local_food_canadian_schools-233x300.jpg\"},{\"@type\":\"BreadcrumbList\",\"@id\":\"https:\/\/www.farmtocafeteriacanada.ca\/fr\/demarrer\/de-la-ferme-a-lecole-canada\/le-point-sur-lalimentation-locale-les-ecoles-campus-et-etablissements-de-sante-canadiens-sexpriment\/#breadcrumb\",\"itemListElement\":[{\"@type\":\"ListItem\",\"position\":1,\"name\":\"Home\",\"item\":\"https:\/\/www.farmtocafeteriacanada.ca\/fr\/accueil\/\"},{\"@type\":\"ListItem\",\"position\":2,\"name\":\"D\u00e9marrer\",\"item\":\"https:\/\/www.farmtocafeteriacanada.ca\/fr\/demarrer\/\"},{\"@type\":\"ListItem\",\"position\":3,\"name\":\"De la ferme \u00e0 l&#8217;\u00e9cole\",\"item\":\"https:\/\/www.farmtocafeteriacanada.ca\/fr\/demarrer\/de-la-ferme-a-lecole-canada\/\"},{\"@type\":\"ListItem\",\"position\":4,\"name\":\"Le point sur l\u2019alimentation locale : les \u00e9coles, campus et \u00e9tablissements de sant\u00e9 canadiens s\u2019expriment\"}]},{\"@type\":\"WebSite\",\"@id\":\"https:\/\/www.farmtocafeteriacanada.ca\/#website\",\"url\":\"https:\/\/www.farmtocafeteriacanada.ca\/\",\"name\":\"Farm to Cafeteria Canada\",\"description\":\"\",\"publisher\":{\"@id\":\"https:\/\/www.farmtocafeteriacanada.ca\/#organization\"},\"potentialAction\":[{\"@type\":\"SearchAction\",\"target\":{\"@type\":\"EntryPoint\",\"urlTemplate\":\"https:\/\/www.farmtocafeteriacanada.ca\/?s={search_term_string}\"},\"query-input\":{\"@type\":\"PropertyValueSpecification\",\"valueRequired\":true,\"valueName\":\"search_term_string\"}}],\"inLanguage\":\"fr-FR\"},{\"@type\":\"Organization\",\"@id\":\"https:\/\/www.farmtocafeteriacanada.ca\/#organization\",\"name\":\"Farm to Cafeteria Canada\",\"url\":\"https:\/\/www.farmtocafeteriacanada.ca\/\",\"logo\":{\"@type\":\"ImageObject\",\"inLanguage\":\"fr-FR\",\"@id\":\"https:\/\/www.farmtocafeteriacanada.ca\/#\/schema\/logo\/image\/\",\"url\":\"http:\/\/www.farmtocafeteriacanada.ca\/wp-content\/uploads\/2015\/03\/f2cc_logo_en2.png\",\"contentUrl\":\"http:\/\/www.farmtocafeteriacanada.ca\/wp-content\/uploads\/2015\/03\/f2cc_logo_en2.png\",\"width\":3000,\"height\":476,\"caption\":\"Farm to Cafeteria Canada\"},\"image\":{\"@id\":\"https:\/\/www.farmtocafeteriacanada.ca\/#\/schema\/logo\/image\/\"},\"sameAs\":[\"https:\/\/www.facebook.com\/groups\/FarmtocafeteriaCanada\/\",\"https:\/\/x.com\/Farm2Cafeteria\",\"https:\/\/www.youtube.com\/channel\/UCQjcYiICtAygShD3IwNsewQ\"]}]}<\/script>\n<!-- \/ Yoast SEO plugin. -->","yoast_head_json":{"title":"Le point sur l\u2019alimentation locale : les \u00e9coles, campus et \u00e9tablissements de sant\u00e9 canadiens s\u2019expriment - Farm to Cafeteria Canada","robots":{"index":"index","follow":"follow","max-snippet":"max-snippet:-1","max-image-preview":"max-image-preview:large","max-video-preview":"max-video-preview:-1"},"canonical":"https:\/\/www.farmtocafeteriacanada.ca\/fr\/demarrer\/de-la-ferme-a-lecole-canada\/le-point-sur-lalimentation-locale-les-ecoles-campus-et-etablissements-de-sante-canadiens-sexpriment\/","og_locale":"fr_FR","og_type":"article","og_title":"Le point sur l\u2019alimentation locale : les \u00e9coles, campus et \u00e9tablissements de sant\u00e9 canadiens s\u2019expriment - Farm to Cafeteria Canada","og_description":"En 2012, gr\u00e2ce \u00e0 une g\u00e9n\u00e9reuse contribution de la Fondation de la famille J.W.\u00a0\u00a0McConnell, le r\u00e9seau De la ferme \u00e0 la caf\u00e9t\u00e9ria Canada a command\u00e9 le premier sondage national sur les initiatives d\u2019alimentation locale dans les \u00e9coles, campus et \u00e9tablissements de soins de sant\u00e9 canadiens. Selon le rapport intitul\u00e9\u00a0Le point sur l\u2019alimentation scolaire \u2013 les [&hellip;]","og_url":"https:\/\/www.farmtocafeteriacanada.ca\/fr\/demarrer\/de-la-ferme-a-lecole-canada\/le-point-sur-lalimentation-locale-les-ecoles-campus-et-etablissements-de-sante-canadiens-sexpriment\/","og_site_name":"Farm to Cafeteria Canada","article_publisher":"https:\/\/www.facebook.com\/groups\/FarmtocafeteriaCanada\/","article_modified_time":"2023-05-15T20:59:37+00:00","og_image":[{"url":"http:\/\/www.farmtocafeteriacanada.ca\/wp-content\/uploads\/2014\/06\/local_food_canadian_schools-233x300.jpg","type":"","width":"","height":""}],"twitter_card":"summary_large_image","twitter_site":"@Farm2Cafeteria","twitter_misc":{"Dur\u00e9e de lecture estim\u00e9e":"1 minute"},"schema":{"@context":"https:\/\/schema.org","@graph":[{"@type":"WebPage","@id":"https:\/\/www.farmtocafeteriacanada.ca\/fr\/demarrer\/de-la-ferme-a-lecole-canada\/le-point-sur-lalimentation-locale-les-ecoles-campus-et-etablissements-de-sante-canadiens-sexpriment\/","url":"https:\/\/www.farmtocafeteriacanada.ca\/fr\/demarrer\/de-la-ferme-a-lecole-canada\/le-point-sur-lalimentation-locale-les-ecoles-campus-et-etablissements-de-sante-canadiens-sexpriment\/","name":"Le point sur l\u2019alimentation locale : les \u00e9coles, campus et \u00e9tablissements de sant\u00e9 canadiens s\u2019expriment - Farm to Cafeteria Canada","isPartOf":{"@id":"https:\/\/www.farmtocafeteriacanada.ca\/#website"},"primaryImageOfPage":{"@id":"https:\/\/www.farmtocafeteriacanada.ca\/fr\/demarrer\/de-la-ferme-a-lecole-canada\/le-point-sur-lalimentation-locale-les-ecoles-campus-et-etablissements-de-sante-canadiens-sexpriment\/#primaryimage"},"image":{"@id":"https:\/\/www.farmtocafeteriacanada.ca\/fr\/demarrer\/de-la-ferme-a-lecole-canada\/le-point-sur-lalimentation-locale-les-ecoles-campus-et-etablissements-de-sante-canadiens-sexpriment\/#primaryimage"},"thumbnailUrl":"http:\/\/www.farmtocafeteriacanada.ca\/wp-content\/uploads\/2014\/06\/local_food_canadian_schools-233x300.jpg","datePublished":"2019-03-08T21:57:31+00:00","dateModified":"2023-05-15T20:59:37+00:00","breadcrumb":{"@id":"https:\/\/www.farmtocafeteriacanada.ca\/fr\/demarrer\/de-la-ferme-a-lecole-canada\/le-point-sur-lalimentation-locale-les-ecoles-campus-et-etablissements-de-sante-canadiens-sexpriment\/#breadcrumb"},"inLanguage":"fr-FR","potentialAction":[{"@type":"ReadAction","target":["https:\/\/www.farmtocafeteriacanada.ca\/fr\/demarrer\/de-la-ferme-a-lecole-canada\/le-point-sur-lalimentation-locale-les-ecoles-campus-et-etablissements-de-sante-canadiens-sexpriment\/"]}]},{"@type":"ImageObject","inLanguage":"fr-FR","@id":"https:\/\/www.farmtocafeteriacanada.ca\/fr\/demarrer\/de-la-ferme-a-lecole-canada\/le-point-sur-lalimentation-locale-les-ecoles-campus-et-etablissements-de-sante-canadiens-sexpriment\/#primaryimage","url":"http:\/\/www.farmtocafeteriacanada.ca\/wp-content\/uploads\/2014\/06\/local_food_canadian_schools-233x300.jpg","contentUrl":"http:\/\/www.farmtocafeteriacanada.ca\/wp-content\/uploads\/2014\/06\/local_food_canadian_schools-233x300.jpg"},{"@type":"BreadcrumbList","@id":"https:\/\/www.farmtocafeteriacanada.ca\/fr\/demarrer\/de-la-ferme-a-lecole-canada\/le-point-sur-lalimentation-locale-les-ecoles-campus-et-etablissements-de-sante-canadiens-sexpriment\/#breadcrumb","itemListElement":[{"@type":"ListItem","position":1,"name":"Home","item":"https:\/\/www.farmtocafeteriacanada.ca\/fr\/accueil\/"},{"@type":"ListItem","position":2,"name":"D\u00e9marrer","item":"https:\/\/www.farmtocafeteriacanada.ca\/fr\/demarrer\/"},{"@type":"ListItem","position":3,"name":"De la ferme \u00e0 l&#8217;\u00e9cole","item":"https:\/\/www.farmtocafeteriacanada.ca\/fr\/demarrer\/de-la-ferme-a-lecole-canada\/"},{"@type":"ListItem","position":4,"name":"Le point sur l\u2019alimentation locale : les \u00e9coles, campus et \u00e9tablissements de sant\u00e9 canadiens s\u2019expriment"}]},{"@type":"WebSite","@id":"https:\/\/www.farmtocafeteriacanada.ca\/#website","url":"https:\/\/www.farmtocafeteriacanada.ca\/","name":"Farm to Cafeteria Canada","description":"","publisher":{"@id":"https:\/\/www.farmtocafeteriacanada.ca\/#organization"},"potentialAction":[{"@type":"SearchAction","target":{"@type":"EntryPoint","urlTemplate":"https:\/\/www.farmtocafeteriacanada.ca\/?s={search_term_string}"},"query-input":{"@type":"PropertyValueSpecification","valueRequired":true,"valueName":"search_term_string"}}],"inLanguage":"fr-FR"},{"@type":"Organization","@id":"https:\/\/www.farmtocafeteriacanada.ca\/#organization","name":"Farm to Cafeteria Canada","url":"https:\/\/www.farmtocafeteriacanada.ca\/","logo":{"@type":"ImageObject","inLanguage":"fr-FR","@id":"https:\/\/www.farmtocafeteriacanada.ca\/#\/schema\/logo\/image\/","url":"http:\/\/www.farmtocafeteriacanada.ca\/wp-content\/uploads\/2015\/03\/f2cc_logo_en2.png","contentUrl":"http:\/\/www.farmtocafeteriacanada.ca\/wp-content\/uploads\/2015\/03\/f2cc_logo_en2.png","width":3000,"height":476,"caption":"Farm to Cafeteria Canada"},"image":{"@id":"https:\/\/www.farmtocafeteriacanada.ca\/#\/schema\/logo\/image\/"},"sameAs":["https:\/\/www.facebook.com\/groups\/FarmtocafeteriaCanada\/","https:\/\/x.com\/Farm2Cafeteria","https:\/\/www.youtube.com\/channel\/UCQjcYiICtAygShD3IwNsewQ"]}]}},"_links":{"self":[{"href":"https:\/\/www.farmtocafeteriacanada.ca\/fr\/wp-json\/wp\/v2\/pages\/15236","targetHints":{"allow":["GET"]}}],"collection":[{"href":"https:\/\/www.farmtocafeteriacanada.ca\/fr\/wp-json\/wp\/v2\/pages"}],"about":[{"href":"https:\/\/www.farmtocafeteriacanada.ca\/fr\/wp-json\/wp\/v2\/types\/page"}],"author":[{"embeddable":true,"href":"https:\/\/www.farmtocafeteriacanada.ca\/fr\/wp-json\/wp\/v2\/users\/3"}],"replies":[{"embeddable":true,"href":"https:\/\/www.farmtocafeteriacanada.ca\/fr\/wp-json\/wp\/v2\/comments?post=15236"}],"version-history":[{"count":5,"href":"https:\/\/www.farmtocafeteriacanada.ca\/fr\/wp-json\/wp\/v2\/pages\/15236\/revisions"}],"predecessor-version":[{"id":39377,"href":"https:\/\/www.farmtocafeteriacanada.ca\/fr\/wp-json\/wp\/v2\/pages\/15236\/revisions\/39377"}],"up":[{"embeddable":true,"href":"https:\/\/www.farmtocafeteriacanada.ca\/fr\/wp-json\/wp\/v2\/pages\/16171"}],"wp:attachment":[{"href":"https:\/\/www.farmtocafeteriacanada.ca\/fr\/wp-json\/wp\/v2\/media?parent=15236"}],"curies":[{"name":"wp","href":"https:\/\/api.w.org\/{rel}","templated":true}]}}