
{"id":13892,"date":"2018-09-12T14:21:27","date_gmt":"2018-09-12T19:21:27","guid":{"rendered":"http:\/\/www.farmtocafeteriacanada.ca\/?page_id=13892"},"modified":"2019-09-09T14:36:29","modified_gmt":"2019-09-09T19:36:29","slug":"congres-national-de-la-ferme-a-lecole","status":"publish","type":"page","link":"https:\/\/www.farmtocafeteriacanada.ca\/fr\/demarrer\/de-la-ferme-a-lecole-canada\/congres-national-de-la-ferme-a-lecole\/","title":{"rendered":"Congr\u00e8s national De la ferme \u00e0 l\u2019\u00e9cole"},"content":{"rendered":"<h4><a href=\"http:\/\/farmtoschoolconference2019.ca\/fr\/\"><img loading=\"lazy\" decoding=\"async\" class=\"aligncenter wp-image-14924 size-full\" src=\"http:\/\/www.farmtocafeteriacanada.ca\/wp-content\/uploads\/conference_2019_slider3_fr.jpg\" alt=\"2019 conference slider\" width=\"1240\" height=\"450\" srcset=\"https:\/\/www.farmtocafeteriacanada.ca\/wp-content\/uploads\/conference_2019_slider3_fr.jpg 1240w, https:\/\/www.farmtocafeteriacanada.ca\/wp-content\/uploads\/conference_2019_slider3_fr-768x279.jpg 768w, https:\/\/www.farmtocafeteriacanada.ca\/wp-content\/uploads\/conference_2019_slider3_fr-590x215.jpg 590w\" sizes=\"auto, (max-width: 1240px) 100vw, 1240px\" \/><\/a><\/h4>\n<hr \/>\n<h3 class=\"p1\" style=\"text-align: center;\"><em><span class=\"s1\" style=\"color: #cb425f;\"><b>Victoria, en Colombie-Britannique 15 &#8211; 17 mai, 2019<\/b><\/span><\/em><\/h3>\n<hr \/>\n<h5 class=\"p1\" style=\"text-align: center;\"><a class=\"gdlr-core-button gdlr-core-button-shortcode  gdlr-core-button-gradient gdlr-core-button-no-border\" href=\"http:\/\/www.farmtocafeteriacanada.ca\/wp-content\/uploads\/F2S-Conference-Proceedings_FR.pdf\" target=\"_blank\"  style=\"margin-right: 20px;\"  ><span class=\"gdlr-core-content\"  >R\u00e9sum\u00e9 des d\u00e9lib\u00e9rations<\/span><\/a><\/h5>\n<h5 class=\"p1\"><span style=\"color: #cb425f;\"><span class=\"s1\">Joignez-vous \u00e0 nous sur la c\u00f4te est du Canada, dans la magnifique ville de Victoria, en Colombie-Britannique, territoire traditionnel des peuples de langu<span style=\"color: #cb425f;\">e lekwungen (<\/span><\/span><span class=\"s2\">L&#8217;kwungen)<\/span><span class=\"s1\"> des Premi\u00e8res Nations Songhees et Esquimalt et des peuples de langue saanich (<\/span><\/span><span class=\"s2\"><span style=\"color: #cb425f;\">SEN\u0106O\u0166EN) de la Premi\u00e8re Nation W\u0331S\u00c1NE\u0106.\u00a0<\/span> <\/span><\/h5>\n<p class=\"p1\"><strong><span class=\"s1\">Ce congr\u00e8s r\u00e9unira plus de 450 participants de partout sur le continent qui souhaitent apprendre, c\u00e9l\u00e9brer, partager et inspirer le mouvement visant \u00e0 accro\u00eetre la pr\u00e9sence d\u2019aliments sains, locaux et durables dans l\u2019esprit et dans l\u2019assiette des \u00e9l\u00e8ves et des \u00e9tudiants du Canada et d\u2019ailleurs. <\/span><\/strong><\/p>\n<p class=\"p1\"><strong><span class=\"s1\">Le mouvement De la ferme \u00e0 l\u2019\u00e9cole ne se r\u00e9sume pas \u00e0 ce que les enfants mangent pour le d\u00eener\u00a0: c\u2019est un mouvement qui favorise la sant\u00e9 et l\u2019alimentation des jeunes tout en cr\u00e9ant des collectivit\u00e9s fortes et des syst\u00e8mes alimentaires r\u00e9gionaux r\u00e9silients et durables. Le congr\u00e8s saura s\u00fbrement int\u00e9resser\u00a0:<\/span><\/strong><\/p>\n<ul>\n<li>\n<p class=\"p1\"><span class=\"s1\"><b>les communaut\u00e9s pr\u00e9scolaires, scolaires, coll\u00e9giales et universitaires :<\/b> membres du corps professoral et de l\u2019administration, agents d\u2019approvisionnement, cuisiniers, \u00e9ducateurs de la petite enfance, enseignants, directeurs d\u2019\u00e9cole, parents, \u00e9l\u00e8ves, \u00e9tudiants, repr\u00e9sentants de districts et de conseils scolaires, coordonnateurs de programmes d\u2019alimentation scolaires et bailleurs de fonds;<\/span><\/p>\n<\/li>\n<li>\n<p class=\"p1\"><span class=\"s1\"><b>les d\u00e9cideurs :<\/b> repr\u00e9sentants de divers ordres de gouvernement, surtout dans les domaines de l\u2019\u00e9ducation, des \u00e9tudes sup\u00e9rieures, de la sant\u00e9, de l\u2019agriculture et de l\u2019environnement;<\/span><\/p>\n<\/li>\n<li>\n<p class=\"p1\"><span class=\"s1\"><b>le personnel scolaire et les membres des communaut\u00e9s autochtones; <\/b><\/span><\/p>\n<\/li>\n<li>\n<p class=\"p1\"><b><\/b><span class=\"s1\"><b>les professionnels de la sant\u00e9 :<\/b> di\u00e9t\u00e9tistes, agents en hygi\u00e8ne de l\u2019environnement, inspecteurs de la sant\u00e9 publique, intervenants communautaires et infirmi\u00e8res scolaires<\/span><\/p>\n<\/li>\n<li>\n<p class=\"p1\"><span class=\"s1\"><b>les organismes non gouvernementaux :<\/b> programmes De la ferme \u00e0 l\u2019\u00e9cole, d\u2019alimentation scolaire, de nutrition des \u00e9l\u00e8ves, d\u2019alimentation apr\u00e8s classe, d\u2019alphab\u00e9tisation alimentaire et de souverainet\u00e9 alimentaire; syst\u00e8mes alimentaires durables; \u00e9coles et collectivit\u00e9s en sant\u00e9;<\/span><\/p>\n<\/li>\n<li>\n<p class=\"p1\"><span class=\"s1\"><b>les repr\u00e9sentants de la cha\u00eene d\u2019approvisionnement alimentaire du milieu scolaire\u00a0: <\/b>agriculteurs, p\u00eacheurs, transformateurs, distributeurs et fournisseurs d\u2019aliments, traiteurs, cuisiniers, responsables de jardins scolaires ou communautaires, repr\u00e9sentants de march\u00e9s agricoles et de centres d\u2019alimentation communautaires;<\/span><\/p>\n<\/li>\n<li>\n<p class=\"p1\"><span class=\"s1\"><b>les chercheurs et les \u00e9valuateurs <\/b>qui \u00e9tudient l\u2019alimentation en milieu scolaire, la nutrition chez les \u00e9l\u00e8ves ou les \u00e9tudiants et les syst\u00e8mes alimentaires durables;<\/span><\/p>\n<\/li>\n<li>\n<p class=\"p1\"><span class=\"s1\"><b>et quiconque s\u2019int\u00e9resse \u00e0 la sant\u00e9 et \u00e0 la durabilit\u00e9 des gens, des communaut\u00e9s et de la plan\u00e8te!<\/b><\/span><\/p>\n<\/li>\n<\/ul>\n<h6 class=\"p1\"><span class=\"s1\">Assurez-vous de r\u00e9server la date et de <a href=\"https:\/\/www.farmtocafeteriacanada.ca\/get-connected\/\"><span class=\"s2\">rester en contact<\/span><\/a> avec nous par l\u2019interm\u00e9diaire de notre bulletin et de nos plateformes de m\u00e9dias sociaux afin d\u2019\u00eatre les premiers \u00e0 conna\u00eetre tous les palpitants d\u00e9tails du programme!<\/span><\/h6>\n<hr \/>\n<h5 class=\"p1\" style=\"text-align: center;\"><span style=\"color: #cb425f;\"><b>Le site web de la conf\u00e9rence de 2019 est maintenant en ligne!<\/b><\/span><\/h5>\n<p style=\"text-align: center;\"><a class=\"gdlr-core-button gdlr-core-button-shortcode  gdlr-core-button-gradient gdlr-core-button-no-border\" href=\"http:\/\/farmtoschoolconference2019.ca\/fr\/\" target=\"_blank\"  style=\"margin-right: 20px;\"  ><span class=\"gdlr-core-content\"  >farmtoschoolconference2019.ca\/fr<\/span><\/a><\/p>\n","protected":false},"excerpt":{"rendered":"<p>Victoria, en Colombie-Britannique 15 &#8211; 17 mai, 2019 Joignez-vous \u00e0 nous sur la c\u00f4te est du Canada, dans la magnifique ville de Victoria, en Colombie-Britannique, territoire traditionnel des peuples de langue lekwungen (L&#8217;kwungen) des Premi\u00e8res Nations Songhees et Esquimalt et des peuples de langue saanich (SEN\u0106O\u0166EN) de la Premi\u00e8re Nation W\u0331S\u00c1NE\u0106.\u00a0 Ce congr\u00e8s r\u00e9unira plus [&hellip;]<\/p>\n","protected":false},"author":3,"featured_media":0,"parent":16171,"menu_order":4,"comment_status":"closed","ping_status":"closed","template":"","meta":{"_acf_changed":false,"_exactmetrics_skip_tracking":false,"_exactmetrics_sitenote_active":false,"_exactmetrics_sitenote_note":"","_exactmetrics_sitenote_category":0,"footnotes":""},"class_list":["post-13892","page","type-page","status-publish","hentry"],"acf":[],"yoast_head":"<!-- This site is optimized with the Yoast SEO plugin v26.7 - https:\/\/yoast.com\/wordpress\/plugins\/seo\/ -->\n<title>Congr\u00e8s national De la ferme \u00e0 l\u2019\u00e9cole - Farm to Cafeteria Canada<\/title>\n<meta name=\"robots\" content=\"index, follow, max-snippet:-1, max-image-preview:large, max-video-preview:-1\" \/>\n<link rel=\"canonical\" href=\"https:\/\/www.farmtocafeteriacanada.ca\/fr\/demarrer\/de-la-ferme-a-lecole-canada\/congres-national-de-la-ferme-a-lecole\/\" \/>\n<meta property=\"og:locale\" content=\"fr_FR\" \/>\n<meta property=\"og:type\" content=\"article\" \/>\n<meta property=\"og:title\" content=\"Congr\u00e8s national De la ferme \u00e0 l\u2019\u00e9cole - Farm to Cafeteria Canada\" \/>\n<meta property=\"og:description\" content=\"Victoria, en Colombie-Britannique 15 &#8211; 17 mai, 2019 Joignez-vous \u00e0 nous sur la c\u00f4te est du Canada, dans la magnifique ville de Victoria, en Colombie-Britannique, territoire traditionnel des peuples de langue lekwungen (L&#8217;kwungen) des Premi\u00e8res Nations Songhees et Esquimalt et des peuples de langue saanich (SEN\u0106O\u0166EN) de la Premi\u00e8re Nation W\u0331S\u00c1NE\u0106.\u00a0 Ce congr\u00e8s r\u00e9unira plus [&hellip;]\" \/>\n<meta property=\"og:url\" content=\"https:\/\/www.farmtocafeteriacanada.ca\/fr\/demarrer\/de-la-ferme-a-lecole-canada\/congres-national-de-la-ferme-a-lecole\/\" \/>\n<meta property=\"og:site_name\" content=\"Farm to Cafeteria Canada\" \/>\n<meta property=\"article:publisher\" content=\"https:\/\/www.facebook.com\/groups\/FarmtocafeteriaCanada\/\" \/>\n<meta property=\"article:modified_time\" content=\"2019-09-09T19:36:29+00:00\" \/>\n<meta property=\"og:image\" content=\"http:\/\/www.farmtocafeteriacanada.ca\/wp-content\/uploads\/conference_2019_slider3_fr.jpg\" \/>\n<meta name=\"twitter:card\" content=\"summary_large_image\" \/>\n<meta name=\"twitter:site\" content=\"@Farm2Cafeteria\" \/>\n<meta name=\"twitter:label1\" content=\"Dur\u00e9e de lecture estim\u00e9e\" \/>\n\t<meta name=\"twitter:data1\" content=\"3 minutes\" \/>\n<script type=\"application\/ld+json\" class=\"yoast-schema-graph\">{\"@context\":\"https:\/\/schema.org\",\"@graph\":[{\"@type\":\"WebPage\",\"@id\":\"https:\/\/www.farmtocafeteriacanada.ca\/fr\/demarrer\/de-la-ferme-a-lecole-canada\/congres-national-de-la-ferme-a-lecole\/\",\"url\":\"https:\/\/www.farmtocafeteriacanada.ca\/fr\/demarrer\/de-la-ferme-a-lecole-canada\/congres-national-de-la-ferme-a-lecole\/\",\"name\":\"Congr\u00e8s national De la ferme \u00e0 l\u2019\u00e9cole - Farm to Cafeteria Canada\",\"isPartOf\":{\"@id\":\"https:\/\/www.farmtocafeteriacanada.ca\/#website\"},\"primaryImageOfPage\":{\"@id\":\"https:\/\/www.farmtocafeteriacanada.ca\/fr\/demarrer\/de-la-ferme-a-lecole-canada\/congres-national-de-la-ferme-a-lecole\/#primaryimage\"},\"image\":{\"@id\":\"https:\/\/www.farmtocafeteriacanada.ca\/fr\/demarrer\/de-la-ferme-a-lecole-canada\/congres-national-de-la-ferme-a-lecole\/#primaryimage\"},\"thumbnailUrl\":\"http:\/\/www.farmtocafeteriacanada.ca\/wp-content\/uploads\/conference_2019_slider3_fr.jpg\",\"datePublished\":\"2018-09-12T19:21:27+00:00\",\"dateModified\":\"2019-09-09T19:36:29+00:00\",\"breadcrumb\":{\"@id\":\"https:\/\/www.farmtocafeteriacanada.ca\/fr\/demarrer\/de-la-ferme-a-lecole-canada\/congres-national-de-la-ferme-a-lecole\/#breadcrumb\"},\"inLanguage\":\"fr-FR\",\"potentialAction\":[{\"@type\":\"ReadAction\",\"target\":[\"https:\/\/www.farmtocafeteriacanada.ca\/fr\/demarrer\/de-la-ferme-a-lecole-canada\/congres-national-de-la-ferme-a-lecole\/\"]}]},{\"@type\":\"ImageObject\",\"inLanguage\":\"fr-FR\",\"@id\":\"https:\/\/www.farmtocafeteriacanada.ca\/fr\/demarrer\/de-la-ferme-a-lecole-canada\/congres-national-de-la-ferme-a-lecole\/#primaryimage\",\"url\":\"http:\/\/www.farmtocafeteriacanada.ca\/wp-content\/uploads\/conference_2019_slider3_fr.jpg\",\"contentUrl\":\"http:\/\/www.farmtocafeteriacanada.ca\/wp-content\/uploads\/conference_2019_slider3_fr.jpg\"},{\"@type\":\"BreadcrumbList\",\"@id\":\"https:\/\/www.farmtocafeteriacanada.ca\/fr\/demarrer\/de-la-ferme-a-lecole-canada\/congres-national-de-la-ferme-a-lecole\/#breadcrumb\",\"itemListElement\":[{\"@type\":\"ListItem\",\"position\":1,\"name\":\"Home\",\"item\":\"https:\/\/www.farmtocafeteriacanada.ca\/fr\/accueil\/\"},{\"@type\":\"ListItem\",\"position\":2,\"name\":\"D\u00e9marrer\",\"item\":\"https:\/\/www.farmtocafeteriacanada.ca\/fr\/demarrer\/\"},{\"@type\":\"ListItem\",\"position\":3,\"name\":\"De la ferme \u00e0 l&#8217;\u00e9cole\",\"item\":\"https:\/\/www.farmtocafeteriacanada.ca\/fr\/demarrer\/de-la-ferme-a-lecole-canada\/\"},{\"@type\":\"ListItem\",\"position\":4,\"name\":\"Congr\u00e8s national De la ferme \u00e0 l\u2019\u00e9cole\"}]},{\"@type\":\"WebSite\",\"@id\":\"https:\/\/www.farmtocafeteriacanada.ca\/#website\",\"url\":\"https:\/\/www.farmtocafeteriacanada.ca\/\",\"name\":\"Farm to Cafeteria Canada\",\"description\":\"\",\"publisher\":{\"@id\":\"https:\/\/www.farmtocafeteriacanada.ca\/#organization\"},\"potentialAction\":[{\"@type\":\"SearchAction\",\"target\":{\"@type\":\"EntryPoint\",\"urlTemplate\":\"https:\/\/www.farmtocafeteriacanada.ca\/?s={search_term_string}\"},\"query-input\":{\"@type\":\"PropertyValueSpecification\",\"valueRequired\":true,\"valueName\":\"search_term_string\"}}],\"inLanguage\":\"fr-FR\"},{\"@type\":\"Organization\",\"@id\":\"https:\/\/www.farmtocafeteriacanada.ca\/#organization\",\"name\":\"Farm to Cafeteria Canada\",\"url\":\"https:\/\/www.farmtocafeteriacanada.ca\/\",\"logo\":{\"@type\":\"ImageObject\",\"inLanguage\":\"fr-FR\",\"@id\":\"https:\/\/www.farmtocafeteriacanada.ca\/#\/schema\/logo\/image\/\",\"url\":\"http:\/\/www.farmtocafeteriacanada.ca\/wp-content\/uploads\/2015\/03\/f2cc_logo_en2.png\",\"contentUrl\":\"http:\/\/www.farmtocafeteriacanada.ca\/wp-content\/uploads\/2015\/03\/f2cc_logo_en2.png\",\"width\":3000,\"height\":476,\"caption\":\"Farm to Cafeteria Canada\"},\"image\":{\"@id\":\"https:\/\/www.farmtocafeteriacanada.ca\/#\/schema\/logo\/image\/\"},\"sameAs\":[\"https:\/\/www.facebook.com\/groups\/FarmtocafeteriaCanada\/\",\"https:\/\/x.com\/Farm2Cafeteria\",\"https:\/\/www.youtube.com\/channel\/UCQjcYiICtAygShD3IwNsewQ\"]}]}<\/script>\n<!-- \/ Yoast SEO plugin. -->","yoast_head_json":{"title":"Congr\u00e8s national De la ferme \u00e0 l\u2019\u00e9cole - Farm to Cafeteria Canada","robots":{"index":"index","follow":"follow","max-snippet":"max-snippet:-1","max-image-preview":"max-image-preview:large","max-video-preview":"max-video-preview:-1"},"canonical":"https:\/\/www.farmtocafeteriacanada.ca\/fr\/demarrer\/de-la-ferme-a-lecole-canada\/congres-national-de-la-ferme-a-lecole\/","og_locale":"fr_FR","og_type":"article","og_title":"Congr\u00e8s national De la ferme \u00e0 l\u2019\u00e9cole - Farm to Cafeteria Canada","og_description":"Victoria, en Colombie-Britannique 15 &#8211; 17 mai, 2019 Joignez-vous \u00e0 nous sur la c\u00f4te est du Canada, dans la magnifique ville de Victoria, en Colombie-Britannique, territoire traditionnel des peuples de langue lekwungen (L&#8217;kwungen) des Premi\u00e8res Nations Songhees et Esquimalt et des peuples de langue saanich (SEN\u0106O\u0166EN) de la Premi\u00e8re Nation W\u0331S\u00c1NE\u0106.\u00a0 Ce congr\u00e8s r\u00e9unira plus [&hellip;]","og_url":"https:\/\/www.farmtocafeteriacanada.ca\/fr\/demarrer\/de-la-ferme-a-lecole-canada\/congres-national-de-la-ferme-a-lecole\/","og_site_name":"Farm to Cafeteria Canada","article_publisher":"https:\/\/www.facebook.com\/groups\/FarmtocafeteriaCanada\/","article_modified_time":"2019-09-09T19:36:29+00:00","og_image":[{"url":"http:\/\/www.farmtocafeteriacanada.ca\/wp-content\/uploads\/conference_2019_slider3_fr.jpg","type":"","width":"","height":""}],"twitter_card":"summary_large_image","twitter_site":"@Farm2Cafeteria","twitter_misc":{"Dur\u00e9e de lecture estim\u00e9e":"3 minutes"},"schema":{"@context":"https:\/\/schema.org","@graph":[{"@type":"WebPage","@id":"https:\/\/www.farmtocafeteriacanada.ca\/fr\/demarrer\/de-la-ferme-a-lecole-canada\/congres-national-de-la-ferme-a-lecole\/","url":"https:\/\/www.farmtocafeteriacanada.ca\/fr\/demarrer\/de-la-ferme-a-lecole-canada\/congres-national-de-la-ferme-a-lecole\/","name":"Congr\u00e8s national De la ferme \u00e0 l\u2019\u00e9cole - Farm to Cafeteria Canada","isPartOf":{"@id":"https:\/\/www.farmtocafeteriacanada.ca\/#website"},"primaryImageOfPage":{"@id":"https:\/\/www.farmtocafeteriacanada.ca\/fr\/demarrer\/de-la-ferme-a-lecole-canada\/congres-national-de-la-ferme-a-lecole\/#primaryimage"},"image":{"@id":"https:\/\/www.farmtocafeteriacanada.ca\/fr\/demarrer\/de-la-ferme-a-lecole-canada\/congres-national-de-la-ferme-a-lecole\/#primaryimage"},"thumbnailUrl":"http:\/\/www.farmtocafeteriacanada.ca\/wp-content\/uploads\/conference_2019_slider3_fr.jpg","datePublished":"2018-09-12T19:21:27+00:00","dateModified":"2019-09-09T19:36:29+00:00","breadcrumb":{"@id":"https:\/\/www.farmtocafeteriacanada.ca\/fr\/demarrer\/de-la-ferme-a-lecole-canada\/congres-national-de-la-ferme-a-lecole\/#breadcrumb"},"inLanguage":"fr-FR","potentialAction":[{"@type":"ReadAction","target":["https:\/\/www.farmtocafeteriacanada.ca\/fr\/demarrer\/de-la-ferme-a-lecole-canada\/congres-national-de-la-ferme-a-lecole\/"]}]},{"@type":"ImageObject","inLanguage":"fr-FR","@id":"https:\/\/www.farmtocafeteriacanada.ca\/fr\/demarrer\/de-la-ferme-a-lecole-canada\/congres-national-de-la-ferme-a-lecole\/#primaryimage","url":"http:\/\/www.farmtocafeteriacanada.ca\/wp-content\/uploads\/conference_2019_slider3_fr.jpg","contentUrl":"http:\/\/www.farmtocafeteriacanada.ca\/wp-content\/uploads\/conference_2019_slider3_fr.jpg"},{"@type":"BreadcrumbList","@id":"https:\/\/www.farmtocafeteriacanada.ca\/fr\/demarrer\/de-la-ferme-a-lecole-canada\/congres-national-de-la-ferme-a-lecole\/#breadcrumb","itemListElement":[{"@type":"ListItem","position":1,"name":"Home","item":"https:\/\/www.farmtocafeteriacanada.ca\/fr\/accueil\/"},{"@type":"ListItem","position":2,"name":"D\u00e9marrer","item":"https:\/\/www.farmtocafeteriacanada.ca\/fr\/demarrer\/"},{"@type":"ListItem","position":3,"name":"De la ferme \u00e0 l&#8217;\u00e9cole","item":"https:\/\/www.farmtocafeteriacanada.ca\/fr\/demarrer\/de-la-ferme-a-lecole-canada\/"},{"@type":"ListItem","position":4,"name":"Congr\u00e8s national De la ferme \u00e0 l\u2019\u00e9cole"}]},{"@type":"WebSite","@id":"https:\/\/www.farmtocafeteriacanada.ca\/#website","url":"https:\/\/www.farmtocafeteriacanada.ca\/","name":"Farm to Cafeteria Canada","description":"","publisher":{"@id":"https:\/\/www.farmtocafeteriacanada.ca\/#organization"},"potentialAction":[{"@type":"SearchAction","target":{"@type":"EntryPoint","urlTemplate":"https:\/\/www.farmtocafeteriacanada.ca\/?s={search_term_string}"},"query-input":{"@type":"PropertyValueSpecification","valueRequired":true,"valueName":"search_term_string"}}],"inLanguage":"fr-FR"},{"@type":"Organization","@id":"https:\/\/www.farmtocafeteriacanada.ca\/#organization","name":"Farm to Cafeteria Canada","url":"https:\/\/www.farmtocafeteriacanada.ca\/","logo":{"@type":"ImageObject","inLanguage":"fr-FR","@id":"https:\/\/www.farmtocafeteriacanada.ca\/#\/schema\/logo\/image\/","url":"http:\/\/www.farmtocafeteriacanada.ca\/wp-content\/uploads\/2015\/03\/f2cc_logo_en2.png","contentUrl":"http:\/\/www.farmtocafeteriacanada.ca\/wp-content\/uploads\/2015\/03\/f2cc_logo_en2.png","width":3000,"height":476,"caption":"Farm to Cafeteria Canada"},"image":{"@id":"https:\/\/www.farmtocafeteriacanada.ca\/#\/schema\/logo\/image\/"},"sameAs":["https:\/\/www.facebook.com\/groups\/FarmtocafeteriaCanada\/","https:\/\/x.com\/Farm2Cafeteria","https:\/\/www.youtube.com\/channel\/UCQjcYiICtAygShD3IwNsewQ"]}]}},"_links":{"self":[{"href":"https:\/\/www.farmtocafeteriacanada.ca\/fr\/wp-json\/wp\/v2\/pages\/13892","targetHints":{"allow":["GET"]}}],"collection":[{"href":"https:\/\/www.farmtocafeteriacanada.ca\/fr\/wp-json\/wp\/v2\/pages"}],"about":[{"href":"https:\/\/www.farmtocafeteriacanada.ca\/fr\/wp-json\/wp\/v2\/types\/page"}],"author":[{"embeddable":true,"href":"https:\/\/www.farmtocafeteriacanada.ca\/fr\/wp-json\/wp\/v2\/users\/3"}],"replies":[{"embeddable":true,"href":"https:\/\/www.farmtocafeteriacanada.ca\/fr\/wp-json\/wp\/v2\/comments?post=13892"}],"version-history":[{"count":5,"href":"https:\/\/www.farmtocafeteriacanada.ca\/fr\/wp-json\/wp\/v2\/pages\/13892\/revisions"}],"predecessor-version":[{"id":16292,"href":"https:\/\/www.farmtocafeteriacanada.ca\/fr\/wp-json\/wp\/v2\/pages\/13892\/revisions\/16292"}],"up":[{"embeddable":true,"href":"https:\/\/www.farmtocafeteriacanada.ca\/fr\/wp-json\/wp\/v2\/pages\/16171"}],"wp:attachment":[{"href":"https:\/\/www.farmtocafeteriacanada.ca\/fr\/wp-json\/wp\/v2\/media?parent=13892"}],"curies":[{"name":"wp","href":"https:\/\/api.w.org\/{rel}","templated":true}]}}