
{"id":10987,"date":"2017-08-21T16:17:44","date_gmt":"2017-08-21T21:17:44","guid":{"rendered":"http:\/\/www.farmtocafeteriacanada.ca\/?page_id=10987\/"},"modified":"2017-12-04T22:06:37","modified_gmt":"2017-12-05T04:06:37","slug":"nourrir-lavenir-de-nos-ecoles","status":"publish","type":"page","link":"https:\/\/www.farmtocafeteriacanada.ca\/fr\/demarrer\/de-la-ferme-a-lecole-canada\/nourrir-lavenir-de-nos-ecoles\/","title":{"rendered":"Nourrir l\u2019avenir de nos \u00e9coles"},"content":{"rendered":"<figure id=\"attachment_9664\" aria-describedby=\"caption-attachment-9664\" style=\"width: 464px\" class=\"wp-caption alignright\"><img loading=\"lazy\" decoding=\"async\" class=\"wp-image-9665\" src=\"http:\/\/www.farmtocafeteriacanada.ca\/wp-content\/uploads\/2017\/04\/celebrating_impact_nsc.jpg\" alt=\"Celebrating the impact of Nourishing School Communities\" width=\"464\" height=\"348\" srcset=\"https:\/\/www.farmtocafeteriacanada.ca\/wp-content\/uploads\/2017\/04\/celebrating_impact_nsc.jpg 910w, https:\/\/www.farmtocafeteriacanada.ca\/wp-content\/uploads\/2017\/04\/celebrating_impact_nsc-300x225.jpg 300w, https:\/\/www.farmtocafeteriacanada.ca\/wp-content\/uploads\/2017\/04\/celebrating_impact_nsc-768x576.jpg 768w\" sizes=\"auto, (max-width: 464px) 100vw, 464px\" \/><figcaption id=\"caption-attachment-9664\" class=\"wp-caption-text\"><em>\u00c9l\u00e8ves du groupe Pub destin\u00e9e aux enfants (#M2KPA ) de Prince Albert (Sask.)<\/em><\/figcaption><\/figure>\n<p><img loading=\"lazy\" decoding=\"async\" class=\" wp-image-3671 alignleft\" src=\"http:\/\/www.farmtocafeteriacanada.ca\/wp-content\/uploads\/2014\/07\/nsc_logo_fr_4c-e1503351772930-300x161.jpg\" alt=\"Nourrir l'avenir de nos \u00e9coles\" width=\"160\" height=\"86\" srcset=\"https:\/\/www.farmtocafeteriacanada.ca\/wp-content\/uploads\/2014\/07\/nsc_logo_fr_4c-e1503351772930-300x161.jpg 300w, https:\/\/www.farmtocafeteriacanada.ca\/wp-content\/uploads\/2014\/07\/nsc_logo_fr_4c-e1503351772930.jpg 353w\" sizes=\"auto, (max-width: 160px) 100vw, 160px\" \/><strong>Nourrir l\u2019avenir de nos \u00e9coles\u00a0<\/strong><span class=\"s1\">a rassembl\u00e9 des partenaires des quatre coins du pays qui souhaitaient concr\u00e9tiser une vision : faire en sorte que les aliments sains et locaux soient plus pr\u00e9sents dans l\u2019esprit et dans l\u2019assiette des \u00e9l\u00e8ves. L\u2019objectif de cette initiative<span class=\"Apple-converted-space\">\u00a0 <\/span>fond\u00e9e sur des donn\u00e9es probantes \u00e9tait plus pr\u00e9cis\u00e9ment de mettre en oeuvre et d\u2019\u00e9valuer des pratiques exemplaires et de leur donner une plus grande port\u00e9e en aidant les \u00e9coles \u00e0 cr\u00e9er des environnements alimentaires sains. Gr\u00e2ce \u00e0 trois ans de financement par le gouvernement f\u00e9d\u00e9ral dans le cadre du programme COALITION (Connaissances et action li\u00e9es pour une meilleure pr\u00e9vention) du Partenariat canadien contre le cancer, Nourrir l\u2019avenir de nos \u00e9coles a vers\u00e9 2,4 millions de dollars \u00e0 diff\u00e9rents programmes du pays.<\/span><\/p>\n<p class=\"p1\"><span class=\"s1\">En collaboration avec de nombreux partenaires provinciaux et r\u00e9gionaux, sept partenaires nationaux ont dirig\u00e9 les travaux, notamment : La Fondation des maladies du c\u0153ur et de l\u2019AVC du Canada, De la ferme \u00e0 la caf\u00e9t\u00e9ria Canada, YMCA Canada, la F\u00e9d\u00e9ration des nations autochtones souveraines, The Lunch Lady Group inc., l\u2019Universit\u00e9 du Nouveau-Brunswick et le Propel Centre for Population Health Impact.<\/span><\/p>\n<p class=\"p1\"><span class=\"s1\"><b>Notre d\u00e9marche<\/b><\/span><\/p>\n<ul>\n<li class=\"p1\"><span class=\"s1\"><b>Dialoguer <\/b>avec les \u00e9coles, les collectivit\u00e9s autochtones, les fournisseurs de repas scolaires, les producteurs, les services parascolaires et les partenaires communautaires<\/span><\/li>\n<li class=\"p1\"><span class=\"s1\"><span class=\"s1\"><b>Renforcer\u00a0<\/b><\/span><\/span>la capacit\u00e9 \u00e0 fournir des aliments sains cultiv\u00e9s dans la r\u00e9gion selon des principes de durabilit\u00e9<\/li>\n<li class=\"p1\"><span class=\"s1\"><span class=\"s1\"><b>Am\u00e9liorer les comp\u00e9tences\u00a0<\/b><\/span><\/span>les comp\u00e9tences et le niveau de connaissances en ce qui concerne les aliments sains produits localement.<\/li>\n<li class=\"p1\"><span class=\"s1\"><span class=\"s1\"><b>Rassembler\u00a0<\/b><\/span><\/span>des donn\u00e9es probantes pour la formation continue par la mise en commun d\u2019id\u00e9es, la diffusion d\u2019enseignements et le transfert des connaissances, afin d\u2019implanter des programmes, des politiques et des travaux de recherche en mati\u00e8re d\u2019alimentation scolaire dans d\u2019autres collectivit\u00e9s.<\/li>\n<li class=\"p1\"><b>Optimiser <\/b>les partenariats avec des intervenants des secteurs public et priv\u00e9 afin d\u2019encourager la collaboration et la p\u00e9rennit\u00e9<\/li>\n<\/ul>\n<p><b>Quel a \u00e9t\u00e9 l&#8217;impact?<\/b><\/p>\n<p><img loading=\"lazy\" decoding=\"async\" class=\"alignright wp-image-10949 size-full\" src=\"http:\/\/www.farmtocafeteriacanada.ca\/wp-content\/uploads\/2017\/04\/nsc_graphic1-e1503342715326.jpg\" alt=\"Nourishing School Communities: Impact Report 2013-2017\" width=\"274\" height=\"184\" \/><\/p>\n<p class=\"p1\"><span class=\"s1\">Nourrir l\u2019avenir de nos \u00e9coles a apport\u00e9 des changements radicaux \u00e0 l\u2019environnement alimentaire des \u00e9coles et du milieu parascolaire gr\u00e2ce \u00e0 divers programmes au cours d\u2019une p\u00e9riode de trois ans. Chaque programme a impliqu\u00e9 plusieurs partenaires pour concr\u00e9tiser une vision commune en ayant recours \u00e0 des approches compl\u00e9mentaires et des moyens uniques. Ces partenariats ont aussi facilit\u00e9 les communications et les \u00e9changes entre les programmes et les r\u00e9seaux d\u2019alimentation scolaire d\u00e9j\u00e0 \u00e9tablis. Collectivement, cette initiative a soutenu des changements de politiques et de pratiques qui visent \u00e0 am\u00e9liorer l\u2019acc\u00e8s \u00e0 des aliments sains cultiv\u00e9s localement et \u00e0 rendre leur consommation attrayante.<\/span><\/p>\n<p class=\"p1\"><span class=\"s1\"><a href=\"http:\/\/www.farmtocafeteriacanada.ca\/wp-content\/uploads\/2017\/10\/NSC_Report-2017_FR_online.pdf\"><img loading=\"lazy\" decoding=\"async\" class=\"alignleft wp-image-10942\" src=\"http:\/\/www.farmtocafeteriacanada.ca\/wp-content\/uploads\/2017\/04\/NSC_Report-2017_EN_cover-245x300.jpg\" alt=\"Nourishing School Communities: Impact Report 2013-2017\" width=\"116\" height=\"142\" srcset=\"https:\/\/www.farmtocafeteriacanada.ca\/wp-content\/uploads\/2017\/04\/NSC_Report-2017_EN_cover-245x300.jpg 245w, https:\/\/www.farmtocafeteriacanada.ca\/wp-content\/uploads\/2017\/04\/NSC_Report-2017_EN_cover.jpg 294w\" sizes=\"auto, (max-width: 116px) 100vw, 116px\" \/><\/a><\/span><\/p>\n<p class=\"p1\"><span class=\"s1\">Pour en savoir plus, consultez<\/span><\/p>\n<p class=\"p1\"><strong><span class=\"s1\"><a href=\"http:\/\/www.farmtocafeteriacanada.ca\/wp-content\/uploads\/2017\/10\/NSC_Report-2017_FR_online.pdf\">Nourrir l\u2019avenir de nos \u00e9coles : Rapport d\u2019impact 2013-2016 <\/a><\/span><\/strong><\/p>\n<p>&nbsp;<\/p>\n<p>&nbsp;<\/p>\n<p class=\"p6\"><span class=\"s1\">\u00a0<\/span><\/p>\n<h5 class=\"p1\"><span class=\"s1\"><b>Orientations futures<\/b><\/span><\/h5>\n<p class=\"p1\"><span class=\"s1\">Nourrir l\u2019avenir de nos \u00e9coles a r\u00e9ussi \u00e0 cr\u00e9er des milieux dans lesquels l\u2019alimentation saine et locale a \u00e9t\u00e9 c\u00e9l\u00e9br\u00e9e, encourag\u00e9e et mise en valeur.<\/span><\/p>\n<blockquote>\n<p class=\"p1\"><span class=\"s1\"><i>\u00ab L\u2019initiative aura des effets que nous ne r\u00e9alisons pas encore. En effet, nous avons \u00e9t\u00e9 en mesure de rassembler les gens et de les aider \u00e0 am\u00e9liorer l\u2019alimentation scolaire et la nutrition en milieu scolaire dans l\u2019int\u00e9r\u00eat des \u00e9l\u00e8ves de notre pays. \u00bb<\/i><\/span><\/p>\n<\/blockquote>\n<p class=\"p1\"><span class=\"s1\">Partout au pays, des milliers d\u2019intervenants soutiennent les nouveaux menus am\u00e9lior\u00e9s dans les \u00e9coles, et nous sommes fiers de constater que les partenaires de Nourrir l\u2019avenir de nos \u00e9coles jouent un r\u00f4le de catalyseur \u00e0 l\u2019\u00e9gard des initiatives futures.<\/span><\/p>\n<p class=\"p1\"><span class=\"s1\">Au-del\u00e0 de la p\u00e9riode de trois ans, plusieurs effets importants seront durables, et continueront de gagner en importance :<\/span><\/p>\n<ul>\n<li class=\"p1\">\n<figure id=\"attachment_9675\" aria-describedby=\"caption-attachment-9675\" style=\"width: 300px\" class=\"wp-caption alignright\"><img loading=\"lazy\" decoding=\"async\" class=\"wp-image-9675 size-medium\" src=\"http:\/\/www.farmtocafeteriacanada.ca\/wp-content\/uploads\/2017\/04\/Photo-2-NSC-partners-300x199.jpg\" alt=\"\" width=\"300\" height=\"199\" srcset=\"https:\/\/www.farmtocafeteriacanada.ca\/wp-content\/uploads\/2017\/04\/Photo-2-NSC-partners-300x199.jpg 300w, https:\/\/www.farmtocafeteriacanada.ca\/wp-content\/uploads\/2017\/04\/Photo-2-NSC-partners.jpg 576w\" sizes=\"auto, (max-width: 300px) 100vw, 300px\" \/><figcaption id=\"caption-attachment-9675\" class=\"wp-caption-text\"><em> Partenaires pour l\u2019initative Nourrir l\u2019avenir de nos \u00e9coles <\/em><\/figcaption><\/figure>\n<p class=\"p1\"><span class=\"s1\">Les partenariats qui ont \u00e9t\u00e9 cr\u00e9\u00e9s vont continuer \u00e0 se renforcer;<\/span><\/p>\n<\/li>\n<li class=\"p1\">\n<p class=\"p1\"><span class=\"s1\">Les effets durables des environnements alimentaires locaux, sains et r\u00e9pondant aux besoins vont continuer de se faire sentir et vont se manifester sous forme de r\u00e9sultats en mati\u00e8re de politiques et de pratiques;<\/span><\/p>\n<\/li>\n<li class=\"p1\">\n<p class=\"p1\"><span class=\"s1\">Les \u00e9l\u00e9ments d\u2019infrastructure comme le mat\u00e9riel de jardinage, les serres, les bars \u00e0 salades r\u00e9frig\u00e9r\u00e9s, les lave-vaisselle et les cong\u00e9lateurs resteront en place;<\/span><\/p>\n<\/li>\n<li class=\"p1\"><span class=\"s1\">Les utilisateurs continueront d\u2019avoir acc\u00e8s \u00e0 de nombreuses ressources et \u00e0 de nombreux outils, comme\u00a0: <\/span>\n<ul>\n<li class=\"p1\"><span class=\"s1\"><a href=\"https:\/\/vimeo.com\/164774819\"><b>vid\u00e9o Local Foods to School<\/b><\/a><\/span><\/li>\n<li class=\"p1\"><a href=\"\/?page_id=3612\"><span class=\"s1\"><b>Cadre d\u2019intervention pour une alimentation saine de YMCA<\/b><\/span><\/a><\/li>\n<li class=\"p1\"><span class=\"s1\"><b><a href=\"https:\/\/www.farmtocafeteriacanada.ca\/fr\/notre-impact\/carte-de-alimentation-scolaire-au-canada\/\">Carte canadienne des initiatives d\u2019alimentation scolaire<\/a><\/b><\/span><\/li>\n<li class=\"p1\"><a href=\"https:\/\/www.farmtocafeteriacanada.ca\/fr\/2017\/12\/de-la-ferme-a-la-cafeteria-canada-est-fier-de-piloter-le-mouvement-national-de-la-ferme-a-lecole\/\"><span class=\"s1\"><b>De la ferme \u00e0 l\u2019\u00e9cole : Le Canada, une terre fertile<\/b><\/span><\/a><\/li>\n<\/ul>\n<\/li>\n<li class=\"p1\">\n<p class=\"p1\"><span class=\"s1\">Les le\u00e7ons apprises \u00e0 l\u2019issue de notre \u00e9valuation resteront valides, notamment l\u2019importance de travailler avec des partenaires locaux pour adapter les m\u00e9thodes d\u2019\u00e9valuations existantes et recueillir les meilleures donn\u00e9es possible pour appuyer l\u2019apprentissage continu et la durabilit\u00e9;<\/span><\/p>\n<\/li>\n<li class=\"p1\"><span class=\"s1\"><span class=\"s1\">Coeur + AVC, en collaboration avec la Childhood Obesity Foundation, a fond\u00e9 la\u00a0<\/span><\/span><span class=\"s1\"><span class=\"s1\"><a href=\"http:\/\/stopmarketingtokids.ca\/fr\/\"><b>Coalition Arr\u00eatons la pub destin\u00e9e aux enfants (CAPE) <\/b><\/a>dans le but d\u2019interdire la publicit\u00e9\u00a0<\/span><\/span>sur la nourriture et les boissons qui cible les enfants et les jeunes de 16 ans et moins;<\/li>\n<\/ul>\n<ul>\n<li class=\"p1\"><span class=\"s1\"><span class=\"s1\">La Lunch Lady Foundation a officiellement vu le jour en mars 2017. La fondation offre actuellement un soutien op\u00e9rationnel \u00e0 titre consultatif au Meal Box Program de Toronto.<\/span><\/span><\/li>\n<\/ul>\n<ul>\n<li class=\"p1\">Learning Circle : le programme Local Foods to School sera mis en oeuvre dans quatre collectivit\u00e9s autochtones gr\u00e2ce \u00e0 un projet de trois ans financ\u00e9 par les Instituts de recherche en sant\u00e9 du Canada (IRSC) dans le cadre de son initiative Voies de l\u2019\u00e9quit\u00e9 en sant\u00e9 pour les Autochtones.<\/li>\n<\/ul>\n<p><img loading=\"lazy\" decoding=\"async\" class=\"aligncenter wp-image-11012 \" src=\"http:\/\/www.farmtocafeteriacanada.ca\/wp-content\/uploads\/2017\/08\/NSC_partnerlogos_fr_rgb-1024x441.jpg\" alt=\"\" width=\"596\" height=\"257\" srcset=\"https:\/\/www.farmtocafeteriacanada.ca\/wp-content\/uploads\/2017\/08\/NSC_partnerlogos_fr_rgb-1024x441.jpg 1024w, https:\/\/www.farmtocafeteriacanada.ca\/wp-content\/uploads\/2017\/08\/NSC_partnerlogos_fr_rgb-300x129.jpg 300w, https:\/\/www.farmtocafeteriacanada.ca\/wp-content\/uploads\/2017\/08\/NSC_partnerlogos_fr_rgb-768x331.jpg 768w, https:\/\/www.farmtocafeteriacanada.ca\/wp-content\/uploads\/2017\/08\/NSC_partnerlogos_fr_rgb.jpg 1636w\" sizes=\"auto, (max-width: 596px) 100vw, 596px\" \/><\/p>\n","protected":false},"excerpt":{"rendered":"<p>Nourrir l\u2019avenir de nos \u00e9coles\u00a0a rassembl\u00e9 des partenaires des quatre coins du pays qui souhaitaient concr\u00e9tiser une vision : faire en sorte que les aliments sains et locaux soient plus pr\u00e9sents dans l\u2019esprit et dans l\u2019assiette des \u00e9l\u00e8ves. L\u2019objectif de cette initiative\u00a0 fond\u00e9e sur des donn\u00e9es probantes \u00e9tait plus pr\u00e9cis\u00e9ment de mettre en oeuvre et [&hellip;]<\/p>\n","protected":false},"author":3,"featured_media":9665,"parent":16171,"menu_order":6,"comment_status":"closed","ping_status":"closed","template":"","meta":{"_acf_changed":false,"_exactmetrics_skip_tracking":false,"_exactmetrics_sitenote_active":false,"_exactmetrics_sitenote_note":"","_exactmetrics_sitenote_category":0,"footnotes":""},"class_list":["post-10987","page","type-page","status-publish","has-post-thumbnail","hentry"],"acf":[],"yoast_head":"<!-- This site is optimized with the Yoast SEO plugin v26.7 - https:\/\/yoast.com\/wordpress\/plugins\/seo\/ -->\n<title>Nourrir l\u2019avenir de nos \u00e9coles - Farm to Cafeteria Canada<\/title>\n<meta name=\"robots\" content=\"index, follow, max-snippet:-1, max-image-preview:large, max-video-preview:-1\" \/>\n<link rel=\"canonical\" href=\"https:\/\/www.farmtocafeteriacanada.ca\/fr\/demarrer\/de-la-ferme-a-lecole-canada\/nourrir-lavenir-de-nos-ecoles\/\" \/>\n<meta property=\"og:locale\" content=\"fr_FR\" \/>\n<meta property=\"og:type\" content=\"article\" \/>\n<meta property=\"og:title\" content=\"Nourrir l\u2019avenir de nos \u00e9coles - Farm to Cafeteria Canada\" \/>\n<meta property=\"og:description\" content=\"Nourrir l\u2019avenir de nos \u00e9coles\u00a0a rassembl\u00e9 des partenaires des quatre coins du pays qui souhaitaient concr\u00e9tiser une vision : faire en sorte que les aliments sains et locaux soient plus pr\u00e9sents dans l\u2019esprit et dans l\u2019assiette des \u00e9l\u00e8ves. L\u2019objectif de cette initiative\u00a0 fond\u00e9e sur des donn\u00e9es probantes \u00e9tait plus pr\u00e9cis\u00e9ment de mettre en oeuvre et [&hellip;]\" \/>\n<meta property=\"og:url\" content=\"https:\/\/www.farmtocafeteriacanada.ca\/fr\/demarrer\/de-la-ferme-a-lecole-canada\/nourrir-lavenir-de-nos-ecoles\/\" \/>\n<meta property=\"og:site_name\" content=\"Farm to Cafeteria Canada\" \/>\n<meta property=\"article:publisher\" content=\"https:\/\/www.facebook.com\/groups\/FarmtocafeteriaCanada\/\" \/>\n<meta property=\"article:modified_time\" content=\"2017-12-05T04:06:37+00:00\" \/>\n<meta property=\"og:image\" content=\"https:\/\/www.farmtocafeteriacanada.ca\/wp-content\/uploads\/2017\/04\/celebrating_impact_nsc.jpg\" \/>\n\t<meta property=\"og:image:width\" content=\"910\" \/>\n\t<meta property=\"og:image:height\" content=\"682\" \/>\n\t<meta property=\"og:image:type\" content=\"image\/jpeg\" \/>\n<meta name=\"twitter:card\" content=\"summary_large_image\" \/>\n<meta name=\"twitter:site\" content=\"@Farm2Cafeteria\" \/>\n<meta name=\"twitter:label1\" content=\"Dur\u00e9e de lecture estim\u00e9e\" \/>\n\t<meta name=\"twitter:data1\" content=\"5 minutes\" \/>\n<script type=\"application\/ld+json\" class=\"yoast-schema-graph\">{\"@context\":\"https:\/\/schema.org\",\"@graph\":[{\"@type\":\"WebPage\",\"@id\":\"https:\/\/www.farmtocafeteriacanada.ca\/fr\/demarrer\/de-la-ferme-a-lecole-canada\/nourrir-lavenir-de-nos-ecoles\/\",\"url\":\"https:\/\/www.farmtocafeteriacanada.ca\/fr\/demarrer\/de-la-ferme-a-lecole-canada\/nourrir-lavenir-de-nos-ecoles\/\",\"name\":\"Nourrir l\u2019avenir de nos \u00e9coles - Farm to Cafeteria Canada\",\"isPartOf\":{\"@id\":\"https:\/\/www.farmtocafeteriacanada.ca\/#website\"},\"primaryImageOfPage\":{\"@id\":\"https:\/\/www.farmtocafeteriacanada.ca\/fr\/demarrer\/de-la-ferme-a-lecole-canada\/nourrir-lavenir-de-nos-ecoles\/#primaryimage\"},\"image\":{\"@id\":\"https:\/\/www.farmtocafeteriacanada.ca\/fr\/demarrer\/de-la-ferme-a-lecole-canada\/nourrir-lavenir-de-nos-ecoles\/#primaryimage\"},\"thumbnailUrl\":\"https:\/\/www.farmtocafeteriacanada.ca\/wp-content\/uploads\/2017\/04\/celebrating_impact_nsc.jpg\",\"datePublished\":\"2017-08-21T21:17:44+00:00\",\"dateModified\":\"2017-12-05T04:06:37+00:00\",\"breadcrumb\":{\"@id\":\"https:\/\/www.farmtocafeteriacanada.ca\/fr\/demarrer\/de-la-ferme-a-lecole-canada\/nourrir-lavenir-de-nos-ecoles\/#breadcrumb\"},\"inLanguage\":\"fr-FR\",\"potentialAction\":[{\"@type\":\"ReadAction\",\"target\":[\"https:\/\/www.farmtocafeteriacanada.ca\/fr\/demarrer\/de-la-ferme-a-lecole-canada\/nourrir-lavenir-de-nos-ecoles\/\"]}]},{\"@type\":\"ImageObject\",\"inLanguage\":\"fr-FR\",\"@id\":\"https:\/\/www.farmtocafeteriacanada.ca\/fr\/demarrer\/de-la-ferme-a-lecole-canada\/nourrir-lavenir-de-nos-ecoles\/#primaryimage\",\"url\":\"https:\/\/www.farmtocafeteriacanada.ca\/wp-content\/uploads\/2017\/04\/celebrating_impact_nsc.jpg\",\"contentUrl\":\"https:\/\/www.farmtocafeteriacanada.ca\/wp-content\/uploads\/2017\/04\/celebrating_impact_nsc.jpg\",\"width\":910,\"height\":682},{\"@type\":\"BreadcrumbList\",\"@id\":\"https:\/\/www.farmtocafeteriacanada.ca\/fr\/demarrer\/de-la-ferme-a-lecole-canada\/nourrir-lavenir-de-nos-ecoles\/#breadcrumb\",\"itemListElement\":[{\"@type\":\"ListItem\",\"position\":1,\"name\":\"Home\",\"item\":\"https:\/\/www.farmtocafeteriacanada.ca\/fr\/accueil\/\"},{\"@type\":\"ListItem\",\"position\":2,\"name\":\"D\u00e9marrer\",\"item\":\"https:\/\/www.farmtocafeteriacanada.ca\/fr\/demarrer\/\"},{\"@type\":\"ListItem\",\"position\":3,\"name\":\"De la ferme \u00e0 l&#8217;\u00e9cole\",\"item\":\"https:\/\/www.farmtocafeteriacanada.ca\/fr\/demarrer\/de-la-ferme-a-lecole-canada\/\"},{\"@type\":\"ListItem\",\"position\":4,\"name\":\"Nourrir l\u2019avenir de nos \u00e9coles\"}]},{\"@type\":\"WebSite\",\"@id\":\"https:\/\/www.farmtocafeteriacanada.ca\/#website\",\"url\":\"https:\/\/www.farmtocafeteriacanada.ca\/\",\"name\":\"Farm to Cafeteria Canada\",\"description\":\"\",\"publisher\":{\"@id\":\"https:\/\/www.farmtocafeteriacanada.ca\/#organization\"},\"potentialAction\":[{\"@type\":\"SearchAction\",\"target\":{\"@type\":\"EntryPoint\",\"urlTemplate\":\"https:\/\/www.farmtocafeteriacanada.ca\/?s={search_term_string}\"},\"query-input\":{\"@type\":\"PropertyValueSpecification\",\"valueRequired\":true,\"valueName\":\"search_term_string\"}}],\"inLanguage\":\"fr-FR\"},{\"@type\":\"Organization\",\"@id\":\"https:\/\/www.farmtocafeteriacanada.ca\/#organization\",\"name\":\"Farm to Cafeteria Canada\",\"url\":\"https:\/\/www.farmtocafeteriacanada.ca\/\",\"logo\":{\"@type\":\"ImageObject\",\"inLanguage\":\"fr-FR\",\"@id\":\"https:\/\/www.farmtocafeteriacanada.ca\/#\/schema\/logo\/image\/\",\"url\":\"http:\/\/www.farmtocafeteriacanada.ca\/wp-content\/uploads\/2015\/03\/f2cc_logo_en2.png\",\"contentUrl\":\"http:\/\/www.farmtocafeteriacanada.ca\/wp-content\/uploads\/2015\/03\/f2cc_logo_en2.png\",\"width\":3000,\"height\":476,\"caption\":\"Farm to Cafeteria Canada\"},\"image\":{\"@id\":\"https:\/\/www.farmtocafeteriacanada.ca\/#\/schema\/logo\/image\/\"},\"sameAs\":[\"https:\/\/www.facebook.com\/groups\/FarmtocafeteriaCanada\/\",\"https:\/\/x.com\/Farm2Cafeteria\",\"https:\/\/www.youtube.com\/channel\/UCQjcYiICtAygShD3IwNsewQ\"]}]}<\/script>\n<!-- \/ Yoast SEO plugin. -->","yoast_head_json":{"title":"Nourrir l\u2019avenir de nos \u00e9coles - Farm to Cafeteria Canada","robots":{"index":"index","follow":"follow","max-snippet":"max-snippet:-1","max-image-preview":"max-image-preview:large","max-video-preview":"max-video-preview:-1"},"canonical":"https:\/\/www.farmtocafeteriacanada.ca\/fr\/demarrer\/de-la-ferme-a-lecole-canada\/nourrir-lavenir-de-nos-ecoles\/","og_locale":"fr_FR","og_type":"article","og_title":"Nourrir l\u2019avenir de nos \u00e9coles - Farm to Cafeteria Canada","og_description":"Nourrir l\u2019avenir de nos \u00e9coles\u00a0a rassembl\u00e9 des partenaires des quatre coins du pays qui souhaitaient concr\u00e9tiser une vision : faire en sorte que les aliments sains et locaux soient plus pr\u00e9sents dans l\u2019esprit et dans l\u2019assiette des \u00e9l\u00e8ves. L\u2019objectif de cette initiative\u00a0 fond\u00e9e sur des donn\u00e9es probantes \u00e9tait plus pr\u00e9cis\u00e9ment de mettre en oeuvre et [&hellip;]","og_url":"https:\/\/www.farmtocafeteriacanada.ca\/fr\/demarrer\/de-la-ferme-a-lecole-canada\/nourrir-lavenir-de-nos-ecoles\/","og_site_name":"Farm to Cafeteria Canada","article_publisher":"https:\/\/www.facebook.com\/groups\/FarmtocafeteriaCanada\/","article_modified_time":"2017-12-05T04:06:37+00:00","og_image":[{"width":910,"height":682,"url":"https:\/\/www.farmtocafeteriacanada.ca\/wp-content\/uploads\/2017\/04\/celebrating_impact_nsc.jpg","type":"image\/jpeg"}],"twitter_card":"summary_large_image","twitter_site":"@Farm2Cafeteria","twitter_misc":{"Dur\u00e9e de lecture estim\u00e9e":"5 minutes"},"schema":{"@context":"https:\/\/schema.org","@graph":[{"@type":"WebPage","@id":"https:\/\/www.farmtocafeteriacanada.ca\/fr\/demarrer\/de-la-ferme-a-lecole-canada\/nourrir-lavenir-de-nos-ecoles\/","url":"https:\/\/www.farmtocafeteriacanada.ca\/fr\/demarrer\/de-la-ferme-a-lecole-canada\/nourrir-lavenir-de-nos-ecoles\/","name":"Nourrir l\u2019avenir de nos \u00e9coles - Farm to Cafeteria Canada","isPartOf":{"@id":"https:\/\/www.farmtocafeteriacanada.ca\/#website"},"primaryImageOfPage":{"@id":"https:\/\/www.farmtocafeteriacanada.ca\/fr\/demarrer\/de-la-ferme-a-lecole-canada\/nourrir-lavenir-de-nos-ecoles\/#primaryimage"},"image":{"@id":"https:\/\/www.farmtocafeteriacanada.ca\/fr\/demarrer\/de-la-ferme-a-lecole-canada\/nourrir-lavenir-de-nos-ecoles\/#primaryimage"},"thumbnailUrl":"https:\/\/www.farmtocafeteriacanada.ca\/wp-content\/uploads\/2017\/04\/celebrating_impact_nsc.jpg","datePublished":"2017-08-21T21:17:44+00:00","dateModified":"2017-12-05T04:06:37+00:00","breadcrumb":{"@id":"https:\/\/www.farmtocafeteriacanada.ca\/fr\/demarrer\/de-la-ferme-a-lecole-canada\/nourrir-lavenir-de-nos-ecoles\/#breadcrumb"},"inLanguage":"fr-FR","potentialAction":[{"@type":"ReadAction","target":["https:\/\/www.farmtocafeteriacanada.ca\/fr\/demarrer\/de-la-ferme-a-lecole-canada\/nourrir-lavenir-de-nos-ecoles\/"]}]},{"@type":"ImageObject","inLanguage":"fr-FR","@id":"https:\/\/www.farmtocafeteriacanada.ca\/fr\/demarrer\/de-la-ferme-a-lecole-canada\/nourrir-lavenir-de-nos-ecoles\/#primaryimage","url":"https:\/\/www.farmtocafeteriacanada.ca\/wp-content\/uploads\/2017\/04\/celebrating_impact_nsc.jpg","contentUrl":"https:\/\/www.farmtocafeteriacanada.ca\/wp-content\/uploads\/2017\/04\/celebrating_impact_nsc.jpg","width":910,"height":682},{"@type":"BreadcrumbList","@id":"https:\/\/www.farmtocafeteriacanada.ca\/fr\/demarrer\/de-la-ferme-a-lecole-canada\/nourrir-lavenir-de-nos-ecoles\/#breadcrumb","itemListElement":[{"@type":"ListItem","position":1,"name":"Home","item":"https:\/\/www.farmtocafeteriacanada.ca\/fr\/accueil\/"},{"@type":"ListItem","position":2,"name":"D\u00e9marrer","item":"https:\/\/www.farmtocafeteriacanada.ca\/fr\/demarrer\/"},{"@type":"ListItem","position":3,"name":"De la ferme \u00e0 l&#8217;\u00e9cole","item":"https:\/\/www.farmtocafeteriacanada.ca\/fr\/demarrer\/de-la-ferme-a-lecole-canada\/"},{"@type":"ListItem","position":4,"name":"Nourrir l\u2019avenir de nos \u00e9coles"}]},{"@type":"WebSite","@id":"https:\/\/www.farmtocafeteriacanada.ca\/#website","url":"https:\/\/www.farmtocafeteriacanada.ca\/","name":"Farm to Cafeteria Canada","description":"","publisher":{"@id":"https:\/\/www.farmtocafeteriacanada.ca\/#organization"},"potentialAction":[{"@type":"SearchAction","target":{"@type":"EntryPoint","urlTemplate":"https:\/\/www.farmtocafeteriacanada.ca\/?s={search_term_string}"},"query-input":{"@type":"PropertyValueSpecification","valueRequired":true,"valueName":"search_term_string"}}],"inLanguage":"fr-FR"},{"@type":"Organization","@id":"https:\/\/www.farmtocafeteriacanada.ca\/#organization","name":"Farm to Cafeteria Canada","url":"https:\/\/www.farmtocafeteriacanada.ca\/","logo":{"@type":"ImageObject","inLanguage":"fr-FR","@id":"https:\/\/www.farmtocafeteriacanada.ca\/#\/schema\/logo\/image\/","url":"http:\/\/www.farmtocafeteriacanada.ca\/wp-content\/uploads\/2015\/03\/f2cc_logo_en2.png","contentUrl":"http:\/\/www.farmtocafeteriacanada.ca\/wp-content\/uploads\/2015\/03\/f2cc_logo_en2.png","width":3000,"height":476,"caption":"Farm to Cafeteria Canada"},"image":{"@id":"https:\/\/www.farmtocafeteriacanada.ca\/#\/schema\/logo\/image\/"},"sameAs":["https:\/\/www.facebook.com\/groups\/FarmtocafeteriaCanada\/","https:\/\/x.com\/Farm2Cafeteria","https:\/\/www.youtube.com\/channel\/UCQjcYiICtAygShD3IwNsewQ"]}]}},"_links":{"self":[{"href":"https:\/\/www.farmtocafeteriacanada.ca\/fr\/wp-json\/wp\/v2\/pages\/10987","targetHints":{"allow":["GET"]}}],"collection":[{"href":"https:\/\/www.farmtocafeteriacanada.ca\/fr\/wp-json\/wp\/v2\/pages"}],"about":[{"href":"https:\/\/www.farmtocafeteriacanada.ca\/fr\/wp-json\/wp\/v2\/types\/page"}],"author":[{"embeddable":true,"href":"https:\/\/www.farmtocafeteriacanada.ca\/fr\/wp-json\/wp\/v2\/users\/3"}],"replies":[{"embeddable":true,"href":"https:\/\/www.farmtocafeteriacanada.ca\/fr\/wp-json\/wp\/v2\/comments?post=10987"}],"version-history":[{"count":6,"href":"https:\/\/www.farmtocafeteriacanada.ca\/fr\/wp-json\/wp\/v2\/pages\/10987\/revisions"}],"predecessor-version":[{"id":12060,"href":"https:\/\/www.farmtocafeteriacanada.ca\/fr\/wp-json\/wp\/v2\/pages\/10987\/revisions\/12060"}],"up":[{"embeddable":true,"href":"https:\/\/www.farmtocafeteriacanada.ca\/fr\/wp-json\/wp\/v2\/pages\/16171"}],"wp:featuredmedia":[{"embeddable":true,"href":"https:\/\/www.farmtocafeteriacanada.ca\/fr\/wp-json\/wp\/v2\/media\/9665"}],"wp:attachment":[{"href":"https:\/\/www.farmtocafeteriacanada.ca\/fr\/wp-json\/wp\/v2\/media?parent=10987"}],"curies":[{"name":"wp","href":"https:\/\/api.w.org\/{rel}","templated":true}]}}